{"id":80,"date":"2024-08-27T00:28:16","date_gmt":"2024-08-27T00:28:16","guid":{"rendered":"https:\/\/jcendurance.com\/?post_type=product&#038;p=80"},"modified":"2026-03-20T16:14:24","modified_gmt":"2026-03-20T14:14:24","slug":"powerflow-for-ktm-890-adv","status":"publish","type":"product","link":"https:\/\/superflow-racing.com\/es\/producto\/powerflow-for-ktm-890-adv\/","title":{"rendered":"PowerFlow para KTM 890 ADV"},"content":{"rendered":"<p>PowerFlow Euro5 Plus v.2 es un dispositivo que aumenta la cantidad de combustible suministrada al motor en 5% con cada inyecci\u00f3n. El suministro de combustible original es muy deficiente, por lo que PowerFlow hace que el motor est\u00e9 m\u00e1s lubricado y refrigerado, lo que garantiza una mayor fiabilidad. A diferencia de otros sistemas, PowerFlow es totalmente compatible con la norma EURO5, no generando nunca ning\u00fan tipo de error. Los beneficios que obtenemos son:<\/p>\n<ol type=\"\u201dA\u201d\">\n<li>Mayor lubricaci\u00f3n del motor<\/li>\n<li>Menor sobrecalentamiento del motor y las v\u00e1lvulas<\/li>\n<li>Mayor respuesta y par a bajas y medias revoluciones<\/li>\n<li>Eliminaci\u00f3n del efecto on-off del motor, lo que beneficia enormemente la conducci\u00f3n en carreteras y senderos a baja velocidad ya que el control sobre el acelerador es mucho m\u00e1s fino.<\/li>\n<li>M\u00e1s empuje al acelerar<\/li>\n<li>Reducci\u00f3n de vibraciones<\/li>\n<\/ol>\n<p class=\"mb-0\">Y m\u00e1s sensaciones que podr\u00e1s notar al usarlo.<\/p>","protected":false},"excerpt":{"rendered":"<p>M\u00e1s respuesta y par a bajo y medio r\u00e9gimen. Aumenta la facilidad de conducci\u00f3n. Se acab\u00f3 el interruptor de encendido y apagado. Mejor refrigeraci\u00f3n. Motor m\u00e1s seguro. Menos vibraciones. Obligatorio para filtros decat o de alto caudal. Totalmente compatible con EURO5 Plus. Todos los clientes satisfechos.<\/p>","protected":false},"featured_media":81,"template":"","meta":{"_joinchat":[]},"product_brand":[],"product_cat":[16],"product_tag":[],"class_list":{"0":"post-80","1":"product","2":"type-product","3":"status-publish","4":"has-post-thumbnail","6":"product_cat-sin-categorizar","8":"first","9":"outofstock","10":"sold-individually","11":"taxable","12":"shipping-taxable","13":"purchasable","14":"product-type-simple"},"yoast_head":"<!-- This site is optimized with the Yoast SEO plugin v27.3 - https:\/\/yoast.com\/product\/yoast-seo-wordpress\/ -->\n<title>PowerFlow for KTM 890 ADV - JC SuperFlow Racing<\/title>\n<meta name=\"robots\" content=\"index, follow, max-snippet:-1, max-image-preview:large, max-video-preview:-1\" \/>\n<link rel=\"canonical\" href=\"https:\/\/superflow-racing.com\/es\/producto\/powerflow-for-ktm-890-adv\/\" \/>\n<meta property=\"og:locale\" content=\"es_ES\" \/>\n<meta property=\"og:type\" content=\"article\" \/>\n<meta property=\"og:title\" content=\"PowerFlow for KTM 890 ADV - JC SuperFlow Racing\" \/>\n<meta property=\"og:description\" content=\"More response and torque in low-mid revs. Increases driveability. No more on-off switch. Better coolment. Safer engine. Less vibrations. Mandatory for decat or high flow filters. Fully compatible with EURO5 Plus. All the customers statisfyed.\" \/>\n<meta property=\"og:url\" content=\"https:\/\/superflow-racing.com\/es\/producto\/powerflow-for-ktm-890-adv\/\" \/>\n<meta property=\"og:site_name\" content=\"JC SuperFlow Racing\" \/>\n<meta property=\"article:modified_time\" content=\"2026-03-20T14:14:24+00:00\" \/>\n<meta property=\"og:image\" content=\"https:\/\/superflow-racing.com\/wp-content\/uploads\/2024\/08\/890adv.png\" \/>\n\t<meta property=\"og:image:width\" content=\"900\" \/>\n\t<meta property=\"og:image:height\" content=\"700\" \/>\n\t<meta property=\"og:image:type\" content=\"image\/png\" \/>\n<meta name=\"twitter:card\" content=\"summary_large_image\" \/>\n<meta name=\"twitter:label1\" content=\"Tiempo de lectura\" \/>\n\t<meta name=\"twitter:data1\" content=\"1 minuto\" \/>\n<script type=\"application\/ld+json\" class=\"yoast-schema-graph\">{\"@context\":\"https:\\\/\\\/schema.org\",\"@graph\":[{\"@type\":\"WebPage\",\"@id\":\"https:\\\/\\\/superflow-racing.com\\\/producto\\\/powerflow-for-ktm-890-adv\\\/\",\"url\":\"https:\\\/\\\/superflow-racing.com\\\/producto\\\/powerflow-for-ktm-890-adv\\\/\",\"name\":\"PowerFlow for KTM 890 ADV - JC SuperFlow Racing\",\"isPartOf\":{\"@id\":\"https:\\\/\\\/superflow-racing.com\\\/#website\"},\"primaryImageOfPage\":{\"@id\":\"https:\\\/\\\/superflow-racing.com\\\/producto\\\/powerflow-for-ktm-890-adv\\\/#primaryimage\"},\"image\":{\"@id\":\"https:\\\/\\\/superflow-racing.com\\\/producto\\\/powerflow-for-ktm-890-adv\\\/#primaryimage\"},\"thumbnailUrl\":\"https:\\\/\\\/superflow-racing.com\\\/wp-content\\\/uploads\\\/2024\\\/08\\\/890adv.png\",\"datePublished\":\"2024-08-27T00:28:16+00:00\",\"dateModified\":\"2026-03-20T14:14:24+00:00\",\"breadcrumb\":{\"@id\":\"https:\\\/\\\/superflow-racing.com\\\/producto\\\/powerflow-for-ktm-890-adv\\\/#breadcrumb\"},\"inLanguage\":\"es\",\"potentialAction\":[{\"@type\":\"ReadAction\",\"target\":[\"https:\\\/\\\/superflow-racing.com\\\/producto\\\/powerflow-for-ktm-890-adv\\\/\"]}]},{\"@type\":\"ImageObject\",\"inLanguage\":\"es\",\"@id\":\"https:\\\/\\\/superflow-racing.com\\\/producto\\\/powerflow-for-ktm-890-adv\\\/#primaryimage\",\"url\":\"https:\\\/\\\/superflow-racing.com\\\/wp-content\\\/uploads\\\/2024\\\/08\\\/890adv.png\",\"contentUrl\":\"https:\\\/\\\/superflow-racing.com\\\/wp-content\\\/uploads\\\/2024\\\/08\\\/890adv.png\",\"width\":900,\"height\":700},{\"@type\":\"BreadcrumbList\",\"@id\":\"https:\\\/\\\/superflow-racing.com\\\/producto\\\/powerflow-for-ktm-890-adv\\\/#breadcrumb\",\"itemListElement\":[{\"@type\":\"ListItem\",\"position\":1,\"name\":\"Home\",\"item\":\"https:\\\/\\\/superflow-racing.com\\\/\"},{\"@type\":\"ListItem\",\"position\":2,\"name\":\"Tienda-Shop\",\"item\":\"https:\\\/\\\/superflow-racing.com\\\/tienda\\\/\"},{\"@type\":\"ListItem\",\"position\":3,\"name\":\"PowerFlow for KTM 890 ADV\"}]},{\"@type\":\"WebSite\",\"@id\":\"https:\\\/\\\/superflow-racing.com\\\/#website\",\"url\":\"https:\\\/\\\/superflow-racing.com\\\/\",\"name\":\"JC Superflow Racing\",\"description\":\"PowerFlow Voge Power &amp; Torque bike site\",\"publisher\":{\"@id\":\"https:\\\/\\\/superflow-racing.com\\\/#organization\"},\"potentialAction\":[{\"@type\":\"SearchAction\",\"target\":{\"@type\":\"EntryPoint\",\"urlTemplate\":\"https:\\\/\\\/superflow-racing.com\\\/?s={search_term_string}\"},\"query-input\":{\"@type\":\"PropertyValueSpecification\",\"valueRequired\":true,\"valueName\":\"search_term_string\"}}],\"inLanguage\":\"es\"},{\"@type\":\"Organization\",\"@id\":\"https:\\\/\\\/superflow-racing.com\\\/#organization\",\"name\":\"PowerFlow JCEndurance Parts\",\"url\":\"https:\\\/\\\/superflow-racing.com\\\/\",\"logo\":{\"@type\":\"ImageObject\",\"inLanguage\":\"es\",\"@id\":\"https:\\\/\\\/superflow-racing.com\\\/#\\\/schema\\\/logo\\\/image\\\/\",\"url\":\"https:\\\/\\\/superflow-racing.com\\\/wp-content\\\/uploads\\\/2025\\\/12\\\/logobn_p.webp\",\"contentUrl\":\"https:\\\/\\\/superflow-racing.com\\\/wp-content\\\/uploads\\\/2025\\\/12\\\/logobn_p.webp\",\"width\":400,\"height\":115,\"caption\":\"PowerFlow JCEndurance Parts\"},\"image\":{\"@id\":\"https:\\\/\\\/superflow-racing.com\\\/#\\\/schema\\\/logo\\\/image\\\/\"}}]}<\/script>\n<!-- \/ Yoast SEO plugin. -->","yoast_head_json":{"title":"PowerFlow for KTM 890 ADV - JC SuperFlow Racing","robots":{"index":"index","follow":"follow","max-snippet":"max-snippet:-1","max-image-preview":"max-image-preview:large","max-video-preview":"max-video-preview:-1"},"canonical":"https:\/\/superflow-racing.com\/es\/producto\/powerflow-for-ktm-890-adv\/","og_locale":"es_ES","og_type":"article","og_title":"PowerFlow for KTM 890 ADV - JC SuperFlow Racing","og_description":"More response and torque in low-mid revs. Increases driveability. No more on-off switch. Better coolment. Safer engine. Less vibrations. Mandatory for decat or high flow filters. Fully compatible with EURO5 Plus. All the customers statisfyed.","og_url":"https:\/\/superflow-racing.com\/es\/producto\/powerflow-for-ktm-890-adv\/","og_site_name":"JC SuperFlow Racing","article_modified_time":"2026-03-20T14:14:24+00:00","og_image":[{"width":900,"height":700,"url":"https:\/\/superflow-racing.com\/wp-content\/uploads\/2024\/08\/890adv.png","type":"image\/png"}],"twitter_card":"summary_large_image","twitter_misc":{"Tiempo de lectura":"1 minuto"},"schema":{"@context":"https:\/\/schema.org","@graph":[{"@type":"WebPage","@id":"https:\/\/superflow-racing.com\/producto\/powerflow-for-ktm-890-adv\/","url":"https:\/\/superflow-racing.com\/producto\/powerflow-for-ktm-890-adv\/","name":"PowerFlow for KTM 890 ADV - JC SuperFlow Racing","isPartOf":{"@id":"https:\/\/superflow-racing.com\/#website"},"primaryImageOfPage":{"@id":"https:\/\/superflow-racing.com\/producto\/powerflow-for-ktm-890-adv\/#primaryimage"},"image":{"@id":"https:\/\/superflow-racing.com\/producto\/powerflow-for-ktm-890-adv\/#primaryimage"},"thumbnailUrl":"https:\/\/superflow-racing.com\/wp-content\/uploads\/2024\/08\/890adv.png","datePublished":"2024-08-27T00:28:16+00:00","dateModified":"2026-03-20T14:14:24+00:00","breadcrumb":{"@id":"https:\/\/superflow-racing.com\/producto\/powerflow-for-ktm-890-adv\/#breadcrumb"},"inLanguage":"es","potentialAction":[{"@type":"ReadAction","target":["https:\/\/superflow-racing.com\/producto\/powerflow-for-ktm-890-adv\/"]}]},{"@type":"ImageObject","inLanguage":"es","@id":"https:\/\/superflow-racing.com\/producto\/powerflow-for-ktm-890-adv\/#primaryimage","url":"https:\/\/superflow-racing.com\/wp-content\/uploads\/2024\/08\/890adv.png","contentUrl":"https:\/\/superflow-racing.com\/wp-content\/uploads\/2024\/08\/890adv.png","width":900,"height":700},{"@type":"BreadcrumbList","@id":"https:\/\/superflow-racing.com\/producto\/powerflow-for-ktm-890-adv\/#breadcrumb","itemListElement":[{"@type":"ListItem","position":1,"name":"Home","item":"https:\/\/superflow-racing.com\/"},{"@type":"ListItem","position":2,"name":"Tienda-Shop","item":"https:\/\/superflow-racing.com\/tienda\/"},{"@type":"ListItem","position":3,"name":"PowerFlow for KTM 890 ADV"}]},{"@type":"WebSite","@id":"https:\/\/superflow-racing.com\/#website","url":"https:\/\/superflow-racing.com\/","name":"JC Superflow Racing","description":"PowerFlow Voge Potencia y par en bicicleta","publisher":{"@id":"https:\/\/superflow-racing.com\/#organization"},"potentialAction":[{"@type":"SearchAction","target":{"@type":"EntryPoint","urlTemplate":"https:\/\/superflow-racing.com\/?s={search_term_string}"},"query-input":{"@type":"PropertyValueSpecification","valueRequired":true,"valueName":"search_term_string"}}],"inLanguage":"es"},{"@type":"Organization","@id":"https:\/\/superflow-racing.com\/#organization","name":"Piezas PowerFlow JCEndurance","url":"https:\/\/superflow-racing.com\/","logo":{"@type":"ImageObject","inLanguage":"es","@id":"https:\/\/superflow-racing.com\/#\/schema\/logo\/image\/","url":"https:\/\/superflow-racing.com\/wp-content\/uploads\/2025\/12\/logobn_p.webp","contentUrl":"https:\/\/superflow-racing.com\/wp-content\/uploads\/2025\/12\/logobn_p.webp","width":400,"height":115,"caption":"PowerFlow JCEndurance Parts"},"image":{"@id":"https:\/\/superflow-racing.com\/#\/schema\/logo\/image\/"}}]}},"_links":{"self":[{"href":"https:\/\/superflow-racing.com\/es\/wp-json\/wp\/v2\/product\/80","targetHints":{"allow":["GET"]}}],"collection":[{"href":"https:\/\/superflow-racing.com\/es\/wp-json\/wp\/v2\/product"}],"about":[{"href":"https:\/\/superflow-racing.com\/es\/wp-json\/wp\/v2\/types\/product"}],"wp:featuredmedia":[{"embeddable":true,"href":"https:\/\/superflow-racing.com\/es\/wp-json\/wp\/v2\/media\/81"}],"wp:attachment":[{"href":"https:\/\/superflow-racing.com\/es\/wp-json\/wp\/v2\/media?parent=80"}],"wp:term":[{"taxonomy":"product_brand","embeddable":true,"href":"https:\/\/superflow-racing.com\/es\/wp-json\/wp\/v2\/product_brand?post=80"},{"taxonomy":"product_cat","embeddable":true,"href":"https:\/\/superflow-racing.com\/es\/wp-json\/wp\/v2\/product_cat?post=80"},{"taxonomy":"product_tag","embeddable":true,"href":"https:\/\/superflow-racing.com\/es\/wp-json\/wp\/v2\/product_tag?post=80"}],"curies":[{"name":"wp","href":"https:\/\/api.w.org\/{rel}","templated":true}]}}