{"id":74,"date":"2024-08-27T00:03:26","date_gmt":"2024-08-27T00:03:26","guid":{"rendered":"https:\/\/jcendurance.com\/?post_type=product&#038;p=74"},"modified":"2026-03-14T19:22:44","modified_gmt":"2026-03-14T17:22:44","slug":"powerflow-for-voge-300-rally","status":"publish","type":"product","link":"https:\/\/superflow-racing.com\/es\/producto\/powerflow-for-voge-300-rally\/","title":{"rendered":"PowerFlow Voge 300 Rally EURO5 Plus"},"content":{"rendered":"<p>PowerFlow Voge 300 Rally - \u00a1Ahora versi\u00f3n 2, con electr\u00f3nica SMD, tama\u00f1o reducido y respuesta m\u00e1s r\u00e1pida!<\/p>\n<p>Nuestro PowerFlow 300 Rally (totalmente compatible con EURO5 Plus) con m\u00e1s de 1000 clientes satisfechos en todo el mundo, es un dispositivo que aumenta la cantidad de combustible suministrado al motor en 5% con cada inyecci\u00f3n. El suministro de combustible original es muy deficiente, por lo que PowerFlow hace que el motor est\u00e9 m\u00e1s lubricado y refrigerado, lo que garantiza una mayor fiabilidad. A diferencia de otros sistemas, PowerFlow 300 Rally es totalmente compatible con la norma EURO5 Plus, no generando nunca ning\u00fan tipo de error. Los beneficios que obtenemos son:<\/p>\n<ol type=\"\u201dA\u201d\">\n<li>Mayor lubricaci\u00f3n del motor<\/li>\n<li>Menor sobrecalentamiento del motor y las v\u00e1lvulas<\/li>\n<li>Mayor respuesta y par a bajas y medias revoluciones<\/li>\n<li>Eliminaci\u00f3n del efecto on-off del motor, lo que beneficia enormemente la conducci\u00f3n en carreteras y senderos a baja velocidad ya que el control sobre el acelerador es mucho m\u00e1s fino.<\/li>\n<li>M\u00e1s empuje al acelerar<\/li>\n<li>Reducci\u00f3n de vibraciones<\/li>\n<\/ol>\n<p class=\"mb-0\">Y m\u00e1s sensaciones que podr\u00e1s notar al usarlo.<\/p>\n<p>Ahora incluye un esc\u00e1ner OBD2.<\/p>\n<p>Esc\u00e1ner OBD2: Para comprobar la correcta instalaci\u00f3n de PowerFlow y obtener multitud de datos interesantes sobre su motocicleta.<\/p>\n<p><a href=\"https:\/\/jcendurance.com\/wp-content\/uploads\/2024\/09\/manual_instalacion_powerflow_voge300.pdf\">manual_instalacion_powerflow_voge300<\/a><\/p>\n<p><a href=\"https:\/\/jcendurance.com\/wp-content\/uploads\/2024\/09\/manual_instalacion_powerflow_voge300_ENGLISH.pdf\">PDF Manual de instalaci\u00f3n PowerFlow<\/a><\/p>\n<p><a href=\"https:\/\/jcendurance.com\/wp-content\/uploads\/2025\/01\/manual_instalacion_powerflow_voge300_ITALIANO.pdf\">Instalaci\u00f3n PowerFlow Italiano<\/a><\/p>\n<p><a href=\"https:\/\/youtu.be\/T20RkEz8BgY?si=bAP8qeIbfScaCEGU\">Video Instalar PowerFlow Voge 300 Rally<\/a><\/p>\n<p>Tiempo de preparaci\u00f3n del pedido: 2-4 d\u00edas, dependiendo del volumen del pedido, nuestros productos son artesanales y eso lleva su tiempo. \u00a1\u00a1Pero la espera merecer\u00e1 la pena !!<\/p>\n<p>Tiempo de preparaci\u00f3n del pedido: actualmente de 2 a 4 d\u00edas, dependiendo del volumen de pedidos. \u00a1\u00a1\u00a1Nuestros productos est\u00e1n hechos artesanalmente y eso lleva su tiempo, pero la espera valdr\u00e1 la pena !!!<\/p>\n<p>Se recomienda una instalaci\u00f3n profesional. El vendedor no se hace responsable de los da\u00f1os causados por una instalaci\u00f3n incorrecta.<\/p>\n<p>PowerFlow Voge 300 Rally. Hecho para la competici\u00f3n.<\/p>","protected":false},"excerpt":{"rendered":"<p>Pago por PayPal o Transferencia Bancaria. Mejorar la potencia, el par y la seguridad.<\/p>\n<p>Por favor, lea la Descripci\u00f3n (m\u00e1s abajo en esta p\u00e1gina) para encontrar los archivos de ayuda, el contenido del kit y los plazos de entrega. La empresa de transporte es Correos Espa\u00f1a.<\/p>","protected":false},"featured_media":833,"template":"","meta":{"_joinchat":[]},"product_brand":[],"product_cat":[19],"product_tag":[],"class_list":{"0":"post-74","1":"product","2":"type-product","3":"status-publish","4":"has-post-thumbnail","6":"product_cat-voge-300-rally","8":"first","9":"instock","10":"sale","11":"sold-individually","12":"taxable","13":"shipping-taxable","14":"purchasable","15":"product-type-simple"},"yoast_head":"<!-- This site is optimized with the Yoast SEO plugin v27.3 - https:\/\/yoast.com\/product\/yoast-seo-wordpress\/ -->\n<title>PowerFlow Voge 300 Rally EURO5 Plus<\/title>\n<meta name=\"description\" content=\"PowerFlow Voge 300 Rally. PowerFlow Voge 300 Rally. Home of Euro5 PowerFlow Original, improved engine response and torque. Many high-performance products.\" \/>\n<meta name=\"robots\" content=\"index, follow, max-snippet:-1, max-image-preview:large, max-video-preview:-1\" \/>\n<link rel=\"canonical\" href=\"https:\/\/superflow-racing.com\/es\/producto\/powerflow-for-voge-300-rally\/\" \/>\n<meta property=\"og:locale\" content=\"es_ES\" \/>\n<meta property=\"og:type\" content=\"article\" \/>\n<meta property=\"og:title\" content=\"PowerFlow Voge 300 Rally EURO5 Plus\" \/>\n<meta property=\"og:description\" content=\"PowerFlow Voge 300 Rally. PowerFlow Voge 300 Rally. Home of Euro5 PowerFlow Original, improved engine response and torque. Many high-performance products.\" \/>\n<meta property=\"og:url\" content=\"https:\/\/superflow-racing.com\/es\/producto\/powerflow-for-voge-300-rally\/\" \/>\n<meta property=\"og:site_name\" content=\"JC SuperFlow Racing\" \/>\n<meta property=\"article:modified_time\" content=\"2026-03-14T17:22:44+00:00\" \/>\n<meta property=\"og:image\" content=\"https:\/\/superflow-racing.com\/wp-content\/uploads\/2024\/08\/IMG_20250728_220653.jpg\" \/>\n\t<meta property=\"og:image:width\" content=\"1972\" \/>\n\t<meta property=\"og:image:height\" content=\"1334\" \/>\n\t<meta property=\"og:image:type\" content=\"image\/jpeg\" \/>\n<meta name=\"twitter:card\" content=\"summary_large_image\" \/>\n<meta name=\"twitter:label1\" content=\"Tiempo de lectura\" \/>\n\t<meta name=\"twitter:data1\" content=\"2 minutos\" \/>\n<script type=\"application\/ld+json\" class=\"yoast-schema-graph\">{\"@context\":\"https:\\\/\\\/schema.org\",\"@graph\":[{\"@type\":\"WebPage\",\"@id\":\"https:\\\/\\\/superflow-racing.com\\\/producto\\\/powerflow-for-voge-300-rally\\\/\",\"url\":\"https:\\\/\\\/superflow-racing.com\\\/producto\\\/powerflow-for-voge-300-rally\\\/\",\"name\":\"PowerFlow Voge 300 Rally EURO5 Plus\",\"isPartOf\":{\"@id\":\"https:\\\/\\\/superflow-racing.com\\\/#website\"},\"primaryImageOfPage\":{\"@id\":\"https:\\\/\\\/superflow-racing.com\\\/producto\\\/powerflow-for-voge-300-rally\\\/#primaryimage\"},\"image\":{\"@id\":\"https:\\\/\\\/superflow-racing.com\\\/producto\\\/powerflow-for-voge-300-rally\\\/#primaryimage\"},\"thumbnailUrl\":\"https:\\\/\\\/superflow-racing.com\\\/wp-content\\\/uploads\\\/2024\\\/08\\\/IMG_20250728_220653.jpg\",\"datePublished\":\"2024-08-27T00:03:26+00:00\",\"dateModified\":\"2026-03-14T17:22:44+00:00\",\"description\":\"PowerFlow Voge 300 Rally. PowerFlow Voge 300 Rally. Home of Euro5 PowerFlow Original, improved engine response and torque. Many high-performance products.\",\"breadcrumb\":{\"@id\":\"https:\\\/\\\/superflow-racing.com\\\/producto\\\/powerflow-for-voge-300-rally\\\/#breadcrumb\"},\"inLanguage\":\"es\",\"potentialAction\":[{\"@type\":\"ReadAction\",\"target\":[\"https:\\\/\\\/superflow-racing.com\\\/producto\\\/powerflow-for-voge-300-rally\\\/\"]}]},{\"@type\":\"ImageObject\",\"inLanguage\":\"es\",\"@id\":\"https:\\\/\\\/superflow-racing.com\\\/producto\\\/powerflow-for-voge-300-rally\\\/#primaryimage\",\"url\":\"https:\\\/\\\/superflow-racing.com\\\/wp-content\\\/uploads\\\/2024\\\/08\\\/IMG_20250728_220653.jpg\",\"contentUrl\":\"https:\\\/\\\/superflow-racing.com\\\/wp-content\\\/uploads\\\/2024\\\/08\\\/IMG_20250728_220653.jpg\",\"width\":1972,\"height\":1334,\"caption\":\"PowerFlow\"},{\"@type\":\"BreadcrumbList\",\"@id\":\"https:\\\/\\\/superflow-racing.com\\\/producto\\\/powerflow-for-voge-300-rally\\\/#breadcrumb\",\"itemListElement\":[{\"@type\":\"ListItem\",\"position\":1,\"name\":\"Home\",\"item\":\"https:\\\/\\\/superflow-racing.com\\\/\"},{\"@type\":\"ListItem\",\"position\":2,\"name\":\"Tienda-Shop\",\"item\":\"https:\\\/\\\/superflow-racing.com\\\/tienda\\\/\"},{\"@type\":\"ListItem\",\"position\":3,\"name\":\"PowerFlow Voge 300 Rally EURO5 Plus\"}]},{\"@type\":\"WebSite\",\"@id\":\"https:\\\/\\\/superflow-racing.com\\\/#website\",\"url\":\"https:\\\/\\\/superflow-racing.com\\\/\",\"name\":\"JC Superflow Racing\",\"description\":\"PowerFlow Voge Power &amp; Torque bike site\",\"publisher\":{\"@id\":\"https:\\\/\\\/superflow-racing.com\\\/#organization\"},\"potentialAction\":[{\"@type\":\"SearchAction\",\"target\":{\"@type\":\"EntryPoint\",\"urlTemplate\":\"https:\\\/\\\/superflow-racing.com\\\/?s={search_term_string}\"},\"query-input\":{\"@type\":\"PropertyValueSpecification\",\"valueRequired\":true,\"valueName\":\"search_term_string\"}}],\"inLanguage\":\"es\"},{\"@type\":\"Organization\",\"@id\":\"https:\\\/\\\/superflow-racing.com\\\/#organization\",\"name\":\"PowerFlow JCEndurance Parts\",\"url\":\"https:\\\/\\\/superflow-racing.com\\\/\",\"logo\":{\"@type\":\"ImageObject\",\"inLanguage\":\"es\",\"@id\":\"https:\\\/\\\/superflow-racing.com\\\/#\\\/schema\\\/logo\\\/image\\\/\",\"url\":\"https:\\\/\\\/superflow-racing.com\\\/wp-content\\\/uploads\\\/2025\\\/12\\\/logobn_p.webp\",\"contentUrl\":\"https:\\\/\\\/superflow-racing.com\\\/wp-content\\\/uploads\\\/2025\\\/12\\\/logobn_p.webp\",\"width\":400,\"height\":115,\"caption\":\"PowerFlow JCEndurance Parts\"},\"image\":{\"@id\":\"https:\\\/\\\/superflow-racing.com\\\/#\\\/schema\\\/logo\\\/image\\\/\"}}]}<\/script>\n<!-- \/ Yoast SEO plugin. -->","yoast_head_json":{"title":"PowerFlow Voge 300 Rally EURO5 Plus","description":"PowerFlow Voge 300 Rally. PowerFlow Voge 300 Rally. Home of Euro5 PowerFlow Original, improved engine response and torque. Many high-performance products.","robots":{"index":"index","follow":"follow","max-snippet":"max-snippet:-1","max-image-preview":"max-image-preview:large","max-video-preview":"max-video-preview:-1"},"canonical":"https:\/\/superflow-racing.com\/es\/producto\/powerflow-for-voge-300-rally\/","og_locale":"es_ES","og_type":"article","og_title":"PowerFlow Voge 300 Rally EURO5 Plus","og_description":"PowerFlow Voge 300 Rally. PowerFlow Voge 300 Rally. Home of Euro5 PowerFlow Original, improved engine response and torque. Many high-performance products.","og_url":"https:\/\/superflow-racing.com\/es\/producto\/powerflow-for-voge-300-rally\/","og_site_name":"JC SuperFlow Racing","article_modified_time":"2026-03-14T17:22:44+00:00","og_image":[{"width":1972,"height":1334,"url":"https:\/\/superflow-racing.com\/wp-content\/uploads\/2024\/08\/IMG_20250728_220653.jpg","type":"image\/jpeg"}],"twitter_card":"summary_large_image","twitter_misc":{"Tiempo de lectura":"2 minutos"},"schema":{"@context":"https:\/\/schema.org","@graph":[{"@type":"WebPage","@id":"https:\/\/superflow-racing.com\/producto\/powerflow-for-voge-300-rally\/","url":"https:\/\/superflow-racing.com\/producto\/powerflow-for-voge-300-rally\/","name":"PowerFlow Voge 300 Rally EURO5 Plus","isPartOf":{"@id":"https:\/\/superflow-racing.com\/#website"},"primaryImageOfPage":{"@id":"https:\/\/superflow-racing.com\/producto\/powerflow-for-voge-300-rally\/#primaryimage"},"image":{"@id":"https:\/\/superflow-racing.com\/producto\/powerflow-for-voge-300-rally\/#primaryimage"},"thumbnailUrl":"https:\/\/superflow-racing.com\/wp-content\/uploads\/2024\/08\/IMG_20250728_220653.jpg","datePublished":"2024-08-27T00:03:26+00:00","dateModified":"2026-03-14T17:22:44+00:00","description":"PowerFlow Voge 300 Rally. PowerFlow Voge 300 Rally. Home of Euro5 PowerFlow Original, improved engine response and torque. Many high-performance products.","breadcrumb":{"@id":"https:\/\/superflow-racing.com\/producto\/powerflow-for-voge-300-rally\/#breadcrumb"},"inLanguage":"es","potentialAction":[{"@type":"ReadAction","target":["https:\/\/superflow-racing.com\/producto\/powerflow-for-voge-300-rally\/"]}]},{"@type":"ImageObject","inLanguage":"es","@id":"https:\/\/superflow-racing.com\/producto\/powerflow-for-voge-300-rally\/#primaryimage","url":"https:\/\/superflow-racing.com\/wp-content\/uploads\/2024\/08\/IMG_20250728_220653.jpg","contentUrl":"https:\/\/superflow-racing.com\/wp-content\/uploads\/2024\/08\/IMG_20250728_220653.jpg","width":1972,"height":1334,"caption":"PowerFlow"},{"@type":"BreadcrumbList","@id":"https:\/\/superflow-racing.com\/producto\/powerflow-for-voge-300-rally\/#breadcrumb","itemListElement":[{"@type":"ListItem","position":1,"name":"Home","item":"https:\/\/superflow-racing.com\/"},{"@type":"ListItem","position":2,"name":"Tienda-Shop","item":"https:\/\/superflow-racing.com\/tienda\/"},{"@type":"ListItem","position":3,"name":"PowerFlow Voge 300 Rally EURO5 Plus"}]},{"@type":"WebSite","@id":"https:\/\/superflow-racing.com\/#website","url":"https:\/\/superflow-racing.com\/","name":"JC Superflow Racing","description":"PowerFlow Voge Potencia y par en bicicleta","publisher":{"@id":"https:\/\/superflow-racing.com\/#organization"},"potentialAction":[{"@type":"SearchAction","target":{"@type":"EntryPoint","urlTemplate":"https:\/\/superflow-racing.com\/?s={search_term_string}"},"query-input":{"@type":"PropertyValueSpecification","valueRequired":true,"valueName":"search_term_string"}}],"inLanguage":"es"},{"@type":"Organization","@id":"https:\/\/superflow-racing.com\/#organization","name":"Piezas PowerFlow JCEndurance","url":"https:\/\/superflow-racing.com\/","logo":{"@type":"ImageObject","inLanguage":"es","@id":"https:\/\/superflow-racing.com\/#\/schema\/logo\/image\/","url":"https:\/\/superflow-racing.com\/wp-content\/uploads\/2025\/12\/logobn_p.webp","contentUrl":"https:\/\/superflow-racing.com\/wp-content\/uploads\/2025\/12\/logobn_p.webp","width":400,"height":115,"caption":"PowerFlow JCEndurance Parts"},"image":{"@id":"https:\/\/superflow-racing.com\/#\/schema\/logo\/image\/"}}]}},"_links":{"self":[{"href":"https:\/\/superflow-racing.com\/es\/wp-json\/wp\/v2\/product\/74","targetHints":{"allow":["GET"]}}],"collection":[{"href":"https:\/\/superflow-racing.com\/es\/wp-json\/wp\/v2\/product"}],"about":[{"href":"https:\/\/superflow-racing.com\/es\/wp-json\/wp\/v2\/types\/product"}],"wp:featuredmedia":[{"embeddable":true,"href":"https:\/\/superflow-racing.com\/es\/wp-json\/wp\/v2\/media\/833"}],"wp:attachment":[{"href":"https:\/\/superflow-racing.com\/es\/wp-json\/wp\/v2\/media?parent=74"}],"wp:term":[{"taxonomy":"product_brand","embeddable":true,"href":"https:\/\/superflow-racing.com\/es\/wp-json\/wp\/v2\/product_brand?post=74"},{"taxonomy":"product_cat","embeddable":true,"href":"https:\/\/superflow-racing.com\/es\/wp-json\/wp\/v2\/product_cat?post=74"},{"taxonomy":"product_tag","embeddable":true,"href":"https:\/\/superflow-racing.com\/es\/wp-json\/wp\/v2\/product_tag?post=74"}],"curies":[{"name":"wp","href":"https:\/\/api.w.org\/{rel}","templated":true}]}}