{"id":403,"date":"2024-10-21T22:45:46","date_gmt":"2024-10-21T20:45:46","guid":{"rendered":"https:\/\/jcendurance.com\/?post_type=product&#038;p=403"},"modified":"2025-12-21T07:21:09","modified_gmt":"2025-12-21T05:21:09","slug":"jcperformace-kit-for-voge-300-rally","status":"publish","type":"product","link":"https:\/\/superflow-racing.com\/es\/producto\/jcperformace-kit-for-voge-300-rally\/","title":{"rendered":"Kit JCPerformance en fibra de carbono para Voge 300 Rally"},"content":{"rendered":"<p>Kit PowerFlow Voge<\/p>\n<p><img loading=\"lazy\" decoding=\"async\" class=\"alignnone size-medium wp-image-636\" src=\"https:\/\/jcendurance.com\/wp-content\/uploads\/2024\/10\/oepm-300x110.png\" alt=\"\" width=\"300\" height=\"110\" srcset=\"https:\/\/superflow-racing.com\/wp-content\/uploads\/2024\/10\/oepm-300x110.png 300w, https:\/\/superflow-racing.com\/wp-content\/uploads\/2024\/10\/oepm-768x281.png 768w, https:\/\/superflow-racing.com\/wp-content\/uploads\/2024\/10\/oepm-600x220.png 600w, https:\/\/superflow-racing.com\/wp-content\/uploads\/2024\/10\/oepm.png 800w\" sizes=\"auto, (max-width: 300px) 100vw, 300px\" \/><\/p>\n<p><strong>Producto patentado en la Oficina Europea de Patentes y Marcas.<\/strong><\/p>\n<p>Pago por PayPal o transferencia bancaria.<\/p>\n<p>Kit JCPerformance con PowerFlow Voge 300 Rally, FilterFlow en fibra de carbono y tapa de caja de filtro.<\/p>\n<p>Kit de potencia, par y seguridad. FilterFlow EVO para proteger el motor del polvo, con una superficie de aire sobredimensionada, que permite una mayor entrada de aire. Mecanizado en Fibra de Carbono para asegurar muchos a\u00f1os de disfrute.<\/p>\n<p>Powerflow Voge 300 Rally que proporciona mayor respuesta, par y potencia a medio y bajo r\u00e9gimen y lubrica y refrigera el motor. Euro5 Plus.<\/p>\n<p>Nuestra tapa de caja de filtro con snorkel y prefiltro, mecanizada en Fibra de Carbono y Nylon, permite una mayor entrada de aire en el motor, lo que es ideal para motores enriquecidos y sin catalizador.<\/p>\n<p>Para comprobar el correcto funcionamiento del Powerflow, incluimos un esc\u00e1ner OBD2.<\/p>\n<p>Tambi\u00e9n incluimos una pieza para aumentar la velocidad de respuesta del acelerador, denominada \u201cacelerador r\u00e1pido\u201d.<\/p>\n<p>Usted obtiene: 1 PowerFlow Euro5 Plus, 1 FilterFlow, 1 Tapa de caja de filtro con snorkel y prefiltro con dos espumas, 1 Scanner OBD2, 1 Quick Throttle<\/p>\n<p>Nuevos acabados disponibles. Estos nuevos acabados no afectan a la funcionalidad del producto; son puramente est\u00e9ticos. Se suministrar\u00e1 cualquiera de los acabados a menos que el cliente especifique uno concreto.<\/p>\n<p><a href=\"https:\/\/jcendurance.com\/wp-content\/uploads\/2024\/09\/manual_instalacion_powerflow_voge300.pdf\">PDF Voge 300 Rally Instalaci\u00f3n Powerflow<\/a><\/p>\n<p><a href=\"https:\/\/jcendurance.com\/wp-content\/uploads\/2024\/09\/manual_instalacion_powerflow_voge300_ENGLISH.pdf\">PDF Instalaci\u00f3n de Voge 300 Rally PowerFlow<\/a><\/p>\n<p><a href=\"https:\/\/youtu.be\/T20RkEz8BgY?si=bAP8qeIbfScaCEGU\">Video Instalar PowerFlow Voge 300 Rally<\/a><\/p>\n<p><a href=\"https:\/\/jcendurance.com\/wp-content\/uploads\/2024\/10\/INSTALL-FILTERFLOW-EVO-ENGLISH.docx\" target=\"_blank\" rel=\"noopener\">PDF INSTALAR FILTERFLOW EVO ESPA\u00d1OL<\/a><\/p>\n<p><a href=\"https:\/\/jcendurance.com\/wp-content\/uploads\/2024\/09\/PREPARACION-FILTERFLOW-EVO-ESPANOL.pdf\">PREPARATION FILTERFLOW EVO ENGLISH<\/a><\/p>\n<p><a href=\"https:\/\/jcendurance.com\/wp-content\/uploads\/2024\/09\/PREPARACION-FILTRO-DE-AIRE-DE-GOMAESPUMA.pdf\" target=\"_blank\" rel=\"noopener\">PDF de Instalaci\u00f3n de FilterFlow Original<\/a><\/p>\n<p><a href=\"https:\/\/jcendurance.com\/wp-content\/uploads\/2024\/09\/PREPARACION-FILTRO-DE-AIRE-DE-GOMAESPUMA-ENGLISH.pdf\" target=\"_blank\" rel=\"noopener\">PDF de instalaci\u00f3n de FilterFlow Original<\/a><\/p>\n<p><a href=\"https:\/\/youtu.be\/QmCacYDuKb4?si=jS0zEqJO9fRraqfS\">V\u00eddeo de instalaci\u00f3n del FilterFlow Voge 300 Rally<\/a><\/p>\n<p><a href=\"https:\/\/www.youtube.com\/watch?v=y4E_OuPsPPU\" target=\"_blank\" rel=\"noopener\">Configuraci\u00f3n de FilterFlow<\/a><\/p>\n<p><a href=\"https:\/\/jcendurance.com\/wp-content\/uploads\/2025\/01\/quick-throttle-puno-rapido.pdf\">Quick Throttle - Pu\u00f1o R\u00e1pido<\/a><\/p>\n<p><a href=\"https:\/\/jcendurance.com\/wp-content\/uploads\/2025\/01\/acceleratore-veloce.pdf\">Acelerador r\u00e1pido<\/a><\/p>\n<p>Nota FilterFlow: Indique en la Nota de cliente si desea que el <strong>FilterFlow original o el FilterFlow EVO<\/strong><\/p>\n<p>Tiempo de preparaci\u00f3n del pedido: 2-8 d\u00edas, dependiendo del volumen del pedido, nuestros productos son artesanales y eso lleva su tiempo. \u00a1\u00a1Pero la espera merecer\u00e1 la pena !!<\/p>\n<p>Tiempo de preparaci\u00f3n del pedido: actualmente de 2 a 8 d\u00edas, dependiendo del volumen de pedidos. \u00a1\u00a1\u00a1Nuestros productos est\u00e1n hechos artesanalmente y eso lleva su tiempo, pero la espera valdr\u00e1 la pena !!!<\/p>\n<p>Se recomienda una instalaci\u00f3n profesional. El vendedor no se hace responsable de los da\u00f1os causados por una instalaci\u00f3n incorrecta.<\/p>","protected":false},"excerpt":{"rendered":"<p>Kit PowerFlow Voge<\/p>\n<p>Pago por PayPal o transferencia bancaria.<\/p>\n<p>Kit de potencia, par y seguridad. FilterFlow EVO para proteger el motor del polvo, con una superficie de aire sobredimensionada, que permite una mayor entrada de aire. Mecanizado en Fibra de Carbono para asegurar muchos a\u00f1os de disfrute.<\/p>\n<p>Powerflow que proporciona mayor respuesta, par y potencia a medio y bajo r\u00e9gimen y lubrica y refrigera el motor.<\/p>","protected":false},"featured_media":701,"template":"","meta":{"_joinchat":[]},"product_brand":[],"product_cat":[16],"product_tag":[],"class_list":{"0":"post-403","1":"product","2":"type-product","3":"status-publish","4":"has-post-thumbnail","6":"product_cat-sin-categorizar","8":"first","9":"instock","10":"sale","11":"taxable","12":"shipping-taxable","13":"purchasable","14":"product-type-simple"},"yoast_head":"<!-- This site is optimized with the Yoast SEO plugin v27.4 - https:\/\/yoast.com\/product\/yoast-seo-wordpress\/ -->\n<title>POWERFLOW :: PowerFlow JCPerformance Kit<\/title>\n<meta name=\"description\" content=\"PowerFlow Voge Kit. Increases Torque, Power and response. More drivability.\" \/>\n<meta name=\"robots\" content=\"index, follow, max-snippet:-1, max-image-preview:large, max-video-preview:-1\" \/>\n<link rel=\"canonical\" href=\"https:\/\/superflow-racing.com\/es\/producto\/jcperformace-kit-for-voge-300-rally\/\" \/>\n<meta property=\"og:locale\" content=\"es_ES\" \/>\n<meta property=\"og:type\" content=\"article\" \/>\n<meta property=\"og:title\" content=\"POWERFLOW :: PowerFlow JCPerformance Kit\" \/>\n<meta property=\"og:description\" content=\"PowerFlow Voge Kit. Increases Torque, Power and response. More drivability.\" \/>\n<meta property=\"og:url\" content=\"https:\/\/superflow-racing.com\/es\/producto\/jcperformace-kit-for-voge-300-rally\/\" \/>\n<meta property=\"og:site_name\" content=\"JC SuperFlow Racing\" \/>\n<meta property=\"article:modified_time\" content=\"2025-12-21T05:21:09+00:00\" \/>\n<meta property=\"og:image\" content=\"https:\/\/superflow-racing.com\/wp-content\/uploads\/2024\/10\/IMG_20250420_132041.jpg\" \/>\n\t<meta property=\"og:image:width\" content=\"2217\" \/>\n\t<meta property=\"og:image:height\" content=\"1856\" \/>\n\t<meta property=\"og:image:type\" content=\"image\/jpeg\" \/>\n<meta name=\"twitter:card\" content=\"summary_large_image\" \/>\n<meta name=\"twitter:label1\" content=\"Tiempo de lectura\" \/>\n\t<meta name=\"twitter:data1\" content=\"2 minutos\" \/>\n<script type=\"application\/ld+json\" class=\"yoast-schema-graph\">{\"@context\":\"https:\\\/\\\/schema.org\",\"@graph\":[{\"@type\":\"WebPage\",\"@id\":\"https:\\\/\\\/superflow-racing.com\\\/producto\\\/jcperformace-kit-for-voge-300-rally\\\/\",\"url\":\"https:\\\/\\\/superflow-racing.com\\\/producto\\\/jcperformace-kit-for-voge-300-rally\\\/\",\"name\":\"POWERFLOW :: PowerFlow JCPerformance Kit\",\"isPartOf\":{\"@id\":\"https:\\\/\\\/superflow-racing.com\\\/#website\"},\"primaryImageOfPage\":{\"@id\":\"https:\\\/\\\/superflow-racing.com\\\/producto\\\/jcperformace-kit-for-voge-300-rally\\\/#primaryimage\"},\"image\":{\"@id\":\"https:\\\/\\\/superflow-racing.com\\\/producto\\\/jcperformace-kit-for-voge-300-rally\\\/#primaryimage\"},\"thumbnailUrl\":\"https:\\\/\\\/superflow-racing.com\\\/wp-content\\\/uploads\\\/2024\\\/10\\\/IMG_20250420_132041.jpg\",\"datePublished\":\"2024-10-21T20:45:46+00:00\",\"dateModified\":\"2025-12-21T05:21:09+00:00\",\"description\":\"PowerFlow Voge Kit. Increases Torque, Power and response. More drivability.\",\"breadcrumb\":{\"@id\":\"https:\\\/\\\/superflow-racing.com\\\/producto\\\/jcperformace-kit-for-voge-300-rally\\\/#breadcrumb\"},\"inLanguage\":\"es\",\"potentialAction\":[{\"@type\":\"ReadAction\",\"target\":[\"https:\\\/\\\/superflow-racing.com\\\/producto\\\/jcperformace-kit-for-voge-300-rally\\\/\"]}]},{\"@type\":\"ImageObject\",\"inLanguage\":\"es\",\"@id\":\"https:\\\/\\\/superflow-racing.com\\\/producto\\\/jcperformace-kit-for-voge-300-rally\\\/#primaryimage\",\"url\":\"https:\\\/\\\/superflow-racing.com\\\/wp-content\\\/uploads\\\/2024\\\/10\\\/IMG_20250420_132041.jpg\",\"contentUrl\":\"https:\\\/\\\/superflow-racing.com\\\/wp-content\\\/uploads\\\/2024\\\/10\\\/IMG_20250420_132041.jpg\",\"width\":2217,\"height\":1856,\"caption\":\"PowerFlow JCPerformance Kit\"},{\"@type\":\"BreadcrumbList\",\"@id\":\"https:\\\/\\\/superflow-racing.com\\\/producto\\\/jcperformace-kit-for-voge-300-rally\\\/#breadcrumb\",\"itemListElement\":[{\"@type\":\"ListItem\",\"position\":1,\"name\":\"Home\",\"item\":\"https:\\\/\\\/superflow-racing.com\\\/\"},{\"@type\":\"ListItem\",\"position\":2,\"name\":\"Tienda-Shop\",\"item\":\"https:\\\/\\\/superflow-racing.com\\\/tienda\\\/\"},{\"@type\":\"ListItem\",\"position\":3,\"name\":\"JCPerformance Kit in Carbon Fiber for Voge 300 Rally\"}]},{\"@type\":\"WebSite\",\"@id\":\"https:\\\/\\\/superflow-racing.com\\\/#website\",\"url\":\"https:\\\/\\\/superflow-racing.com\\\/\",\"name\":\"JC Superflow Racing\",\"description\":\"PowerFlow Voge Power &amp; Torque bike site\",\"publisher\":{\"@id\":\"https:\\\/\\\/superflow-racing.com\\\/#organization\"},\"potentialAction\":[{\"@type\":\"SearchAction\",\"target\":{\"@type\":\"EntryPoint\",\"urlTemplate\":\"https:\\\/\\\/superflow-racing.com\\\/?s={search_term_string}\"},\"query-input\":{\"@type\":\"PropertyValueSpecification\",\"valueRequired\":true,\"valueName\":\"search_term_string\"}}],\"inLanguage\":\"es\"},{\"@type\":\"Organization\",\"@id\":\"https:\\\/\\\/superflow-racing.com\\\/#organization\",\"name\":\"PowerFlow JCEndurance Parts\",\"url\":\"https:\\\/\\\/superflow-racing.com\\\/\",\"logo\":{\"@type\":\"ImageObject\",\"inLanguage\":\"es\",\"@id\":\"https:\\\/\\\/superflow-racing.com\\\/#\\\/schema\\\/logo\\\/image\\\/\",\"url\":\"https:\\\/\\\/superflow-racing.com\\\/wp-content\\\/uploads\\\/2025\\\/12\\\/logobn_p.webp\",\"contentUrl\":\"https:\\\/\\\/superflow-racing.com\\\/wp-content\\\/uploads\\\/2025\\\/12\\\/logobn_p.webp\",\"width\":400,\"height\":115,\"caption\":\"PowerFlow JCEndurance Parts\"},\"image\":{\"@id\":\"https:\\\/\\\/superflow-racing.com\\\/#\\\/schema\\\/logo\\\/image\\\/\"}}]}<\/script>\n<!-- \/ Yoast SEO plugin. -->","yoast_head_json":{"title":"POWERFLOW :: PowerFlow JCPerformance Kit","description":"PowerFlow Voge Kit. Increases Torque, Power and response. More drivability.","robots":{"index":"index","follow":"follow","max-snippet":"max-snippet:-1","max-image-preview":"max-image-preview:large","max-video-preview":"max-video-preview:-1"},"canonical":"https:\/\/superflow-racing.com\/es\/producto\/jcperformace-kit-for-voge-300-rally\/","og_locale":"es_ES","og_type":"article","og_title":"POWERFLOW :: PowerFlow JCPerformance Kit","og_description":"PowerFlow Voge Kit. Increases Torque, Power and response. More drivability.","og_url":"https:\/\/superflow-racing.com\/es\/producto\/jcperformace-kit-for-voge-300-rally\/","og_site_name":"JC SuperFlow Racing","article_modified_time":"2025-12-21T05:21:09+00:00","og_image":[{"width":2217,"height":1856,"url":"https:\/\/superflow-racing.com\/wp-content\/uploads\/2024\/10\/IMG_20250420_132041.jpg","type":"image\/jpeg"}],"twitter_card":"summary_large_image","twitter_misc":{"Tiempo de lectura":"2 minutos"},"schema":{"@context":"https:\/\/schema.org","@graph":[{"@type":"WebPage","@id":"https:\/\/superflow-racing.com\/producto\/jcperformace-kit-for-voge-300-rally\/","url":"https:\/\/superflow-racing.com\/producto\/jcperformace-kit-for-voge-300-rally\/","name":"POWERFLOW :: PowerFlow JCPerformance Kit","isPartOf":{"@id":"https:\/\/superflow-racing.com\/#website"},"primaryImageOfPage":{"@id":"https:\/\/superflow-racing.com\/producto\/jcperformace-kit-for-voge-300-rally\/#primaryimage"},"image":{"@id":"https:\/\/superflow-racing.com\/producto\/jcperformace-kit-for-voge-300-rally\/#primaryimage"},"thumbnailUrl":"https:\/\/superflow-racing.com\/wp-content\/uploads\/2024\/10\/IMG_20250420_132041.jpg","datePublished":"2024-10-21T20:45:46+00:00","dateModified":"2025-12-21T05:21:09+00:00","description":"PowerFlow Voge Kit. Increases Torque, Power and response. More drivability.","breadcrumb":{"@id":"https:\/\/superflow-racing.com\/producto\/jcperformace-kit-for-voge-300-rally\/#breadcrumb"},"inLanguage":"es","potentialAction":[{"@type":"ReadAction","target":["https:\/\/superflow-racing.com\/producto\/jcperformace-kit-for-voge-300-rally\/"]}]},{"@type":"ImageObject","inLanguage":"es","@id":"https:\/\/superflow-racing.com\/producto\/jcperformace-kit-for-voge-300-rally\/#primaryimage","url":"https:\/\/superflow-racing.com\/wp-content\/uploads\/2024\/10\/IMG_20250420_132041.jpg","contentUrl":"https:\/\/superflow-racing.com\/wp-content\/uploads\/2024\/10\/IMG_20250420_132041.jpg","width":2217,"height":1856,"caption":"PowerFlow JCPerformance Kit"},{"@type":"BreadcrumbList","@id":"https:\/\/superflow-racing.com\/producto\/jcperformace-kit-for-voge-300-rally\/#breadcrumb","itemListElement":[{"@type":"ListItem","position":1,"name":"Home","item":"https:\/\/superflow-racing.com\/"},{"@type":"ListItem","position":2,"name":"Tienda-Shop","item":"https:\/\/superflow-racing.com\/tienda\/"},{"@type":"ListItem","position":3,"name":"JCPerformance Kit in Carbon Fiber for Voge 300 Rally"}]},{"@type":"WebSite","@id":"https:\/\/superflow-racing.com\/#website","url":"https:\/\/superflow-racing.com\/","name":"JC Superflow Racing","description":"PowerFlow Voge Potencia y par en bicicleta","publisher":{"@id":"https:\/\/superflow-racing.com\/#organization"},"potentialAction":[{"@type":"SearchAction","target":{"@type":"EntryPoint","urlTemplate":"https:\/\/superflow-racing.com\/?s={search_term_string}"},"query-input":{"@type":"PropertyValueSpecification","valueRequired":true,"valueName":"search_term_string"}}],"inLanguage":"es"},{"@type":"Organization","@id":"https:\/\/superflow-racing.com\/#organization","name":"Piezas PowerFlow JCEndurance","url":"https:\/\/superflow-racing.com\/","logo":{"@type":"ImageObject","inLanguage":"es","@id":"https:\/\/superflow-racing.com\/#\/schema\/logo\/image\/","url":"https:\/\/superflow-racing.com\/wp-content\/uploads\/2025\/12\/logobn_p.webp","contentUrl":"https:\/\/superflow-racing.com\/wp-content\/uploads\/2025\/12\/logobn_p.webp","width":400,"height":115,"caption":"PowerFlow JCEndurance Parts"},"image":{"@id":"https:\/\/superflow-racing.com\/#\/schema\/logo\/image\/"}}]}},"_links":{"self":[{"href":"https:\/\/superflow-racing.com\/es\/wp-json\/wp\/v2\/product\/403","targetHints":{"allow":["GET"]}}],"collection":[{"href":"https:\/\/superflow-racing.com\/es\/wp-json\/wp\/v2\/product"}],"about":[{"href":"https:\/\/superflow-racing.com\/es\/wp-json\/wp\/v2\/types\/product"}],"wp:featuredmedia":[{"embeddable":true,"href":"https:\/\/superflow-racing.com\/es\/wp-json\/wp\/v2\/media\/701"}],"wp:attachment":[{"href":"https:\/\/superflow-racing.com\/es\/wp-json\/wp\/v2\/media?parent=403"}],"wp:term":[{"taxonomy":"product_brand","embeddable":true,"href":"https:\/\/superflow-racing.com\/es\/wp-json\/wp\/v2\/product_brand?post=403"},{"taxonomy":"product_cat","embeddable":true,"href":"https:\/\/superflow-racing.com\/es\/wp-json\/wp\/v2\/product_cat?post=403"},{"taxonomy":"product_tag","embeddable":true,"href":"https:\/\/superflow-racing.com\/es\/wp-json\/wp\/v2\/product_tag?post=403"}],"curies":[{"name":"wp","href":"https:\/\/api.w.org\/{rel}","templated":true}]}}