{"id":358,"date":"2024-10-11T00:26:53","date_gmt":"2024-10-10T22:26:53","guid":{"rendered":"https:\/\/jcendurance.com\/?post_type=product&#038;p=358"},"modified":"2026-03-21T22:57:39","modified_gmt":"2026-03-21T20:57:39","slug":"filterflow-evo-for-voge-300-rally","status":"publish","type":"product","link":"https:\/\/superflow-racing.com\/es\/producto\/filterflow-evo-for-voge-300-rally\/","title":{"rendered":"FilterFlow EVO para Voge 300 Rally"},"content":{"rendered":"<p><img loading=\"lazy\" decoding=\"async\" class=\"alignnone size-medium wp-image-636\" src=\"https:\/\/jcendurance.com\/wp-content\/uploads\/2024\/10\/oepm-300x110.png\" alt=\"\" width=\"300\" height=\"110\" srcset=\"https:\/\/superflow-racing.com\/wp-content\/uploads\/2024\/10\/oepm-300x110.png 300w, https:\/\/superflow-racing.com\/wp-content\/uploads\/2024\/10\/oepm-768x281.png 768w, https:\/\/superflow-racing.com\/wp-content\/uploads\/2024\/10\/oepm-600x220.png 600w, https:\/\/superflow-racing.com\/wp-content\/uploads\/2024\/10\/oepm.png 800w\" sizes=\"auto, (max-width: 300px) 100vw, 300px\" \/><\/p>\n<p><strong>Producto patentado en la Oficina Europea de Patentes y Marcas.<\/strong><\/p>\n<p class=\"mb-0\">Filtro de aire de espuma con tama\u00f1o ampliado para un mayor flujo de aire (90% m\u00e1s superficie que el original). Espuma bi-compuesta engrasada para un filtrado en profundidad. Dos espumas incluidas para una conducci\u00f3n sin paradas. Aumenta la salud del motor. Mecanizado en Fibra de Carbono - Nylon.<\/p>\n<p><iframe loading=\"lazy\" title=\"FilterFlow EVO\" width=\"500\" height=\"281\" src=\"https:\/\/www.youtube.com\/embed\/Sul9HEDu2lI?feature=oembed\" frameborder=\"0\" allow=\"accelerometer; autoplay; clipboard-write; encrypted-media; gyroscope; picture-in-picture; web-share\" referrerpolicy=\"strict-origin-when-cross-origin\" allowfullscreen><\/iframe><\/p>\n<p>Esta nueva versi\u00f3n de nuestro filtro, denominada FilterFlow EVO, ofrece las siguientes caracter\u00edsticas:<\/p>\n<ul>\n<li>Material s\u00faper resistente (Fibra de Carbono - Nylon)<\/li>\n<li>Sin instalaci\u00f3n: todo viene montado, listo para colocar en la moto.<\/li>\n<li>Sin tornillos met\u00e1licos en la zona de admisi\u00f3n.<\/li>\n<li>Mayor caudal de aire<\/li>\n<\/ul>\n<p>Fabricaci\u00f3n de la m\u00e1s alta calidad con filamento de Nylon-Fibra de Carbono. Leng\u00fcetas de goma naranja, para mayor duraci\u00f3n y f\u00e1cil mantenimiento. El gran caudal de aire que proporciona lo hace ideal para su uso con nuestro PowerFlow, dando un mayor rendimiento que el filtro de tama\u00f1o est\u00e1ndar. Ahora a\u00fan m\u00e1s flujo de aire.<\/p>\n<p>Nuevos acabados disponibles. Estos nuevos acabados no afectan a la funcionalidad del producto; son puramente est\u00e9ticos. Se suministrar\u00e1 cualquiera de los acabados a menos que el cliente especifique uno concreto.<\/p>\n<p><a href=\"https:\/\/jcendurance.com\/wp-content\/uploads\/2024\/10\/INSTALL-FILTERFLOW-EVO-ENGLISH.docx\" target=\"_blank\" rel=\"noopener\">INSTALAR FILTERFLOW EVO ESPA\u00d1OL<\/a><\/p>\n<p><a href=\"https:\/\/jcendurance.com\/wp-content\/uploads\/2024\/09\/PREPARACION-FILTERFLOW-EVO-ESPANOL.pdf\">PREPARATION FILTERFLOW EVO ENGLISH<\/a><\/p>\n<p><a href=\"https:\/\/www.youtube.com\/watch?v=y4E_OuPsPPU\" target=\"_blank\" rel=\"noopener\">Configuraci\u00f3n de FilterFlow<\/a><\/p>\n<p>Tiempo de preparaci\u00f3n del pedido: 2-8 d\u00edas, dependiendo del volumen del pedido, nuestros productos son artesanales y eso lleva su tiempo. \u00a1\u00a1Pero la espera merecer\u00e1 la pena !!<\/p>\n<p>Tiempo de preparaci\u00f3n del pedido: actualmente de 2 a 8 d\u00edas, dependiendo del volumen de pedidos. \u00a1\u00a1\u00a1Nuestros productos est\u00e1n hechos artesanalmente y eso lleva su tiempo, pero la espera valdr\u00e1 la pena !!!<\/p>","protected":false},"excerpt":{"rendered":"<p>Pago por PayPal o Transferencia Bancaria. \u00a1\u00a1\u00a1FilterFlow EVO: Filtro de Aire de Espuma Aceitada con tama\u00f1o expandido para un mayor flujo de aire y Mecanizado en Fibra de Carbono y Nylon AHORA OFERTA ESPECIAL !!!<\/p>\n<p>Por favor, lea la Descripci\u00f3n (m\u00e1s abajo en esta p\u00e1gina) para encontrar los archivos de ayuda, el contenido del kit y los plazos de entrega. La empresa de transporte es Correos Espa\u00f1a.<\/p>","protected":false},"featured_media":706,"template":"","meta":{"_joinchat":[]},"product_brand":[],"product_cat":[19],"product_tag":[],"class_list":{"0":"post-358","1":"product","2":"type-product","3":"status-publish","4":"has-post-thumbnail","6":"product_cat-voge-300-rally","8":"first","9":"instock","10":"sale","11":"taxable","12":"shipping-taxable","13":"purchasable","14":"product-type-simple"},"yoast_head":"<!-- This site is optimized with the Yoast SEO plugin v27.3 - https:\/\/yoast.com\/product\/yoast-seo-wordpress\/ -->\n<title>FilterFlow EVO for Voge 300 Rally - JC SuperFlow Racing<\/title>\n<meta name=\"robots\" content=\"index, follow, max-snippet:-1, max-image-preview:large, max-video-preview:-1\" \/>\n<link rel=\"canonical\" href=\"https:\/\/superflow-racing.com\/es\/producto\/filterflow-evo-for-voge-300-rally\/\" \/>\n<meta property=\"og:locale\" content=\"es_ES\" \/>\n<meta property=\"og:type\" content=\"article\" \/>\n<meta property=\"og:title\" content=\"FilterFlow EVO for Voge 300 Rally - JC SuperFlow Racing\" \/>\n<meta property=\"og:description\" content=\"PayPal or Bank Transfer Payment. FilterFlow EVO: Oiled Foam Air Filter with expanded size for a higher airflow and Machined in Carbon Fiber and Nylon NOW SPECIAL OFFER !!  Please read the Description (further down this page) to find help files, kit contents and delivery times. The shippment company is Correos Espa\u00f1a.\" \/>\n<meta property=\"og:url\" content=\"https:\/\/superflow-racing.com\/es\/producto\/filterflow-evo-for-voge-300-rally\/\" \/>\n<meta property=\"og:site_name\" content=\"JC SuperFlow Racing\" \/>\n<meta property=\"article:modified_time\" content=\"2026-03-21T20:57:39+00:00\" \/>\n<meta property=\"og:image\" content=\"https:\/\/superflow-racing.com\/wp-content\/uploads\/2024\/10\/IMG_20250420_135422-scaled.jpg\" \/>\n\t<meta property=\"og:image:width\" content=\"2560\" \/>\n\t<meta property=\"og:image:height\" content=\"1703\" \/>\n\t<meta property=\"og:image:type\" content=\"image\/jpeg\" \/>\n<meta name=\"twitter:card\" content=\"summary_large_image\" \/>\n<meta name=\"twitter:label1\" content=\"Tiempo de lectura\" \/>\n\t<meta name=\"twitter:data1\" content=\"2 minutos\" \/>\n<script type=\"application\/ld+json\" class=\"yoast-schema-graph\">{\"@context\":\"https:\\\/\\\/schema.org\",\"@graph\":[{\"@type\":\"WebPage\",\"@id\":\"https:\\\/\\\/superflow-racing.com\\\/producto\\\/filterflow-evo-for-voge-300-rally\\\/\",\"url\":\"https:\\\/\\\/superflow-racing.com\\\/producto\\\/filterflow-evo-for-voge-300-rally\\\/\",\"name\":\"FilterFlow EVO for Voge 300 Rally - JC SuperFlow Racing\",\"isPartOf\":{\"@id\":\"https:\\\/\\\/superflow-racing.com\\\/#website\"},\"primaryImageOfPage\":{\"@id\":\"https:\\\/\\\/superflow-racing.com\\\/producto\\\/filterflow-evo-for-voge-300-rally\\\/#primaryimage\"},\"image\":{\"@id\":\"https:\\\/\\\/superflow-racing.com\\\/producto\\\/filterflow-evo-for-voge-300-rally\\\/#primaryimage\"},\"thumbnailUrl\":\"https:\\\/\\\/superflow-racing.com\\\/wp-content\\\/uploads\\\/2024\\\/10\\\/IMG_20250420_135422-scaled.jpg\",\"datePublished\":\"2024-10-10T22:26:53+00:00\",\"dateModified\":\"2026-03-21T20:57:39+00:00\",\"breadcrumb\":{\"@id\":\"https:\\\/\\\/superflow-racing.com\\\/producto\\\/filterflow-evo-for-voge-300-rally\\\/#breadcrumb\"},\"inLanguage\":\"es\",\"potentialAction\":[{\"@type\":\"ReadAction\",\"target\":[\"https:\\\/\\\/superflow-racing.com\\\/producto\\\/filterflow-evo-for-voge-300-rally\\\/\"]}]},{\"@type\":\"ImageObject\",\"inLanguage\":\"es\",\"@id\":\"https:\\\/\\\/superflow-racing.com\\\/producto\\\/filterflow-evo-for-voge-300-rally\\\/#primaryimage\",\"url\":\"https:\\\/\\\/superflow-racing.com\\\/wp-content\\\/uploads\\\/2024\\\/10\\\/IMG_20250420_135422-scaled.jpg\",\"contentUrl\":\"https:\\\/\\\/superflow-racing.com\\\/wp-content\\\/uploads\\\/2024\\\/10\\\/IMG_20250420_135422-scaled.jpg\",\"width\":2560,\"height\":1703},{\"@type\":\"BreadcrumbList\",\"@id\":\"https:\\\/\\\/superflow-racing.com\\\/producto\\\/filterflow-evo-for-voge-300-rally\\\/#breadcrumb\",\"itemListElement\":[{\"@type\":\"ListItem\",\"position\":1,\"name\":\"Home\",\"item\":\"https:\\\/\\\/superflow-racing.com\\\/\"},{\"@type\":\"ListItem\",\"position\":2,\"name\":\"Tienda-Shop\",\"item\":\"https:\\\/\\\/superflow-racing.com\\\/tienda\\\/\"},{\"@type\":\"ListItem\",\"position\":3,\"name\":\"FilterFlow EVO for Voge 300 Rally\"}]},{\"@type\":\"WebSite\",\"@id\":\"https:\\\/\\\/superflow-racing.com\\\/#website\",\"url\":\"https:\\\/\\\/superflow-racing.com\\\/\",\"name\":\"JC Superflow Racing\",\"description\":\"PowerFlow Voge Power &amp; Torque bike site\",\"publisher\":{\"@id\":\"https:\\\/\\\/superflow-racing.com\\\/#organization\"},\"potentialAction\":[{\"@type\":\"SearchAction\",\"target\":{\"@type\":\"EntryPoint\",\"urlTemplate\":\"https:\\\/\\\/superflow-racing.com\\\/?s={search_term_string}\"},\"query-input\":{\"@type\":\"PropertyValueSpecification\",\"valueRequired\":true,\"valueName\":\"search_term_string\"}}],\"inLanguage\":\"es\"},{\"@type\":\"Organization\",\"@id\":\"https:\\\/\\\/superflow-racing.com\\\/#organization\",\"name\":\"PowerFlow JCEndurance Parts\",\"url\":\"https:\\\/\\\/superflow-racing.com\\\/\",\"logo\":{\"@type\":\"ImageObject\",\"inLanguage\":\"es\",\"@id\":\"https:\\\/\\\/superflow-racing.com\\\/#\\\/schema\\\/logo\\\/image\\\/\",\"url\":\"https:\\\/\\\/superflow-racing.com\\\/wp-content\\\/uploads\\\/2025\\\/12\\\/logobn_p.webp\",\"contentUrl\":\"https:\\\/\\\/superflow-racing.com\\\/wp-content\\\/uploads\\\/2025\\\/12\\\/logobn_p.webp\",\"width\":400,\"height\":115,\"caption\":\"PowerFlow JCEndurance Parts\"},\"image\":{\"@id\":\"https:\\\/\\\/superflow-racing.com\\\/#\\\/schema\\\/logo\\\/image\\\/\"}}]}<\/script>\n<!-- \/ Yoast SEO plugin. -->","yoast_head_json":{"title":"FilterFlow EVO for Voge 300 Rally - JC SuperFlow Racing","robots":{"index":"index","follow":"follow","max-snippet":"max-snippet:-1","max-image-preview":"max-image-preview:large","max-video-preview":"max-video-preview:-1"},"canonical":"https:\/\/superflow-racing.com\/es\/producto\/filterflow-evo-for-voge-300-rally\/","og_locale":"es_ES","og_type":"article","og_title":"FilterFlow EVO for Voge 300 Rally - JC SuperFlow Racing","og_description":"PayPal or Bank Transfer Payment. FilterFlow EVO: Oiled Foam Air Filter with expanded size for a higher airflow and Machined in Carbon Fiber and Nylon NOW SPECIAL OFFER !!  Please read the Description (further down this page) to find help files, kit contents and delivery times. The shippment company is Correos Espa\u00f1a.","og_url":"https:\/\/superflow-racing.com\/es\/producto\/filterflow-evo-for-voge-300-rally\/","og_site_name":"JC SuperFlow Racing","article_modified_time":"2026-03-21T20:57:39+00:00","og_image":[{"width":2560,"height":1703,"url":"https:\/\/superflow-racing.com\/wp-content\/uploads\/2024\/10\/IMG_20250420_135422-scaled.jpg","type":"image\/jpeg"}],"twitter_card":"summary_large_image","twitter_misc":{"Tiempo de lectura":"2 minutos"},"schema":{"@context":"https:\/\/schema.org","@graph":[{"@type":"WebPage","@id":"https:\/\/superflow-racing.com\/producto\/filterflow-evo-for-voge-300-rally\/","url":"https:\/\/superflow-racing.com\/producto\/filterflow-evo-for-voge-300-rally\/","name":"FilterFlow EVO for Voge 300 Rally - JC SuperFlow Racing","isPartOf":{"@id":"https:\/\/superflow-racing.com\/#website"},"primaryImageOfPage":{"@id":"https:\/\/superflow-racing.com\/producto\/filterflow-evo-for-voge-300-rally\/#primaryimage"},"image":{"@id":"https:\/\/superflow-racing.com\/producto\/filterflow-evo-for-voge-300-rally\/#primaryimage"},"thumbnailUrl":"https:\/\/superflow-racing.com\/wp-content\/uploads\/2024\/10\/IMG_20250420_135422-scaled.jpg","datePublished":"2024-10-10T22:26:53+00:00","dateModified":"2026-03-21T20:57:39+00:00","breadcrumb":{"@id":"https:\/\/superflow-racing.com\/producto\/filterflow-evo-for-voge-300-rally\/#breadcrumb"},"inLanguage":"es","potentialAction":[{"@type":"ReadAction","target":["https:\/\/superflow-racing.com\/producto\/filterflow-evo-for-voge-300-rally\/"]}]},{"@type":"ImageObject","inLanguage":"es","@id":"https:\/\/superflow-racing.com\/producto\/filterflow-evo-for-voge-300-rally\/#primaryimage","url":"https:\/\/superflow-racing.com\/wp-content\/uploads\/2024\/10\/IMG_20250420_135422-scaled.jpg","contentUrl":"https:\/\/superflow-racing.com\/wp-content\/uploads\/2024\/10\/IMG_20250420_135422-scaled.jpg","width":2560,"height":1703},{"@type":"BreadcrumbList","@id":"https:\/\/superflow-racing.com\/producto\/filterflow-evo-for-voge-300-rally\/#breadcrumb","itemListElement":[{"@type":"ListItem","position":1,"name":"Home","item":"https:\/\/superflow-racing.com\/"},{"@type":"ListItem","position":2,"name":"Tienda-Shop","item":"https:\/\/superflow-racing.com\/tienda\/"},{"@type":"ListItem","position":3,"name":"FilterFlow EVO for Voge 300 Rally"}]},{"@type":"WebSite","@id":"https:\/\/superflow-racing.com\/#website","url":"https:\/\/superflow-racing.com\/","name":"JC Superflow Racing","description":"PowerFlow Voge Potencia y par en bicicleta","publisher":{"@id":"https:\/\/superflow-racing.com\/#organization"},"potentialAction":[{"@type":"SearchAction","target":{"@type":"EntryPoint","urlTemplate":"https:\/\/superflow-racing.com\/?s={search_term_string}"},"query-input":{"@type":"PropertyValueSpecification","valueRequired":true,"valueName":"search_term_string"}}],"inLanguage":"es"},{"@type":"Organization","@id":"https:\/\/superflow-racing.com\/#organization","name":"Piezas PowerFlow JCEndurance","url":"https:\/\/superflow-racing.com\/","logo":{"@type":"ImageObject","inLanguage":"es","@id":"https:\/\/superflow-racing.com\/#\/schema\/logo\/image\/","url":"https:\/\/superflow-racing.com\/wp-content\/uploads\/2025\/12\/logobn_p.webp","contentUrl":"https:\/\/superflow-racing.com\/wp-content\/uploads\/2025\/12\/logobn_p.webp","width":400,"height":115,"caption":"PowerFlow JCEndurance Parts"},"image":{"@id":"https:\/\/superflow-racing.com\/#\/schema\/logo\/image\/"}}]}},"_links":{"self":[{"href":"https:\/\/superflow-racing.com\/es\/wp-json\/wp\/v2\/product\/358","targetHints":{"allow":["GET"]}}],"collection":[{"href":"https:\/\/superflow-racing.com\/es\/wp-json\/wp\/v2\/product"}],"about":[{"href":"https:\/\/superflow-racing.com\/es\/wp-json\/wp\/v2\/types\/product"}],"wp:featuredmedia":[{"embeddable":true,"href":"https:\/\/superflow-racing.com\/es\/wp-json\/wp\/v2\/media\/706"}],"wp:attachment":[{"href":"https:\/\/superflow-racing.com\/es\/wp-json\/wp\/v2\/media?parent=358"}],"wp:term":[{"taxonomy":"product_brand","embeddable":true,"href":"https:\/\/superflow-racing.com\/es\/wp-json\/wp\/v2\/product_brand?post=358"},{"taxonomy":"product_cat","embeddable":true,"href":"https:\/\/superflow-racing.com\/es\/wp-json\/wp\/v2\/product_cat?post=358"},{"taxonomy":"product_tag","embeddable":true,"href":"https:\/\/superflow-racing.com\/es\/wp-json\/wp\/v2\/product_tag?post=358"}],"curies":[{"name":"wp","href":"https:\/\/api.w.org\/{rel}","templated":true}]}}