{"id":2225,"date":"2026-04-05T14:48:09","date_gmt":"2026-04-05T12:48:09","guid":{"rendered":"https:\/\/superflow-racing.com\/?post_type=product&#038;p=2225"},"modified":"2026-04-05T15:02:28","modified_gmt":"2026-04-05T13:02:28","slug":"y-splitter-harness-for-voge-900dsx","status":"publish","type":"product","link":"https:\/\/superflow-racing.com\/es\/producto\/y-splitter-harness-for-voge-900dsx\/","title":{"rendered":"Arn\u00e9s divisor en Y para Voge 900dsx"},"content":{"rendered":"<p class=\"isSelectedEnd\"><strong>Adaptador en Y SuperFlow para Voge 900 dsx<\/strong><\/p>\n<p class=\"isSelectedEnd\">Este adaptador en Y permite utilizar <strong>SuperFlow<\/strong> manteniendo el original <strong>conector de diagn\u00f3stico<\/strong> libre y totalmente funcional. Con este cable, dos dispositivos pueden permanecer conectados al arn\u00e9s de cableado de la motocicleta al mismo tiempo, sin modificar la instalaci\u00f3n original.<\/p>\n<p data-start=\"427\" data-end=\"616\">El adaptador divide la conexi\u00f3n del conector original de la motocicleta, permitiendo que SuperFlow reciba la se\u00f1al que necesita mientras el puerto de diagn\u00f3stico permanece disponible para herramientas externas.<\/p>\n<p data-start=\"618\" data-end=\"853\">Esta es una soluci\u00f3n \"plug &amp; play\" dise\u00f1ada para una instalaci\u00f3n r\u00e1pida y segura. No se requiere cortar cables ni realizar modificaciones en el cableado de la motocicleta, por lo que el adaptador se puede retirar en cualquier momento para restaurar el sistema a su condici\u00f3n original.<\/p>\n<p class=\"isSelectedEnd\"><strong>Caracter\u00edsticas principales:<\/strong><\/p>\n<ul data-spread=\"false\">\n<li>\n<p class=\"isSelectedEnd\"><strong>Instalaci\u00f3n Plug &amp; Play<\/strong>, No es necesario cortar cables<\/p>\n<\/li>\n<li>\n<p class=\"isSelectedEnd\">Conectores compatibles con el original <strong>Voge 900 dsx<\/strong> arn\u00e9s de cableado<\/p>\n<\/li>\n<li>\n<p class=\"isSelectedEnd\">Cableado de alta calidad para garantizar una se\u00f1al estable y fiable<\/p>\n<\/li>\n<li>\n<p class=\"isSelectedEnd\">Instalaci\u00f3n totalmente reversible<\/p>\n<\/li>\n<\/ul>\n<p>Este adaptador es ideal para los motociclistas que desean usar SuperFlow sin ocupar permanentemente el conector de diagn\u00f3stico de la motocicleta.<\/p>","protected":false},"excerpt":{"rendered":"<p>Este adaptador en Y te permite usar SuperFlow en la Voge 900 DSX manteniendo libre y totalmente funcional el conector de diagn\u00f3stico original. Con este cable podr\u00e1s mantener varios dispositivos conectados al mazo de cables de la motocicleta al mismo tiempo, sin modificar la instalaci\u00f3n original.<\/p>","protected":false},"featured_media":2226,"template":"","meta":{"_joinchat":[]},"product_brand":[],"product_cat":[16],"product_tag":[],"class_list":{"0":"post-2225","1":"product","2":"type-product","3":"status-publish","4":"has-post-thumbnail","6":"product_cat-sin-categorizar","8":"first","9":"instock","10":"taxable","11":"shipping-taxable","12":"purchasable","13":"product-type-simple"},"yoast_head":"<!-- This site is optimized with the Yoast SEO plugin v27.3 - https:\/\/yoast.com\/product\/yoast-seo-wordpress\/ -->\n<title>Y-splitter harness for Voge 900dsx - JC SuperFlow Racing<\/title>\n<meta name=\"robots\" content=\"index, follow, max-snippet:-1, max-image-preview:large, max-video-preview:-1\" \/>\n<link rel=\"canonical\" href=\"https:\/\/superflow-racing.com\/es\/producto\/y-splitter-harness-for-voge-900dsx\/\" \/>\n<meta property=\"og:locale\" content=\"es_ES\" \/>\n<meta property=\"og:type\" content=\"article\" \/>\n<meta property=\"og:title\" content=\"Y-splitter harness for Voge 900dsx - JC SuperFlow Racing\" \/>\n<meta property=\"og:description\" content=\"This Y-adapter allows you to use SuperFlow on the Voge 900 DSX while keeping the original diagnostic connector free and fully functional. With this cable, multiple devices can remain connected to the motorcycle wiring harness at the same time, without modifying the original installation.\" \/>\n<meta property=\"og:url\" content=\"https:\/\/superflow-racing.com\/es\/producto\/y-splitter-harness-for-voge-900dsx\/\" \/>\n<meta property=\"og:site_name\" content=\"JC SuperFlow Racing\" \/>\n<meta property=\"article:modified_time\" content=\"2026-04-05T13:02:28+00:00\" \/>\n<meta property=\"og:image\" content=\"https:\/\/superflow-racing.com\/wp-content\/uploads\/2026\/04\/y_splitter_v900.jpg\" \/>\n\t<meta property=\"og:image:width\" content=\"720\" \/>\n\t<meta property=\"og:image:height\" content=\"756\" \/>\n\t<meta property=\"og:image:type\" content=\"image\/jpeg\" \/>\n<meta name=\"twitter:card\" content=\"summary_large_image\" \/>\n<meta name=\"twitter:label1\" content=\"Tiempo de lectura\" \/>\n\t<meta name=\"twitter:data1\" content=\"1 minuto\" \/>\n<script type=\"application\/ld+json\" class=\"yoast-schema-graph\">{\"@context\":\"https:\\\/\\\/schema.org\",\"@graph\":[{\"@type\":\"WebPage\",\"@id\":\"https:\\\/\\\/superflow-racing.com\\\/producto\\\/y-splitter-harness-for-voge-900dsx\\\/\",\"url\":\"https:\\\/\\\/superflow-racing.com\\\/producto\\\/y-splitter-harness-for-voge-900dsx\\\/\",\"name\":\"Y-splitter harness for Voge 900dsx - JC SuperFlow Racing\",\"isPartOf\":{\"@id\":\"https:\\\/\\\/superflow-racing.com\\\/#website\"},\"primaryImageOfPage\":{\"@id\":\"https:\\\/\\\/superflow-racing.com\\\/producto\\\/y-splitter-harness-for-voge-900dsx\\\/#primaryimage\"},\"image\":{\"@id\":\"https:\\\/\\\/superflow-racing.com\\\/producto\\\/y-splitter-harness-for-voge-900dsx\\\/#primaryimage\"},\"thumbnailUrl\":\"https:\\\/\\\/superflow-racing.com\\\/wp-content\\\/uploads\\\/2026\\\/04\\\/y_splitter_v900.jpg\",\"datePublished\":\"2026-04-05T12:48:09+00:00\",\"dateModified\":\"2026-04-05T13:02:28+00:00\",\"breadcrumb\":{\"@id\":\"https:\\\/\\\/superflow-racing.com\\\/producto\\\/y-splitter-harness-for-voge-900dsx\\\/#breadcrumb\"},\"inLanguage\":\"es\",\"potentialAction\":[{\"@type\":\"ReadAction\",\"target\":[\"https:\\\/\\\/superflow-racing.com\\\/producto\\\/y-splitter-harness-for-voge-900dsx\\\/\"]}]},{\"@type\":\"ImageObject\",\"inLanguage\":\"es\",\"@id\":\"https:\\\/\\\/superflow-racing.com\\\/producto\\\/y-splitter-harness-for-voge-900dsx\\\/#primaryimage\",\"url\":\"https:\\\/\\\/superflow-racing.com\\\/wp-content\\\/uploads\\\/2026\\\/04\\\/y_splitter_v900.jpg\",\"contentUrl\":\"https:\\\/\\\/superflow-racing.com\\\/wp-content\\\/uploads\\\/2026\\\/04\\\/y_splitter_v900.jpg\",\"width\":720,\"height\":756},{\"@type\":\"BreadcrumbList\",\"@id\":\"https:\\\/\\\/superflow-racing.com\\\/producto\\\/y-splitter-harness-for-voge-900dsx\\\/#breadcrumb\",\"itemListElement\":[{\"@type\":\"ListItem\",\"position\":1,\"name\":\"Home\",\"item\":\"https:\\\/\\\/superflow-racing.com\\\/\"},{\"@type\":\"ListItem\",\"position\":2,\"name\":\"Tienda-Shop\",\"item\":\"https:\\\/\\\/superflow-racing.com\\\/tienda\\\/\"},{\"@type\":\"ListItem\",\"position\":3,\"name\":\"Y-splitter harness for Voge 900dsx\"}]},{\"@type\":\"WebSite\",\"@id\":\"https:\\\/\\\/superflow-racing.com\\\/#website\",\"url\":\"https:\\\/\\\/superflow-racing.com\\\/\",\"name\":\"JC Superflow Racing\",\"description\":\"PowerFlow Voge Power &amp; Torque bike site\",\"publisher\":{\"@id\":\"https:\\\/\\\/superflow-racing.com\\\/#organization\"},\"potentialAction\":[{\"@type\":\"SearchAction\",\"target\":{\"@type\":\"EntryPoint\",\"urlTemplate\":\"https:\\\/\\\/superflow-racing.com\\\/?s={search_term_string}\"},\"query-input\":{\"@type\":\"PropertyValueSpecification\",\"valueRequired\":true,\"valueName\":\"search_term_string\"}}],\"inLanguage\":\"es\"},{\"@type\":\"Organization\",\"@id\":\"https:\\\/\\\/superflow-racing.com\\\/#organization\",\"name\":\"PowerFlow JCEndurance Parts\",\"url\":\"https:\\\/\\\/superflow-racing.com\\\/\",\"logo\":{\"@type\":\"ImageObject\",\"inLanguage\":\"es\",\"@id\":\"https:\\\/\\\/superflow-racing.com\\\/#\\\/schema\\\/logo\\\/image\\\/\",\"url\":\"https:\\\/\\\/superflow-racing.com\\\/wp-content\\\/uploads\\\/2025\\\/12\\\/logobn_p.webp\",\"contentUrl\":\"https:\\\/\\\/superflow-racing.com\\\/wp-content\\\/uploads\\\/2025\\\/12\\\/logobn_p.webp\",\"width\":400,\"height\":115,\"caption\":\"PowerFlow JCEndurance Parts\"},\"image\":{\"@id\":\"https:\\\/\\\/superflow-racing.com\\\/#\\\/schema\\\/logo\\\/image\\\/\"}}]}<\/script>\n<!-- \/ Yoast SEO plugin. -->","yoast_head_json":{"title":"Y-splitter harness for Voge 900dsx - JC SuperFlow Racing","robots":{"index":"index","follow":"follow","max-snippet":"max-snippet:-1","max-image-preview":"max-image-preview:large","max-video-preview":"max-video-preview:-1"},"canonical":"https:\/\/superflow-racing.com\/es\/producto\/y-splitter-harness-for-voge-900dsx\/","og_locale":"es_ES","og_type":"article","og_title":"Y-splitter harness for Voge 900dsx - JC SuperFlow Racing","og_description":"This Y-adapter allows you to use SuperFlow on the Voge 900 DSX while keeping the original diagnostic connector free and fully functional. With this cable, multiple devices can remain connected to the motorcycle wiring harness at the same time, without modifying the original installation.","og_url":"https:\/\/superflow-racing.com\/es\/producto\/y-splitter-harness-for-voge-900dsx\/","og_site_name":"JC SuperFlow Racing","article_modified_time":"2026-04-05T13:02:28+00:00","og_image":[{"width":720,"height":756,"url":"https:\/\/superflow-racing.com\/wp-content\/uploads\/2026\/04\/y_splitter_v900.jpg","type":"image\/jpeg"}],"twitter_card":"summary_large_image","twitter_misc":{"Tiempo de lectura":"1 minuto"},"schema":{"@context":"https:\/\/schema.org","@graph":[{"@type":"WebPage","@id":"https:\/\/superflow-racing.com\/producto\/y-splitter-harness-for-voge-900dsx\/","url":"https:\/\/superflow-racing.com\/producto\/y-splitter-harness-for-voge-900dsx\/","name":"Y-splitter harness for Voge 900dsx - JC SuperFlow Racing","isPartOf":{"@id":"https:\/\/superflow-racing.com\/#website"},"primaryImageOfPage":{"@id":"https:\/\/superflow-racing.com\/producto\/y-splitter-harness-for-voge-900dsx\/#primaryimage"},"image":{"@id":"https:\/\/superflow-racing.com\/producto\/y-splitter-harness-for-voge-900dsx\/#primaryimage"},"thumbnailUrl":"https:\/\/superflow-racing.com\/wp-content\/uploads\/2026\/04\/y_splitter_v900.jpg","datePublished":"2026-04-05T12:48:09+00:00","dateModified":"2026-04-05T13:02:28+00:00","breadcrumb":{"@id":"https:\/\/superflow-racing.com\/producto\/y-splitter-harness-for-voge-900dsx\/#breadcrumb"},"inLanguage":"es","potentialAction":[{"@type":"ReadAction","target":["https:\/\/superflow-racing.com\/producto\/y-splitter-harness-for-voge-900dsx\/"]}]},{"@type":"ImageObject","inLanguage":"es","@id":"https:\/\/superflow-racing.com\/producto\/y-splitter-harness-for-voge-900dsx\/#primaryimage","url":"https:\/\/superflow-racing.com\/wp-content\/uploads\/2026\/04\/y_splitter_v900.jpg","contentUrl":"https:\/\/superflow-racing.com\/wp-content\/uploads\/2026\/04\/y_splitter_v900.jpg","width":720,"height":756},{"@type":"BreadcrumbList","@id":"https:\/\/superflow-racing.com\/producto\/y-splitter-harness-for-voge-900dsx\/#breadcrumb","itemListElement":[{"@type":"ListItem","position":1,"name":"Home","item":"https:\/\/superflow-racing.com\/"},{"@type":"ListItem","position":2,"name":"Tienda-Shop","item":"https:\/\/superflow-racing.com\/tienda\/"},{"@type":"ListItem","position":3,"name":"Y-splitter harness for Voge 900dsx"}]},{"@type":"WebSite","@id":"https:\/\/superflow-racing.com\/#website","url":"https:\/\/superflow-racing.com\/","name":"JC Superflow Racing","description":"PowerFlow Voge Potencia y par en bicicleta","publisher":{"@id":"https:\/\/superflow-racing.com\/#organization"},"potentialAction":[{"@type":"SearchAction","target":{"@type":"EntryPoint","urlTemplate":"https:\/\/superflow-racing.com\/?s={search_term_string}"},"query-input":{"@type":"PropertyValueSpecification","valueRequired":true,"valueName":"search_term_string"}}],"inLanguage":"es"},{"@type":"Organization","@id":"https:\/\/superflow-racing.com\/#organization","name":"Piezas PowerFlow JCEndurance","url":"https:\/\/superflow-racing.com\/","logo":{"@type":"ImageObject","inLanguage":"es","@id":"https:\/\/superflow-racing.com\/#\/schema\/logo\/image\/","url":"https:\/\/superflow-racing.com\/wp-content\/uploads\/2025\/12\/logobn_p.webp","contentUrl":"https:\/\/superflow-racing.com\/wp-content\/uploads\/2025\/12\/logobn_p.webp","width":400,"height":115,"caption":"PowerFlow JCEndurance Parts"},"image":{"@id":"https:\/\/superflow-racing.com\/#\/schema\/logo\/image\/"}}]}},"_links":{"self":[{"href":"https:\/\/superflow-racing.com\/es\/wp-json\/wp\/v2\/product\/2225","targetHints":{"allow":["GET"]}}],"collection":[{"href":"https:\/\/superflow-racing.com\/es\/wp-json\/wp\/v2\/product"}],"about":[{"href":"https:\/\/superflow-racing.com\/es\/wp-json\/wp\/v2\/types\/product"}],"wp:featuredmedia":[{"embeddable":true,"href":"https:\/\/superflow-racing.com\/es\/wp-json\/wp\/v2\/media\/2226"}],"wp:attachment":[{"href":"https:\/\/superflow-racing.com\/es\/wp-json\/wp\/v2\/media?parent=2225"}],"wp:term":[{"taxonomy":"product_brand","embeddable":true,"href":"https:\/\/superflow-racing.com\/es\/wp-json\/wp\/v2\/product_brand?post=2225"},{"taxonomy":"product_cat","embeddable":true,"href":"https:\/\/superflow-racing.com\/es\/wp-json\/wp\/v2\/product_cat?post=2225"},{"taxonomy":"product_tag","embeddable":true,"href":"https:\/\/superflow-racing.com\/es\/wp-json\/wp\/v2\/product_tag?post=2225"}],"curies":[{"name":"wp","href":"https:\/\/api.w.org\/{rel}","templated":true}]}}