{"id":1956,"date":"2026-03-17T22:12:04","date_gmt":"2026-03-17T20:12:04","guid":{"rendered":"https:\/\/superflow-racing.com\/?post_type=product&#038;p=1956"},"modified":"2026-03-17T22:31:02","modified_gmt":"2026-03-17T20:31:02","slug":"air-filter-for-voge-800-rally","status":"publish","type":"product","link":"https:\/\/superflow-racing.com\/es\/producto\/air-filter-for-voge-800-rally\/","title":{"rendered":"Filtro de aire para Voge 800 Rally"},"content":{"rendered":"<p class=\"mb-0\">Filtro de aire de espuma con tama\u00f1o ampliado para un mayor flujo de aire. Espuma bicompuesta engrasada para un filtrado en profundidad. Dos espumas incluidas para una conducci\u00f3n sin paradas. Aumenta la salud del motor. Mecanizado en Fibra de Carbono - Nylon.<\/p>\n<p>Fabricaci\u00f3n de la m\u00e1s alta calidad con filamento de Fibra de Nylon-Carbono.  El alto flujo de aire que proporciona lo hace ideal para su uso con nuestro SuperFlow, dando un mayor rendimiento que el filtro de tama\u00f1o est\u00e1ndar.<\/p>\n<p>Tiempo de preparaci\u00f3n del pedido: 2-8 d\u00edas, dependiendo del volumen del pedido, nuestros productos son artesanales y eso lleva su tiempo. \u00a1\u00a1Pero la espera merecer\u00e1 la pena !!<\/p>\n<p>Tiempo de preparaci\u00f3n del pedido: actualmente de 2 a 8 d\u00edas, dependiendo del volumen de pedidos. \u00a1\u00a1\u00a1Nuestros productos est\u00e1n hechos artesanalmente y eso lleva su tiempo, pero la espera valdr\u00e1 la pena !!!<\/p>","protected":false},"excerpt":{"rendered":"<p>Pago por PayPal o Transferencia Bancaria. Filtro de Aire de Espuma Aceitada con tama\u00f1o expandido para un mayor flujo de aire y Mecanizado en Fibra de Carbono y Nylon.<\/p>\n<p>Por favor, lea la Descripci\u00f3n (m\u00e1s abajo en esta p\u00e1gina) para encontrar los archivos de ayuda, el contenido del kit y los plazos de entrega. La empresa de transporte es Correos Espa\u00f1a.<\/p>","protected":false},"featured_media":1958,"template":"","meta":{"_joinchat":[]},"product_brand":[],"product_cat":[16],"product_tag":[],"class_list":{"0":"post-1956","1":"product","2":"type-product","3":"status-publish","4":"has-post-thumbnail","6":"product_cat-sin-categorizar","8":"first","9":"instock","10":"sale","11":"taxable","12":"shipping-taxable","13":"purchasable","14":"product-type-simple"},"yoast_head":"<!-- This site is optimized with the Yoast SEO plugin v27.3 - https:\/\/yoast.com\/product\/yoast-seo-wordpress\/ -->\n<title>Air Filter for Voge 800 Rally - JC SuperFlow Racing<\/title>\n<meta name=\"robots\" content=\"index, follow, max-snippet:-1, max-image-preview:large, max-video-preview:-1\" \/>\n<link rel=\"canonical\" href=\"https:\/\/superflow-racing.com\/es\/producto\/air-filter-for-voge-800-rally\/\" \/>\n<meta property=\"og:locale\" content=\"es_ES\" \/>\n<meta property=\"og:type\" content=\"article\" \/>\n<meta property=\"og:title\" content=\"Air Filter for Voge 800 Rally - JC SuperFlow Racing\" \/>\n<meta property=\"og:description\" content=\"PayPal or Bank Transfer Payment. Oiled Foam Air Filter with expanded size for a higher airflow and Machined in Carbon Fiber and Nylon.  Please read the Description (further down this page) to find help files, kit contents and delivery times. The shippment company is Correos Espa\u00f1a.\" \/>\n<meta property=\"og:url\" content=\"https:\/\/superflow-racing.com\/es\/producto\/air-filter-for-voge-800-rally\/\" \/>\n<meta property=\"og:site_name\" content=\"JC SuperFlow Racing\" \/>\n<meta property=\"article:modified_time\" content=\"2026-03-17T20:31:02+00:00\" \/>\n<meta property=\"og:image\" content=\"https:\/\/superflow-racing.com\/wp-content\/uploads\/2026\/03\/filtro_voge_800_rally.jpg\" \/>\n\t<meta property=\"og:image:width\" content=\"1812\" \/>\n\t<meta property=\"og:image:height\" content=\"1668\" \/>\n\t<meta property=\"og:image:type\" content=\"image\/jpeg\" \/>\n<meta name=\"twitter:card\" content=\"summary_large_image\" \/>\n<meta name=\"twitter:label1\" content=\"Tiempo de lectura\" \/>\n\t<meta name=\"twitter:data1\" content=\"1 minuto\" \/>\n<script type=\"application\/ld+json\" class=\"yoast-schema-graph\">{\"@context\":\"https:\\\/\\\/schema.org\",\"@graph\":[{\"@type\":\"WebPage\",\"@id\":\"https:\\\/\\\/superflow-racing.com\\\/producto\\\/air-filter-for-voge-800-rally\\\/\",\"url\":\"https:\\\/\\\/superflow-racing.com\\\/producto\\\/air-filter-for-voge-800-rally\\\/\",\"name\":\"Air Filter for Voge 800 Rally - JC SuperFlow Racing\",\"isPartOf\":{\"@id\":\"https:\\\/\\\/superflow-racing.com\\\/#website\"},\"primaryImageOfPage\":{\"@id\":\"https:\\\/\\\/superflow-racing.com\\\/producto\\\/air-filter-for-voge-800-rally\\\/#primaryimage\"},\"image\":{\"@id\":\"https:\\\/\\\/superflow-racing.com\\\/producto\\\/air-filter-for-voge-800-rally\\\/#primaryimage\"},\"thumbnailUrl\":\"https:\\\/\\\/superflow-racing.com\\\/wp-content\\\/uploads\\\/2026\\\/03\\\/filtro_voge_800_rally.jpg\",\"datePublished\":\"2026-03-17T20:12:04+00:00\",\"dateModified\":\"2026-03-17T20:31:02+00:00\",\"breadcrumb\":{\"@id\":\"https:\\\/\\\/superflow-racing.com\\\/producto\\\/air-filter-for-voge-800-rally\\\/#breadcrumb\"},\"inLanguage\":\"es\",\"potentialAction\":[{\"@type\":\"ReadAction\",\"target\":[\"https:\\\/\\\/superflow-racing.com\\\/producto\\\/air-filter-for-voge-800-rally\\\/\"]}]},{\"@type\":\"ImageObject\",\"inLanguage\":\"es\",\"@id\":\"https:\\\/\\\/superflow-racing.com\\\/producto\\\/air-filter-for-voge-800-rally\\\/#primaryimage\",\"url\":\"https:\\\/\\\/superflow-racing.com\\\/wp-content\\\/uploads\\\/2026\\\/03\\\/filtro_voge_800_rally.jpg\",\"contentUrl\":\"https:\\\/\\\/superflow-racing.com\\\/wp-content\\\/uploads\\\/2026\\\/03\\\/filtro_voge_800_rally.jpg\",\"width\":1812,\"height\":1668},{\"@type\":\"BreadcrumbList\",\"@id\":\"https:\\\/\\\/superflow-racing.com\\\/producto\\\/air-filter-for-voge-800-rally\\\/#breadcrumb\",\"itemListElement\":[{\"@type\":\"ListItem\",\"position\":1,\"name\":\"Home\",\"item\":\"https:\\\/\\\/superflow-racing.com\\\/\"},{\"@type\":\"ListItem\",\"position\":2,\"name\":\"Tienda-Shop\",\"item\":\"https:\\\/\\\/superflow-racing.com\\\/tienda\\\/\"},{\"@type\":\"ListItem\",\"position\":3,\"name\":\"Air Filter for Voge 800 Rally\"}]},{\"@type\":\"WebSite\",\"@id\":\"https:\\\/\\\/superflow-racing.com\\\/#website\",\"url\":\"https:\\\/\\\/superflow-racing.com\\\/\",\"name\":\"JC Superflow Racing\",\"description\":\"PowerFlow Voge Power &amp; Torque bike site\",\"publisher\":{\"@id\":\"https:\\\/\\\/superflow-racing.com\\\/#organization\"},\"potentialAction\":[{\"@type\":\"SearchAction\",\"target\":{\"@type\":\"EntryPoint\",\"urlTemplate\":\"https:\\\/\\\/superflow-racing.com\\\/?s={search_term_string}\"},\"query-input\":{\"@type\":\"PropertyValueSpecification\",\"valueRequired\":true,\"valueName\":\"search_term_string\"}}],\"inLanguage\":\"es\"},{\"@type\":\"Organization\",\"@id\":\"https:\\\/\\\/superflow-racing.com\\\/#organization\",\"name\":\"PowerFlow JCEndurance Parts\",\"url\":\"https:\\\/\\\/superflow-racing.com\\\/\",\"logo\":{\"@type\":\"ImageObject\",\"inLanguage\":\"es\",\"@id\":\"https:\\\/\\\/superflow-racing.com\\\/#\\\/schema\\\/logo\\\/image\\\/\",\"url\":\"https:\\\/\\\/superflow-racing.com\\\/wp-content\\\/uploads\\\/2025\\\/12\\\/logobn_p.webp\",\"contentUrl\":\"https:\\\/\\\/superflow-racing.com\\\/wp-content\\\/uploads\\\/2025\\\/12\\\/logobn_p.webp\",\"width\":400,\"height\":115,\"caption\":\"PowerFlow JCEndurance Parts\"},\"image\":{\"@id\":\"https:\\\/\\\/superflow-racing.com\\\/#\\\/schema\\\/logo\\\/image\\\/\"}}]}<\/script>\n<!-- \/ Yoast SEO plugin. -->","yoast_head_json":{"title":"Air Filter for Voge 800 Rally - JC SuperFlow Racing","robots":{"index":"index","follow":"follow","max-snippet":"max-snippet:-1","max-image-preview":"max-image-preview:large","max-video-preview":"max-video-preview:-1"},"canonical":"https:\/\/superflow-racing.com\/es\/producto\/air-filter-for-voge-800-rally\/","og_locale":"es_ES","og_type":"article","og_title":"Air Filter for Voge 800 Rally - JC SuperFlow Racing","og_description":"PayPal or Bank Transfer Payment. Oiled Foam Air Filter with expanded size for a higher airflow and Machined in Carbon Fiber and Nylon.  Please read the Description (further down this page) to find help files, kit contents and delivery times. The shippment company is Correos Espa\u00f1a.","og_url":"https:\/\/superflow-racing.com\/es\/producto\/air-filter-for-voge-800-rally\/","og_site_name":"JC SuperFlow Racing","article_modified_time":"2026-03-17T20:31:02+00:00","og_image":[{"width":1812,"height":1668,"url":"https:\/\/superflow-racing.com\/wp-content\/uploads\/2026\/03\/filtro_voge_800_rally.jpg","type":"image\/jpeg"}],"twitter_card":"summary_large_image","twitter_misc":{"Tiempo de lectura":"1 minuto"},"schema":{"@context":"https:\/\/schema.org","@graph":[{"@type":"WebPage","@id":"https:\/\/superflow-racing.com\/producto\/air-filter-for-voge-800-rally\/","url":"https:\/\/superflow-racing.com\/producto\/air-filter-for-voge-800-rally\/","name":"Air Filter for Voge 800 Rally - JC SuperFlow Racing","isPartOf":{"@id":"https:\/\/superflow-racing.com\/#website"},"primaryImageOfPage":{"@id":"https:\/\/superflow-racing.com\/producto\/air-filter-for-voge-800-rally\/#primaryimage"},"image":{"@id":"https:\/\/superflow-racing.com\/producto\/air-filter-for-voge-800-rally\/#primaryimage"},"thumbnailUrl":"https:\/\/superflow-racing.com\/wp-content\/uploads\/2026\/03\/filtro_voge_800_rally.jpg","datePublished":"2026-03-17T20:12:04+00:00","dateModified":"2026-03-17T20:31:02+00:00","breadcrumb":{"@id":"https:\/\/superflow-racing.com\/producto\/air-filter-for-voge-800-rally\/#breadcrumb"},"inLanguage":"es","potentialAction":[{"@type":"ReadAction","target":["https:\/\/superflow-racing.com\/producto\/air-filter-for-voge-800-rally\/"]}]},{"@type":"ImageObject","inLanguage":"es","@id":"https:\/\/superflow-racing.com\/producto\/air-filter-for-voge-800-rally\/#primaryimage","url":"https:\/\/superflow-racing.com\/wp-content\/uploads\/2026\/03\/filtro_voge_800_rally.jpg","contentUrl":"https:\/\/superflow-racing.com\/wp-content\/uploads\/2026\/03\/filtro_voge_800_rally.jpg","width":1812,"height":1668},{"@type":"BreadcrumbList","@id":"https:\/\/superflow-racing.com\/producto\/air-filter-for-voge-800-rally\/#breadcrumb","itemListElement":[{"@type":"ListItem","position":1,"name":"Home","item":"https:\/\/superflow-racing.com\/"},{"@type":"ListItem","position":2,"name":"Tienda-Shop","item":"https:\/\/superflow-racing.com\/tienda\/"},{"@type":"ListItem","position":3,"name":"Air Filter for Voge 800 Rally"}]},{"@type":"WebSite","@id":"https:\/\/superflow-racing.com\/#website","url":"https:\/\/superflow-racing.com\/","name":"JC Superflow Racing","description":"PowerFlow Voge Potencia y par en bicicleta","publisher":{"@id":"https:\/\/superflow-racing.com\/#organization"},"potentialAction":[{"@type":"SearchAction","target":{"@type":"EntryPoint","urlTemplate":"https:\/\/superflow-racing.com\/?s={search_term_string}"},"query-input":{"@type":"PropertyValueSpecification","valueRequired":true,"valueName":"search_term_string"}}],"inLanguage":"es"},{"@type":"Organization","@id":"https:\/\/superflow-racing.com\/#organization","name":"Piezas PowerFlow JCEndurance","url":"https:\/\/superflow-racing.com\/","logo":{"@type":"ImageObject","inLanguage":"es","@id":"https:\/\/superflow-racing.com\/#\/schema\/logo\/image\/","url":"https:\/\/superflow-racing.com\/wp-content\/uploads\/2025\/12\/logobn_p.webp","contentUrl":"https:\/\/superflow-racing.com\/wp-content\/uploads\/2025\/12\/logobn_p.webp","width":400,"height":115,"caption":"PowerFlow JCEndurance Parts"},"image":{"@id":"https:\/\/superflow-racing.com\/#\/schema\/logo\/image\/"}}]}},"_links":{"self":[{"href":"https:\/\/superflow-racing.com\/es\/wp-json\/wp\/v2\/product\/1956","targetHints":{"allow":["GET"]}}],"collection":[{"href":"https:\/\/superflow-racing.com\/es\/wp-json\/wp\/v2\/product"}],"about":[{"href":"https:\/\/superflow-racing.com\/es\/wp-json\/wp\/v2\/types\/product"}],"wp:featuredmedia":[{"embeddable":true,"href":"https:\/\/superflow-racing.com\/es\/wp-json\/wp\/v2\/media\/1958"}],"wp:attachment":[{"href":"https:\/\/superflow-racing.com\/es\/wp-json\/wp\/v2\/media?parent=1956"}],"wp:term":[{"taxonomy":"product_brand","embeddable":true,"href":"https:\/\/superflow-racing.com\/es\/wp-json\/wp\/v2\/product_brand?post=1956"},{"taxonomy":"product_cat","embeddable":true,"href":"https:\/\/superflow-racing.com\/es\/wp-json\/wp\/v2\/product_cat?post=1956"},{"taxonomy":"product_tag","embeddable":true,"href":"https:\/\/superflow-racing.com\/es\/wp-json\/wp\/v2\/product_tag?post=1956"}],"curies":[{"name":"wp","href":"https:\/\/api.w.org\/{rel}","templated":true}]}}