{"id":1883,"date":"2026-03-14T18:12:56","date_gmt":"2026-03-14T16:12:56","guid":{"rendered":"https:\/\/superflow-racing.com\/?post_type=product&#038;p=1883"},"modified":"2026-04-02T17:01:24","modified_gmt":"2026-04-02T15:01:24","slug":"kit-sfperformance-for-voge-800-rally","status":"publish","type":"product","link":"https:\/\/superflow-racing.com\/es\/producto\/kit-sfperformance-for-voge-800-rally\/","title":{"rendered":"Kit SFPerformance para Voge 800 Rally"},"content":{"rendered":"<div style=\"display: flex; gap: 20px; align-items: flex-start; flex-wrap: wrap;\">\n<div style=\"flex: 1; min-width: 300px;\"><iframe loading=\"lazy\" src=\"https:\/\/www.youtube.com\/embed\/8Ukja7fdiqo\" width=\"100%\" height=\"315\" frameborder=\"0\" allowfullscreen=\"allowfullscreen\"><br \/>\n<\/iframe><\/div>\n<div style=\"flex: 1; min-width: 300px;\"><iframe loading=\"lazy\" src=\"https:\/\/www.youtube.com\/embed\/6eGEDkH6tpE\" width=\"100%\" height=\"315\" frameborder=\"0\" allowfullscreen=\"allowfullscreen\"><br \/>\n<\/iframe><\/div>\n<\/div>\n<p><img loading=\"lazy\" decoding=\"async\" class=\"alignnone size-medium wp-image-636\" src=\"https:\/\/superflow-racing.com\/wp-content\/uploads\/2024\/10\/oepm-300x110.png\" alt=\"\" width=\"300\" height=\"110\" srcset=\"https:\/\/superflow-racing.com\/wp-content\/uploads\/2024\/10\/oepm-300x110.png 300w, https:\/\/superflow-racing.com\/wp-content\/uploads\/2024\/10\/oepm-768x281.png 768w, https:\/\/superflow-racing.com\/wp-content\/uploads\/2024\/10\/oepm-600x220.png 600w, https:\/\/superflow-racing.com\/wp-content\/uploads\/2024\/10\/oepm.png 800w\" sizes=\"auto, (max-width: 300px) 100vw, 300px\" \/><\/p>\n<p><strong>Producto patentado en la Oficina Europea de Patentes y Marcas.<\/strong><\/p>\n<p>Pago por PayPal o transferencia bancaria.<\/p>\n<p>SFPerformance Kit con <strong>SuperFlow<\/strong> para Voge 800 Rally, filtro de aire High Flow (FilterFlow) en Fibra de Carbono y pieza de Acelerador R\u00e1pido.<\/p>\n<p>Kit de potencia, par y seguridad. FilterFlow para proteger el motor del polvo, con una superficie de aire sobredimensionada, que permite una mayor entrada de aire. Mecanizado en Fibra de Carbono para asegurar muchos a\u00f1os de disfrute. El elemento filtrante de espuma debe engrasarse adecuadamente para garantizar una filtraci\u00f3n eficaz y la protecci\u00f3n del motor.<\/p>\n<p>SuperFlow para Voge 800 Rally que proporciona mayor respuesta, par y potencia a medio y bajo r\u00e9gimen y lubrica y refrigera el motor. con una aplicaci\u00f3n m\u00f3vil para gestionar todas las funciones como el nivel de enriquecimiento, la normativa EURO, los mapas de enriquecimiento, los dispositivos de expansi\u00f3n o las actualizaciones.<\/p>\n<p>Ventajas de SuperFlow:<\/p>\n<ol type=\"\u201dA\u201d\">\n<li>Mayor lubricaci\u00f3n del motor<\/li>\n<li>Menor sobrecalentamiento del motor y las v\u00e1lvulas<\/li>\n<li>Mayor respuesta y par a bajas y medias revoluciones<\/li>\n<li>Eliminaci\u00f3n del efecto on-off del motor, lo que beneficia enormemente la conducci\u00f3n en carreteras y senderos a baja velocidad ya que el control sobre el acelerador es mucho m\u00e1s fino.<\/li>\n<li>M\u00e1s empuje al acelerar<\/li>\n<li>Reducci\u00f3n de vibraciones<\/li>\n<li>Mapas avanzados: A\u00fan m\u00e1s par motor y capacidad de respuesta. Elige un mapa en funci\u00f3n de lo que quieras hacer: trial, enduro, trail, carretera... especialmente adaptado a las caracter\u00edsticas de la Voge 800 Rally.<\/li>\n<li>Con nuestro Emulador Post-cat (se vende por separado) puede instalar un escape aftermarket sin problemas ni c\u00f3digos de error.<\/li>\n<\/ol>\n<p>FilterFlow: El filtro presenta un ajuste de ingenier\u00eda de precisi\u00f3n con un sello de compresi\u00f3n perfectamente calibrado, que garantiza un contacto consistente y uniforme a lo largo de todo el per\u00edmetro. La junta de silicona proporciona una adaptabilidad \u00f3ptima a las tolerancias de la superficie al tiempo que mantiene la estabilidad estructural, lo que da como resultado un sellado excepcionalmente fiable que impide eficazmente que el polvo o el aire no filtrado se salten el sistema de filtraci\u00f3n.<\/p>\n<p>Para comprobar el correcto funcionamiento del Superflow, incluye un esc\u00e1ner OBD2 integrado.<\/p>\n<p>Tambi\u00e9n incluimos una pieza para aumentar la velocidad de respuesta del acelerador, denominada \u201cacelerador r\u00e1pido\u201d.<\/p>\n<p>Usted obtiene: 1 SuperFlow Wifi, 1 FilterFlow con dos espumas.<\/p>\n<p>Tiempo de preparaci\u00f3n del pedido: 5-15 d\u00edas laborables, dependiendo del volumen del pedido, nuestros productos est\u00e1n hechos a mano y eso lleva su tiempo. \u00a1\u00a1Pero la espera merecer\u00e1 la pena !!<\/p>\n<p>Tiempo de preparaci\u00f3n del pedido: actualmente de 5 a 15 d\u00edas laborables, dependiendo del volumen de pedidos. \u00a1\u00a1\u00a1Nuestros productos est\u00e1n hechos artesanalmente y eso lleva su tiempo, pero la espera valdr\u00e1 la pena !!!<\/p>\n<p><a href=\"https:\/\/superflow-racing.com\/es\/superflow-instructions\/\">Instrucciones de instalaci\u00f3n de SuperFlow<\/a><\/p>","protected":false},"excerpt":{"rendered":"<p>Pago por PayPal o transferencia bancaria.<\/p>\n<p>Bas\u00e1ndonos en el \u00e9xito de nuestro sistema PowerFlow, <strong>SuperFlow<\/strong> ofrece un par motor mejorado a bajas revoluciones, una respuesta del acelerador m\u00e1s precisa y una experiencia de conducci\u00f3n notablemente m\u00e1s suave y potente.<\/p>\n<p>Dise\u00f1ado para proteger su motor del polvo, el <strong>FilterFlow<\/strong> El filtro de aire de alto rendimiento maximiza el flujo de aire a trav\u00e9s de una superficie de filtraci\u00f3n sobredimensionada, garantizando una eficiencia superior en la admisi\u00f3n de aire. Mecanizado con precisi\u00f3n a partir de fibra de carbono para una resistencia, durabilidad y rendimiento a largo plazo excepcionales.<\/p>","protected":false},"featured_media":1884,"template":"","meta":{"_joinchat":[]},"product_brand":[],"product_cat":[16],"product_tag":[],"class_list":{"0":"post-1883","1":"product","2":"type-product","3":"status-publish","4":"has-post-thumbnail","6":"product_cat-sin-categorizar","8":"first","9":"instock","10":"taxable","11":"shipping-taxable","12":"purchasable","13":"product-type-simple"},"yoast_head":"<!-- This site is optimized with the Yoast SEO plugin v27.3 - https:\/\/yoast.com\/product\/yoast-seo-wordpress\/ -->\n<title>SUPERFLOW :: SuperFlow SFPerformance Kit<\/title>\n<meta name=\"description\" content=\"SuperFlow Voge 800 Rally Kit. Increases Torque, Power and response. More drivability\" \/>\n<meta name=\"robots\" content=\"index, follow, max-snippet:-1, max-image-preview:large, max-video-preview:-1\" \/>\n<link rel=\"canonical\" href=\"https:\/\/superflow-racing.com\/es\/producto\/kit-sfperformance-for-voge-800-rally\/\" \/>\n<meta property=\"og:locale\" content=\"es_ES\" \/>\n<meta property=\"og:type\" content=\"article\" \/>\n<meta property=\"og:title\" content=\"SUPERFLOW :: SuperFlow SFPerformance Kit\" \/>\n<meta property=\"og:description\" content=\"SuperFlow Voge 800 Rally Kit. Increases Torque, Power and response. More drivability\" \/>\n<meta property=\"og:url\" content=\"https:\/\/superflow-racing.com\/es\/producto\/kit-sfperformance-for-voge-800-rally\/\" \/>\n<meta property=\"og:site_name\" content=\"JC SuperFlow Racing\" \/>\n<meta property=\"article:modified_time\" content=\"2026-04-02T15:01:24+00:00\" \/>\n<meta property=\"og:image\" content=\"https:\/\/superflow-racing.com\/wp-content\/uploads\/2026\/03\/KIT-800-RALLY.jpg\" \/>\n\t<meta property=\"og:image:width\" content=\"1102\" \/>\n\t<meta property=\"og:image:height\" content=\"1000\" \/>\n\t<meta property=\"og:image:type\" content=\"image\/jpeg\" \/>\n<meta name=\"twitter:card\" content=\"summary_large_image\" \/>\n<meta name=\"twitter:label1\" content=\"Tiempo de lectura\" \/>\n\t<meta name=\"twitter:data1\" content=\"3 minutos\" \/>\n<script type=\"application\/ld+json\" class=\"yoast-schema-graph\">{\"@context\":\"https:\\\/\\\/schema.org\",\"@graph\":[{\"@type\":\"WebPage\",\"@id\":\"https:\\\/\\\/superflow-racing.com\\\/producto\\\/kit-sfperformance-for-voge-800-rally\\\/\",\"url\":\"https:\\\/\\\/superflow-racing.com\\\/producto\\\/kit-sfperformance-for-voge-800-rally\\\/\",\"name\":\"SUPERFLOW :: SuperFlow SFPerformance Kit\",\"isPartOf\":{\"@id\":\"https:\\\/\\\/superflow-racing.com\\\/#website\"},\"primaryImageOfPage\":{\"@id\":\"https:\\\/\\\/superflow-racing.com\\\/producto\\\/kit-sfperformance-for-voge-800-rally\\\/#primaryimage\"},\"image\":{\"@id\":\"https:\\\/\\\/superflow-racing.com\\\/producto\\\/kit-sfperformance-for-voge-800-rally\\\/#primaryimage\"},\"thumbnailUrl\":\"https:\\\/\\\/superflow-racing.com\\\/wp-content\\\/uploads\\\/2026\\\/03\\\/KIT-800-RALLY.jpg\",\"datePublished\":\"2026-03-14T16:12:56+00:00\",\"dateModified\":\"2026-04-02T15:01:24+00:00\",\"description\":\"SuperFlow Voge 800 Rally Kit. Increases Torque, Power and response. More drivability\",\"breadcrumb\":{\"@id\":\"https:\\\/\\\/superflow-racing.com\\\/producto\\\/kit-sfperformance-for-voge-800-rally\\\/#breadcrumb\"},\"inLanguage\":\"es\",\"potentialAction\":[{\"@type\":\"ReadAction\",\"target\":[\"https:\\\/\\\/superflow-racing.com\\\/producto\\\/kit-sfperformance-for-voge-800-rally\\\/\"]}]},{\"@type\":\"ImageObject\",\"inLanguage\":\"es\",\"@id\":\"https:\\\/\\\/superflow-racing.com\\\/producto\\\/kit-sfperformance-for-voge-800-rally\\\/#primaryimage\",\"url\":\"https:\\\/\\\/superflow-racing.com\\\/wp-content\\\/uploads\\\/2026\\\/03\\\/KIT-800-RALLY.jpg\",\"contentUrl\":\"https:\\\/\\\/superflow-racing.com\\\/wp-content\\\/uploads\\\/2026\\\/03\\\/KIT-800-RALLY.jpg\",\"width\":1102,\"height\":1000},{\"@type\":\"BreadcrumbList\",\"@id\":\"https:\\\/\\\/superflow-racing.com\\\/producto\\\/kit-sfperformance-for-voge-800-rally\\\/#breadcrumb\",\"itemListElement\":[{\"@type\":\"ListItem\",\"position\":1,\"name\":\"Home\",\"item\":\"https:\\\/\\\/superflow-racing.com\\\/\"},{\"@type\":\"ListItem\",\"position\":2,\"name\":\"Tienda-Shop\",\"item\":\"https:\\\/\\\/superflow-racing.com\\\/tienda\\\/\"},{\"@type\":\"ListItem\",\"position\":3,\"name\":\"Kit SFPerformance for Voge 800 Rally\"}]},{\"@type\":\"WebSite\",\"@id\":\"https:\\\/\\\/superflow-racing.com\\\/#website\",\"url\":\"https:\\\/\\\/superflow-racing.com\\\/\",\"name\":\"JC Superflow Racing\",\"description\":\"PowerFlow Voge Power &amp; Torque bike site\",\"publisher\":{\"@id\":\"https:\\\/\\\/superflow-racing.com\\\/#organization\"},\"potentialAction\":[{\"@type\":\"SearchAction\",\"target\":{\"@type\":\"EntryPoint\",\"urlTemplate\":\"https:\\\/\\\/superflow-racing.com\\\/?s={search_term_string}\"},\"query-input\":{\"@type\":\"PropertyValueSpecification\",\"valueRequired\":true,\"valueName\":\"search_term_string\"}}],\"inLanguage\":\"es\"},{\"@type\":\"Organization\",\"@id\":\"https:\\\/\\\/superflow-racing.com\\\/#organization\",\"name\":\"PowerFlow JCEndurance Parts\",\"url\":\"https:\\\/\\\/superflow-racing.com\\\/\",\"logo\":{\"@type\":\"ImageObject\",\"inLanguage\":\"es\",\"@id\":\"https:\\\/\\\/superflow-racing.com\\\/#\\\/schema\\\/logo\\\/image\\\/\",\"url\":\"https:\\\/\\\/superflow-racing.com\\\/wp-content\\\/uploads\\\/2025\\\/12\\\/logobn_p.webp\",\"contentUrl\":\"https:\\\/\\\/superflow-racing.com\\\/wp-content\\\/uploads\\\/2025\\\/12\\\/logobn_p.webp\",\"width\":400,\"height\":115,\"caption\":\"PowerFlow JCEndurance Parts\"},\"image\":{\"@id\":\"https:\\\/\\\/superflow-racing.com\\\/#\\\/schema\\\/logo\\\/image\\\/\"}}]}<\/script>\n<!-- \/ Yoast SEO plugin. -->","yoast_head_json":{"title":"SUPERFLOW :: SuperFlow SFPerformance Kit","description":"SuperFlow Voge 800 Rally Kit. Increases Torque, Power and response. More drivability","robots":{"index":"index","follow":"follow","max-snippet":"max-snippet:-1","max-image-preview":"max-image-preview:large","max-video-preview":"max-video-preview:-1"},"canonical":"https:\/\/superflow-racing.com\/es\/producto\/kit-sfperformance-for-voge-800-rally\/","og_locale":"es_ES","og_type":"article","og_title":"SUPERFLOW :: SuperFlow SFPerformance Kit","og_description":"SuperFlow Voge 800 Rally Kit. Increases Torque, Power and response. More drivability","og_url":"https:\/\/superflow-racing.com\/es\/producto\/kit-sfperformance-for-voge-800-rally\/","og_site_name":"JC SuperFlow Racing","article_modified_time":"2026-04-02T15:01:24+00:00","og_image":[{"width":1102,"height":1000,"url":"https:\/\/superflow-racing.com\/wp-content\/uploads\/2026\/03\/KIT-800-RALLY.jpg","type":"image\/jpeg"}],"twitter_card":"summary_large_image","twitter_misc":{"Tiempo de lectura":"3 minutos"},"schema":{"@context":"https:\/\/schema.org","@graph":[{"@type":"WebPage","@id":"https:\/\/superflow-racing.com\/producto\/kit-sfperformance-for-voge-800-rally\/","url":"https:\/\/superflow-racing.com\/producto\/kit-sfperformance-for-voge-800-rally\/","name":"SUPERFLOW :: SuperFlow SFPerformance Kit","isPartOf":{"@id":"https:\/\/superflow-racing.com\/#website"},"primaryImageOfPage":{"@id":"https:\/\/superflow-racing.com\/producto\/kit-sfperformance-for-voge-800-rally\/#primaryimage"},"image":{"@id":"https:\/\/superflow-racing.com\/producto\/kit-sfperformance-for-voge-800-rally\/#primaryimage"},"thumbnailUrl":"https:\/\/superflow-racing.com\/wp-content\/uploads\/2026\/03\/KIT-800-RALLY.jpg","datePublished":"2026-03-14T16:12:56+00:00","dateModified":"2026-04-02T15:01:24+00:00","description":"SuperFlow Voge 800 Rally Kit. Increases Torque, Power and response. More drivability","breadcrumb":{"@id":"https:\/\/superflow-racing.com\/producto\/kit-sfperformance-for-voge-800-rally\/#breadcrumb"},"inLanguage":"es","potentialAction":[{"@type":"ReadAction","target":["https:\/\/superflow-racing.com\/producto\/kit-sfperformance-for-voge-800-rally\/"]}]},{"@type":"ImageObject","inLanguage":"es","@id":"https:\/\/superflow-racing.com\/producto\/kit-sfperformance-for-voge-800-rally\/#primaryimage","url":"https:\/\/superflow-racing.com\/wp-content\/uploads\/2026\/03\/KIT-800-RALLY.jpg","contentUrl":"https:\/\/superflow-racing.com\/wp-content\/uploads\/2026\/03\/KIT-800-RALLY.jpg","width":1102,"height":1000},{"@type":"BreadcrumbList","@id":"https:\/\/superflow-racing.com\/producto\/kit-sfperformance-for-voge-800-rally\/#breadcrumb","itemListElement":[{"@type":"ListItem","position":1,"name":"Home","item":"https:\/\/superflow-racing.com\/"},{"@type":"ListItem","position":2,"name":"Tienda-Shop","item":"https:\/\/superflow-racing.com\/tienda\/"},{"@type":"ListItem","position":3,"name":"Kit SFPerformance for Voge 800 Rally"}]},{"@type":"WebSite","@id":"https:\/\/superflow-racing.com\/#website","url":"https:\/\/superflow-racing.com\/","name":"JC Superflow Racing","description":"PowerFlow Voge Potencia y par en bicicleta","publisher":{"@id":"https:\/\/superflow-racing.com\/#organization"},"potentialAction":[{"@type":"SearchAction","target":{"@type":"EntryPoint","urlTemplate":"https:\/\/superflow-racing.com\/?s={search_term_string}"},"query-input":{"@type":"PropertyValueSpecification","valueRequired":true,"valueName":"search_term_string"}}],"inLanguage":"es"},{"@type":"Organization","@id":"https:\/\/superflow-racing.com\/#organization","name":"Piezas PowerFlow JCEndurance","url":"https:\/\/superflow-racing.com\/","logo":{"@type":"ImageObject","inLanguage":"es","@id":"https:\/\/superflow-racing.com\/#\/schema\/logo\/image\/","url":"https:\/\/superflow-racing.com\/wp-content\/uploads\/2025\/12\/logobn_p.webp","contentUrl":"https:\/\/superflow-racing.com\/wp-content\/uploads\/2025\/12\/logobn_p.webp","width":400,"height":115,"caption":"PowerFlow JCEndurance Parts"},"image":{"@id":"https:\/\/superflow-racing.com\/#\/schema\/logo\/image\/"}}]}},"_links":{"self":[{"href":"https:\/\/superflow-racing.com\/es\/wp-json\/wp\/v2\/product\/1883","targetHints":{"allow":["GET"]}}],"collection":[{"href":"https:\/\/superflow-racing.com\/es\/wp-json\/wp\/v2\/product"}],"about":[{"href":"https:\/\/superflow-racing.com\/es\/wp-json\/wp\/v2\/types\/product"}],"wp:featuredmedia":[{"embeddable":true,"href":"https:\/\/superflow-racing.com\/es\/wp-json\/wp\/v2\/media\/1884"}],"wp:attachment":[{"href":"https:\/\/superflow-racing.com\/es\/wp-json\/wp\/v2\/media?parent=1883"}],"wp:term":[{"taxonomy":"product_brand","embeddable":true,"href":"https:\/\/superflow-racing.com\/es\/wp-json\/wp\/v2\/product_brand?post=1883"},{"taxonomy":"product_cat","embeddable":true,"href":"https:\/\/superflow-racing.com\/es\/wp-json\/wp\/v2\/product_cat?post=1883"},{"taxonomy":"product_tag","embeddable":true,"href":"https:\/\/superflow-racing.com\/es\/wp-json\/wp\/v2\/product_tag?post=1883"}],"curies":[{"name":"wp","href":"https:\/\/api.w.org\/{rel}","templated":true}]}}