{"id":1787,"date":"2026-03-05T18:47:16","date_gmt":"2026-03-05T16:47:16","guid":{"rendered":"https:\/\/superflow-racing.com\/?post_type=product&#038;p=1787"},"modified":"2026-03-14T19:40:36","modified_gmt":"2026-03-14T17:40:36","slug":"y-splitter-harness-for-honda-crf300l-2025","status":"publish","type":"product","link":"https:\/\/superflow-racing.com\/es\/producto\/y-splitter-harness-for-honda-crf300l-2025\/","title":{"rendered":"Conector en Y para Honda CRF300L (2025)"},"content":{"rendered":"<p class=\"isSelectedEnd\"><strong>Adaptador en Y SuperFlow \/ MAPIT para Honda CRF300L (2025)<\/strong><\/p>\n<p class=\"isSelectedEnd\">Este adaptador en Y permite utilizar <strong>SuperFlow<\/strong> manteniendo el original <strong>Honda MAPIT<\/strong> sistema conectado y totalmente funcional. Con este cable, ambos dispositivos pueden permanecer conectados al mazo de cables de la motocicleta al mismo tiempo, sin modificar la instalaci\u00f3n original.<\/p>\n<p class=\"isSelectedEnd\">El adaptador divide la conexi\u00f3n del conector original de la motocicleta, lo que permite <strong>MAPIT seguir\u00e1 funcionando con normalidad<\/strong> mientras que <strong>SuperFlow recibe la se\u00f1al que necesita para funcionar<\/strong>.<\/p>\n<p class=\"isSelectedEnd\">Se trata de un <strong>plug &amp; play<\/strong> soluci\u00f3n dise\u00f1ada para una instalaci\u00f3n r\u00e1pida y segura. No es necesario cortar ni modificar el cableado de la motocicleta, por lo que el adaptador puede retirarse en cualquier momento para devolver el sistema a su estado original.<\/p>\n<p class=\"isSelectedEnd\"><strong>Caracter\u00edsticas principales:<\/strong><\/p>\n<ul data-spread=\"false\">\n<li>\n<p class=\"isSelectedEnd\">Permite <strong>MAPIT y SuperFlow pueden utilizarse simult\u00e1neamente<\/strong><\/p>\n<\/li>\n<li>\n<p class=\"isSelectedEnd\"><strong>Instalaci\u00f3n Plug &amp; Play<\/strong>, No es necesario cortar cables<\/p>\n<\/li>\n<li>\n<p class=\"isSelectedEnd\">Conectores compatibles con el mazo de cables original de Honda<\/p>\n<\/li>\n<li>\n<p class=\"isSelectedEnd\">Cableado de alta calidad para garantizar una se\u00f1al estable y fiable<\/p>\n<\/li>\n<li>\n<p class=\"isSelectedEnd\">Instalaci\u00f3n totalmente reversible<\/p>\n<\/li>\n<\/ul>\n<p>Este adaptador es ideal para los motoristas que desean <strong>mantener el sistema telem\u00e1tico MAPIT de Honda<\/strong> a la vez que se beneficia de las funciones avanzadas de ajuste y control que ofrece el <strong>SuperFlow<\/strong>.<\/p>","protected":false},"excerpt":{"rendered":"<p>Este adaptador en Y permite utilizar <strong>SuperFlow<\/strong> manteniendo el original <strong>Honda MAPIT<\/strong> sistema conectado y totalmente funcional. Con este cable, ambos dispositivos pueden permanecer conectados al mazo de cables de la motocicleta al mismo tiempo, sin modificar la instalaci\u00f3n original.<\/p>","protected":false},"featured_media":1788,"template":"","meta":{"_joinchat":[]},"product_brand":[],"product_cat":[16],"product_tag":[],"class_list":{"0":"post-1787","1":"product","2":"type-product","3":"status-publish","4":"has-post-thumbnail","6":"product_cat-sin-categorizar","8":"first","9":"instock","10":"taxable","11":"shipping-taxable","12":"purchasable","13":"product-type-simple"},"yoast_head":"<!-- This site is optimized with the Yoast SEO plugin v27.3 - https:\/\/yoast.com\/product\/yoast-seo-wordpress\/ -->\n<title>Y-splitter harness for Honda CRF300L (2025) - JC SuperFlow Racing<\/title>\n<meta name=\"robots\" content=\"index, follow, max-snippet:-1, max-image-preview:large, max-video-preview:-1\" \/>\n<link rel=\"canonical\" href=\"https:\/\/superflow-racing.com\/es\/producto\/y-splitter-harness-for-honda-crf300l-2025\/\" \/>\n<meta property=\"og:locale\" content=\"es_ES\" \/>\n<meta property=\"og:type\" content=\"article\" \/>\n<meta property=\"og:title\" content=\"Y-splitter harness for Honda CRF300L (2025) - JC SuperFlow Racing\" \/>\n<meta property=\"og:description\" content=\"This Y-adapter allows you to use SuperFlow while keeping the original Honda MAPIT system connected and fully functional. With this cable, both devices can remain connected to the motorcycle wiring harness at the same time, without modifying the original installation.\" \/>\n<meta property=\"og:url\" content=\"https:\/\/superflow-racing.com\/es\/producto\/y-splitter-harness-for-honda-crf300l-2025\/\" \/>\n<meta property=\"og:site_name\" content=\"JC SuperFlow Racing\" \/>\n<meta property=\"article:modified_time\" content=\"2026-03-14T17:40:36+00:00\" \/>\n<meta property=\"og:image\" content=\"https:\/\/superflow-racing.com\/wp-content\/uploads\/2026\/03\/conector_y_crf300l.jpg\" \/>\n\t<meta property=\"og:image:width\" content=\"1000\" \/>\n\t<meta property=\"og:image:height\" content=\"859\" \/>\n\t<meta property=\"og:image:type\" content=\"image\/jpeg\" \/>\n<meta name=\"twitter:card\" content=\"summary_large_image\" \/>\n<meta name=\"twitter:label1\" content=\"Tiempo de lectura\" \/>\n\t<meta name=\"twitter:data1\" content=\"1 minuto\" \/>\n<script type=\"application\/ld+json\" class=\"yoast-schema-graph\">{\"@context\":\"https:\\\/\\\/schema.org\",\"@graph\":[{\"@type\":\"WebPage\",\"@id\":\"https:\\\/\\\/superflow-racing.com\\\/producto\\\/y-splitter-harness-for-honda-crf300l-2025\\\/\",\"url\":\"https:\\\/\\\/superflow-racing.com\\\/producto\\\/y-splitter-harness-for-honda-crf300l-2025\\\/\",\"name\":\"Y-splitter harness for Honda CRF300L (2025) - JC SuperFlow Racing\",\"isPartOf\":{\"@id\":\"https:\\\/\\\/superflow-racing.com\\\/#website\"},\"primaryImageOfPage\":{\"@id\":\"https:\\\/\\\/superflow-racing.com\\\/producto\\\/y-splitter-harness-for-honda-crf300l-2025\\\/#primaryimage\"},\"image\":{\"@id\":\"https:\\\/\\\/superflow-racing.com\\\/producto\\\/y-splitter-harness-for-honda-crf300l-2025\\\/#primaryimage\"},\"thumbnailUrl\":\"https:\\\/\\\/superflow-racing.com\\\/wp-content\\\/uploads\\\/2026\\\/03\\\/conector_y_crf300l.jpg\",\"datePublished\":\"2026-03-05T16:47:16+00:00\",\"dateModified\":\"2026-03-14T17:40:36+00:00\",\"breadcrumb\":{\"@id\":\"https:\\\/\\\/superflow-racing.com\\\/producto\\\/y-splitter-harness-for-honda-crf300l-2025\\\/#breadcrumb\"},\"inLanguage\":\"es\",\"potentialAction\":[{\"@type\":\"ReadAction\",\"target\":[\"https:\\\/\\\/superflow-racing.com\\\/producto\\\/y-splitter-harness-for-honda-crf300l-2025\\\/\"]}]},{\"@type\":\"ImageObject\",\"inLanguage\":\"es\",\"@id\":\"https:\\\/\\\/superflow-racing.com\\\/producto\\\/y-splitter-harness-for-honda-crf300l-2025\\\/#primaryimage\",\"url\":\"https:\\\/\\\/superflow-racing.com\\\/wp-content\\\/uploads\\\/2026\\\/03\\\/conector_y_crf300l.jpg\",\"contentUrl\":\"https:\\\/\\\/superflow-racing.com\\\/wp-content\\\/uploads\\\/2026\\\/03\\\/conector_y_crf300l.jpg\",\"width\":1000,\"height\":859,\"caption\":\"Y-splitter harness\"},{\"@type\":\"BreadcrumbList\",\"@id\":\"https:\\\/\\\/superflow-racing.com\\\/producto\\\/y-splitter-harness-for-honda-crf300l-2025\\\/#breadcrumb\",\"itemListElement\":[{\"@type\":\"ListItem\",\"position\":1,\"name\":\"Home\",\"item\":\"https:\\\/\\\/superflow-racing.com\\\/\"},{\"@type\":\"ListItem\",\"position\":2,\"name\":\"Tienda-Shop\",\"item\":\"https:\\\/\\\/superflow-racing.com\\\/tienda\\\/\"},{\"@type\":\"ListItem\",\"position\":3,\"name\":\"Y-splitter harness for Honda CRF300L (2025)\"}]},{\"@type\":\"WebSite\",\"@id\":\"https:\\\/\\\/superflow-racing.com\\\/#website\",\"url\":\"https:\\\/\\\/superflow-racing.com\\\/\",\"name\":\"JC Superflow Racing\",\"description\":\"PowerFlow Voge Power &amp; Torque bike site\",\"publisher\":{\"@id\":\"https:\\\/\\\/superflow-racing.com\\\/#organization\"},\"potentialAction\":[{\"@type\":\"SearchAction\",\"target\":{\"@type\":\"EntryPoint\",\"urlTemplate\":\"https:\\\/\\\/superflow-racing.com\\\/?s={search_term_string}\"},\"query-input\":{\"@type\":\"PropertyValueSpecification\",\"valueRequired\":true,\"valueName\":\"search_term_string\"}}],\"inLanguage\":\"es\"},{\"@type\":\"Organization\",\"@id\":\"https:\\\/\\\/superflow-racing.com\\\/#organization\",\"name\":\"PowerFlow JCEndurance Parts\",\"url\":\"https:\\\/\\\/superflow-racing.com\\\/\",\"logo\":{\"@type\":\"ImageObject\",\"inLanguage\":\"es\",\"@id\":\"https:\\\/\\\/superflow-racing.com\\\/#\\\/schema\\\/logo\\\/image\\\/\",\"url\":\"https:\\\/\\\/superflow-racing.com\\\/wp-content\\\/uploads\\\/2025\\\/12\\\/logobn_p.webp\",\"contentUrl\":\"https:\\\/\\\/superflow-racing.com\\\/wp-content\\\/uploads\\\/2025\\\/12\\\/logobn_p.webp\",\"width\":400,\"height\":115,\"caption\":\"PowerFlow JCEndurance Parts\"},\"image\":{\"@id\":\"https:\\\/\\\/superflow-racing.com\\\/#\\\/schema\\\/logo\\\/image\\\/\"}}]}<\/script>\n<!-- \/ Yoast SEO plugin. -->","yoast_head_json":{"title":"Y-splitter harness for Honda CRF300L (2025) - JC SuperFlow Racing","robots":{"index":"index","follow":"follow","max-snippet":"max-snippet:-1","max-image-preview":"max-image-preview:large","max-video-preview":"max-video-preview:-1"},"canonical":"https:\/\/superflow-racing.com\/es\/producto\/y-splitter-harness-for-honda-crf300l-2025\/","og_locale":"es_ES","og_type":"article","og_title":"Y-splitter harness for Honda CRF300L (2025) - JC SuperFlow Racing","og_description":"This Y-adapter allows you to use SuperFlow while keeping the original Honda MAPIT system connected and fully functional. With this cable, both devices can remain connected to the motorcycle wiring harness at the same time, without modifying the original installation.","og_url":"https:\/\/superflow-racing.com\/es\/producto\/y-splitter-harness-for-honda-crf300l-2025\/","og_site_name":"JC SuperFlow Racing","article_modified_time":"2026-03-14T17:40:36+00:00","og_image":[{"width":1000,"height":859,"url":"https:\/\/superflow-racing.com\/wp-content\/uploads\/2026\/03\/conector_y_crf300l.jpg","type":"image\/jpeg"}],"twitter_card":"summary_large_image","twitter_misc":{"Tiempo de lectura":"1 minuto"},"schema":{"@context":"https:\/\/schema.org","@graph":[{"@type":"WebPage","@id":"https:\/\/superflow-racing.com\/producto\/y-splitter-harness-for-honda-crf300l-2025\/","url":"https:\/\/superflow-racing.com\/producto\/y-splitter-harness-for-honda-crf300l-2025\/","name":"Y-splitter harness for Honda CRF300L (2025) - JC SuperFlow Racing","isPartOf":{"@id":"https:\/\/superflow-racing.com\/#website"},"primaryImageOfPage":{"@id":"https:\/\/superflow-racing.com\/producto\/y-splitter-harness-for-honda-crf300l-2025\/#primaryimage"},"image":{"@id":"https:\/\/superflow-racing.com\/producto\/y-splitter-harness-for-honda-crf300l-2025\/#primaryimage"},"thumbnailUrl":"https:\/\/superflow-racing.com\/wp-content\/uploads\/2026\/03\/conector_y_crf300l.jpg","datePublished":"2026-03-05T16:47:16+00:00","dateModified":"2026-03-14T17:40:36+00:00","breadcrumb":{"@id":"https:\/\/superflow-racing.com\/producto\/y-splitter-harness-for-honda-crf300l-2025\/#breadcrumb"},"inLanguage":"es","potentialAction":[{"@type":"ReadAction","target":["https:\/\/superflow-racing.com\/producto\/y-splitter-harness-for-honda-crf300l-2025\/"]}]},{"@type":"ImageObject","inLanguage":"es","@id":"https:\/\/superflow-racing.com\/producto\/y-splitter-harness-for-honda-crf300l-2025\/#primaryimage","url":"https:\/\/superflow-racing.com\/wp-content\/uploads\/2026\/03\/conector_y_crf300l.jpg","contentUrl":"https:\/\/superflow-racing.com\/wp-content\/uploads\/2026\/03\/conector_y_crf300l.jpg","width":1000,"height":859,"caption":"Y-splitter harness"},{"@type":"BreadcrumbList","@id":"https:\/\/superflow-racing.com\/producto\/y-splitter-harness-for-honda-crf300l-2025\/#breadcrumb","itemListElement":[{"@type":"ListItem","position":1,"name":"Home","item":"https:\/\/superflow-racing.com\/"},{"@type":"ListItem","position":2,"name":"Tienda-Shop","item":"https:\/\/superflow-racing.com\/tienda\/"},{"@type":"ListItem","position":3,"name":"Y-splitter harness for Honda CRF300L (2025)"}]},{"@type":"WebSite","@id":"https:\/\/superflow-racing.com\/#website","url":"https:\/\/superflow-racing.com\/","name":"JC Superflow Racing","description":"PowerFlow Voge Potencia y par en bicicleta","publisher":{"@id":"https:\/\/superflow-racing.com\/#organization"},"potentialAction":[{"@type":"SearchAction","target":{"@type":"EntryPoint","urlTemplate":"https:\/\/superflow-racing.com\/?s={search_term_string}"},"query-input":{"@type":"PropertyValueSpecification","valueRequired":true,"valueName":"search_term_string"}}],"inLanguage":"es"},{"@type":"Organization","@id":"https:\/\/superflow-racing.com\/#organization","name":"Piezas PowerFlow JCEndurance","url":"https:\/\/superflow-racing.com\/","logo":{"@type":"ImageObject","inLanguage":"es","@id":"https:\/\/superflow-racing.com\/#\/schema\/logo\/image\/","url":"https:\/\/superflow-racing.com\/wp-content\/uploads\/2025\/12\/logobn_p.webp","contentUrl":"https:\/\/superflow-racing.com\/wp-content\/uploads\/2025\/12\/logobn_p.webp","width":400,"height":115,"caption":"PowerFlow JCEndurance Parts"},"image":{"@id":"https:\/\/superflow-racing.com\/#\/schema\/logo\/image\/"}}]}},"_links":{"self":[{"href":"https:\/\/superflow-racing.com\/es\/wp-json\/wp\/v2\/product\/1787","targetHints":{"allow":["GET"]}}],"collection":[{"href":"https:\/\/superflow-racing.com\/es\/wp-json\/wp\/v2\/product"}],"about":[{"href":"https:\/\/superflow-racing.com\/es\/wp-json\/wp\/v2\/types\/product"}],"wp:featuredmedia":[{"embeddable":true,"href":"https:\/\/superflow-racing.com\/es\/wp-json\/wp\/v2\/media\/1788"}],"wp:attachment":[{"href":"https:\/\/superflow-racing.com\/es\/wp-json\/wp\/v2\/media?parent=1787"}],"wp:term":[{"taxonomy":"product_brand","embeddable":true,"href":"https:\/\/superflow-racing.com\/es\/wp-json\/wp\/v2\/product_brand?post=1787"},{"taxonomy":"product_cat","embeddable":true,"href":"https:\/\/superflow-racing.com\/es\/wp-json\/wp\/v2\/product_cat?post=1787"},{"taxonomy":"product_tag","embeddable":true,"href":"https:\/\/superflow-racing.com\/es\/wp-json\/wp\/v2\/product_tag?post=1787"}],"curies":[{"name":"wp","href":"https:\/\/api.w.org\/{rel}","templated":true}]}}