{"id":1765,"date":"2026-03-02T19:39:42","date_gmt":"2026-03-02T17:39:42","guid":{"rendered":"https:\/\/superflow-racing.com\/?post_type=product&#038;p=1765"},"modified":"2026-03-02T19:39:49","modified_gmt":"2026-03-02T17:39:49","slug":"snorkel-cap-for-honda-crf300l","status":"publish","type":"product","link":"https:\/\/superflow-racing.com\/es\/producto\/snorkel-cap-for-honda-crf300l\/","title":{"rendered":"Tapa de snorkel para Honda CRF300L"},"content":{"rendered":"<p>Tapa del airbox con snorkel en Fibra de Carbono y Nylon. M\u00e1s flujo de aire para acompa\u00f1ar al SuperFlow y al filtro de alto flujo FilterFlow.<\/p>\n<p>Esta tapa de filtro con snorkel y prefiltro se recomienda para motocicletas que tienen un sistema de enriquecimiento de combustible, filtro de aire de alto flujo y escape descatalizado.<\/p>\n<p>La espuma del prefiltro no debe tener aceite. El aceite va al filtro principal.<br \/>\nSi ponemos aceite en el prefiltro, \u00e9ste se obstruir\u00e1 r\u00e1pidamente con polvo pegado al aceite, impidiendo la entrada de aire a trav\u00e9s del snorkel.<\/p>","protected":false},"excerpt":{"rendered":"<p>Airbox cover with snorkel in Carbon Fiber and Nylon. More airflow to accompany the SuperFlow and the high-flow FilterFlow filter. This filter cover with snorkel and pre-filter is recommended for motorcycles that have a fuel enrichment system, high-flow air filter and decatalyzed exhaust. The prefilter foam must be oil-free. The oil goes in the main [&hellip;]<\/p>\n","protected":false},"featured_media":1174,"template":"","meta":{"_joinchat":[]},"product_brand":[],"product_cat":[16],"product_tag":[],"class_list":{"0":"post-1765","1":"product","2":"type-product","3":"status-publish","4":"has-post-thumbnail","6":"product_cat-sin-categorizar","8":"first","9":"instock","10":"taxable","11":"shipping-taxable","12":"purchasable","13":"product-type-simple"},"yoast_head":"<!-- This site is optimized with the Yoast SEO plugin v27.4 - https:\/\/yoast.com\/product\/yoast-seo-wordpress\/ -->\n<title>Snorkel Cap for Honda CRF300L - JC SuperFlow Racing<\/title>\n<meta name=\"robots\" content=\"index, follow, max-snippet:-1, max-image-preview:large, max-video-preview:-1\" \/>\n<link rel=\"canonical\" href=\"https:\/\/superflow-racing.com\/es\/producto\/snorkel-cap-for-honda-crf300l\/\" \/>\n<meta property=\"og:locale\" content=\"es_ES\" \/>\n<meta property=\"og:type\" content=\"article\" \/>\n<meta property=\"og:title\" content=\"Snorkel Cap for Honda CRF300L - JC SuperFlow Racing\" \/>\n<meta property=\"og:description\" content=\"Airbox cover with snorkel in Carbon Fiber and Nylon. More airflow to accompany the SuperFlow and the high-flow FilterFlow filter. This filter cover with snorkel and pre-filter is recommended for motorcycles that have a fuel enrichment system, high-flow air filter and decatalyzed exhaust. The prefilter foam must be oil-free. The oil goes in the main [&hellip;]\" \/>\n<meta property=\"og:url\" content=\"https:\/\/superflow-racing.com\/es\/producto\/snorkel-cap-for-honda-crf300l\/\" \/>\n<meta property=\"og:site_name\" content=\"JC SuperFlow Racing\" \/>\n<meta property=\"article:modified_time\" content=\"2026-03-02T17:39:49+00:00\" \/>\n<meta property=\"og:image\" content=\"https:\/\/superflow-racing.com\/wp-content\/uploads\/2025\/12\/t2.jpg\" \/>\n\t<meta property=\"og:image:width\" content=\"671\" \/>\n\t<meta property=\"og:image:height\" content=\"577\" \/>\n\t<meta property=\"og:image:type\" content=\"image\/jpeg\" \/>\n<meta name=\"twitter:card\" content=\"summary_large_image\" \/>\n<meta name=\"twitter:label1\" content=\"Tiempo de lectura\" \/>\n\t<meta name=\"twitter:data1\" content=\"1 minuto\" \/>\n<script type=\"application\/ld+json\" class=\"yoast-schema-graph\">{\"@context\":\"https:\\\/\\\/schema.org\",\"@graph\":[{\"@type\":\"WebPage\",\"@id\":\"https:\\\/\\\/superflow-racing.com\\\/producto\\\/snorkel-cap-for-honda-crf300l\\\/\",\"url\":\"https:\\\/\\\/superflow-racing.com\\\/producto\\\/snorkel-cap-for-honda-crf300l\\\/\",\"name\":\"Snorkel Cap for Honda CRF300L - JC SuperFlow Racing\",\"isPartOf\":{\"@id\":\"https:\\\/\\\/superflow-racing.com\\\/#website\"},\"primaryImageOfPage\":{\"@id\":\"https:\\\/\\\/superflow-racing.com\\\/producto\\\/snorkel-cap-for-honda-crf300l\\\/#primaryimage\"},\"image\":{\"@id\":\"https:\\\/\\\/superflow-racing.com\\\/producto\\\/snorkel-cap-for-honda-crf300l\\\/#primaryimage\"},\"thumbnailUrl\":\"https:\\\/\\\/superflow-racing.com\\\/wp-content\\\/uploads\\\/2025\\\/12\\\/t2.jpg\",\"datePublished\":\"2026-03-02T17:39:42+00:00\",\"dateModified\":\"2026-03-02T17:39:49+00:00\",\"breadcrumb\":{\"@id\":\"https:\\\/\\\/superflow-racing.com\\\/producto\\\/snorkel-cap-for-honda-crf300l\\\/#breadcrumb\"},\"inLanguage\":\"es\",\"potentialAction\":[{\"@type\":\"ReadAction\",\"target\":[\"https:\\\/\\\/superflow-racing.com\\\/producto\\\/snorkel-cap-for-honda-crf300l\\\/\"]}]},{\"@type\":\"ImageObject\",\"inLanguage\":\"es\",\"@id\":\"https:\\\/\\\/superflow-racing.com\\\/producto\\\/snorkel-cap-for-honda-crf300l\\\/#primaryimage\",\"url\":\"https:\\\/\\\/superflow-racing.com\\\/wp-content\\\/uploads\\\/2025\\\/12\\\/t2.jpg\",\"contentUrl\":\"https:\\\/\\\/superflow-racing.com\\\/wp-content\\\/uploads\\\/2025\\\/12\\\/t2.jpg\",\"width\":671,\"height\":577},{\"@type\":\"BreadcrumbList\",\"@id\":\"https:\\\/\\\/superflow-racing.com\\\/producto\\\/snorkel-cap-for-honda-crf300l\\\/#breadcrumb\",\"itemListElement\":[{\"@type\":\"ListItem\",\"position\":1,\"name\":\"Home\",\"item\":\"https:\\\/\\\/superflow-racing.com\\\/\"},{\"@type\":\"ListItem\",\"position\":2,\"name\":\"Tienda-Shop\",\"item\":\"https:\\\/\\\/superflow-racing.com\\\/tienda\\\/\"},{\"@type\":\"ListItem\",\"position\":3,\"name\":\"Snorkel Cap for Honda CRF300L\"}]},{\"@type\":\"WebSite\",\"@id\":\"https:\\\/\\\/superflow-racing.com\\\/#website\",\"url\":\"https:\\\/\\\/superflow-racing.com\\\/\",\"name\":\"JC Superflow Racing\",\"description\":\"PowerFlow Voge Power &amp; Torque bike site\",\"publisher\":{\"@id\":\"https:\\\/\\\/superflow-racing.com\\\/#organization\"},\"potentialAction\":[{\"@type\":\"SearchAction\",\"target\":{\"@type\":\"EntryPoint\",\"urlTemplate\":\"https:\\\/\\\/superflow-racing.com\\\/?s={search_term_string}\"},\"query-input\":{\"@type\":\"PropertyValueSpecification\",\"valueRequired\":true,\"valueName\":\"search_term_string\"}}],\"inLanguage\":\"es\"},{\"@type\":\"Organization\",\"@id\":\"https:\\\/\\\/superflow-racing.com\\\/#organization\",\"name\":\"PowerFlow JCEndurance Parts\",\"url\":\"https:\\\/\\\/superflow-racing.com\\\/\",\"logo\":{\"@type\":\"ImageObject\",\"inLanguage\":\"es\",\"@id\":\"https:\\\/\\\/superflow-racing.com\\\/#\\\/schema\\\/logo\\\/image\\\/\",\"url\":\"https:\\\/\\\/superflow-racing.com\\\/wp-content\\\/uploads\\\/2025\\\/12\\\/logobn_p.webp\",\"contentUrl\":\"https:\\\/\\\/superflow-racing.com\\\/wp-content\\\/uploads\\\/2025\\\/12\\\/logobn_p.webp\",\"width\":400,\"height\":115,\"caption\":\"PowerFlow JCEndurance Parts\"},\"image\":{\"@id\":\"https:\\\/\\\/superflow-racing.com\\\/#\\\/schema\\\/logo\\\/image\\\/\"}}]}<\/script>\n<!-- \/ Yoast SEO plugin. -->","yoast_head_json":{"title":"Snorkel Cap for Honda CRF300L - JC SuperFlow Racing","robots":{"index":"index","follow":"follow","max-snippet":"max-snippet:-1","max-image-preview":"max-image-preview:large","max-video-preview":"max-video-preview:-1"},"canonical":"https:\/\/superflow-racing.com\/es\/producto\/snorkel-cap-for-honda-crf300l\/","og_locale":"es_ES","og_type":"article","og_title":"Snorkel Cap for Honda CRF300L - JC SuperFlow Racing","og_description":"Airbox cover with snorkel in Carbon Fiber and Nylon. More airflow to accompany the SuperFlow and the high-flow FilterFlow filter. This filter cover with snorkel and pre-filter is recommended for motorcycles that have a fuel enrichment system, high-flow air filter and decatalyzed exhaust. The prefilter foam must be oil-free. The oil goes in the main [&hellip;]","og_url":"https:\/\/superflow-racing.com\/es\/producto\/snorkel-cap-for-honda-crf300l\/","og_site_name":"JC SuperFlow Racing","article_modified_time":"2026-03-02T17:39:49+00:00","og_image":[{"width":671,"height":577,"url":"https:\/\/superflow-racing.com\/wp-content\/uploads\/2025\/12\/t2.jpg","type":"image\/jpeg"}],"twitter_card":"summary_large_image","twitter_misc":{"Tiempo de lectura":"1 minuto"},"schema":{"@context":"https:\/\/schema.org","@graph":[{"@type":"WebPage","@id":"https:\/\/superflow-racing.com\/producto\/snorkel-cap-for-honda-crf300l\/","url":"https:\/\/superflow-racing.com\/producto\/snorkel-cap-for-honda-crf300l\/","name":"Snorkel Cap for Honda CRF300L - JC SuperFlow Racing","isPartOf":{"@id":"https:\/\/superflow-racing.com\/#website"},"primaryImageOfPage":{"@id":"https:\/\/superflow-racing.com\/producto\/snorkel-cap-for-honda-crf300l\/#primaryimage"},"image":{"@id":"https:\/\/superflow-racing.com\/producto\/snorkel-cap-for-honda-crf300l\/#primaryimage"},"thumbnailUrl":"https:\/\/superflow-racing.com\/wp-content\/uploads\/2025\/12\/t2.jpg","datePublished":"2026-03-02T17:39:42+00:00","dateModified":"2026-03-02T17:39:49+00:00","breadcrumb":{"@id":"https:\/\/superflow-racing.com\/producto\/snorkel-cap-for-honda-crf300l\/#breadcrumb"},"inLanguage":"es","potentialAction":[{"@type":"ReadAction","target":["https:\/\/superflow-racing.com\/producto\/snorkel-cap-for-honda-crf300l\/"]}]},{"@type":"ImageObject","inLanguage":"es","@id":"https:\/\/superflow-racing.com\/producto\/snorkel-cap-for-honda-crf300l\/#primaryimage","url":"https:\/\/superflow-racing.com\/wp-content\/uploads\/2025\/12\/t2.jpg","contentUrl":"https:\/\/superflow-racing.com\/wp-content\/uploads\/2025\/12\/t2.jpg","width":671,"height":577},{"@type":"BreadcrumbList","@id":"https:\/\/superflow-racing.com\/producto\/snorkel-cap-for-honda-crf300l\/#breadcrumb","itemListElement":[{"@type":"ListItem","position":1,"name":"Home","item":"https:\/\/superflow-racing.com\/"},{"@type":"ListItem","position":2,"name":"Tienda-Shop","item":"https:\/\/superflow-racing.com\/tienda\/"},{"@type":"ListItem","position":3,"name":"Snorkel Cap for Honda CRF300L"}]},{"@type":"WebSite","@id":"https:\/\/superflow-racing.com\/#website","url":"https:\/\/superflow-racing.com\/","name":"JC Superflow Racing","description":"PowerFlow Voge Potencia y par en bicicleta","publisher":{"@id":"https:\/\/superflow-racing.com\/#organization"},"potentialAction":[{"@type":"SearchAction","target":{"@type":"EntryPoint","urlTemplate":"https:\/\/superflow-racing.com\/?s={search_term_string}"},"query-input":{"@type":"PropertyValueSpecification","valueRequired":true,"valueName":"search_term_string"}}],"inLanguage":"es"},{"@type":"Organization","@id":"https:\/\/superflow-racing.com\/#organization","name":"Piezas PowerFlow JCEndurance","url":"https:\/\/superflow-racing.com\/","logo":{"@type":"ImageObject","inLanguage":"es","@id":"https:\/\/superflow-racing.com\/#\/schema\/logo\/image\/","url":"https:\/\/superflow-racing.com\/wp-content\/uploads\/2025\/12\/logobn_p.webp","contentUrl":"https:\/\/superflow-racing.com\/wp-content\/uploads\/2025\/12\/logobn_p.webp","width":400,"height":115,"caption":"PowerFlow JCEndurance Parts"},"image":{"@id":"https:\/\/superflow-racing.com\/#\/schema\/logo\/image\/"}}]}},"_links":{"self":[{"href":"https:\/\/superflow-racing.com\/es\/wp-json\/wp\/v2\/product\/1765","targetHints":{"allow":["GET"]}}],"collection":[{"href":"https:\/\/superflow-racing.com\/es\/wp-json\/wp\/v2\/product"}],"about":[{"href":"https:\/\/superflow-racing.com\/es\/wp-json\/wp\/v2\/types\/product"}],"wp:featuredmedia":[{"embeddable":true,"href":"https:\/\/superflow-racing.com\/es\/wp-json\/wp\/v2\/media\/1174"}],"wp:attachment":[{"href":"https:\/\/superflow-racing.com\/es\/wp-json\/wp\/v2\/media?parent=1765"}],"wp:term":[{"taxonomy":"product_brand","embeddable":true,"href":"https:\/\/superflow-racing.com\/es\/wp-json\/wp\/v2\/product_brand?post=1765"},{"taxonomy":"product_cat","embeddable":true,"href":"https:\/\/superflow-racing.com\/es\/wp-json\/wp\/v2\/product_cat?post=1765"},{"taxonomy":"product_tag","embeddable":true,"href":"https:\/\/superflow-racing.com\/es\/wp-json\/wp\/v2\/product_tag?post=1765"}],"curies":[{"name":"wp","href":"https:\/\/api.w.org\/{rel}","templated":true}]}}