{"id":1510,"date":"2026-01-28T11:13:14","date_gmt":"2026-01-28T09:13:14","guid":{"rendered":"https:\/\/superflow-racing.com\/?post_type=product&#038;p=1510"},"modified":"2026-03-16T15:48:32","modified_gmt":"2026-03-16T13:48:32","slug":"superflow-for-honda-crf250l","status":"publish","type":"product","link":"https:\/\/superflow-racing.com\/es\/producto\/superflow-for-honda-crf250l\/","title":{"rendered":"SuperFlow para Honda CRF250L"},"content":{"rendered":"<p>SuperFlow representa un nuevo nivel de evoluci\u00f3n m\u00e1s all\u00e1 de nuestro dispositivo PowerFlow.<\/p>\n<table style=\"width: 100%; border-collapse: collapse;\">\n<tbody>\n<tr><!-- Columna 1: V\u00eddeo en espa\u00f1ol --><\/p>\n<td style=\"width: 50%; vertical-align: top; padding: 10px;\">\n<h3 style=\"text-align: center;\">English video<\/h3>\n<p><iframe loading=\"lazy\" title=\"\" src=\"https:\/\/www.youtube.com\/embed\/6eGEDkH6tpE\" width=\"100%\" height=\"315\" frameborder=\"0\" allowfullscreen=\"allowfullscreen\"><br \/>\n<\/iframe><\/td>\n<p><!-- Columna 2: V\u00eddeo en ingl\u00e9s --><\/p>\n<td style=\"width: 50%; vertical-align: top; padding: 10px;\">\n<h3 style=\"text-align: center;\">V\u00eddeo en ingl\u00e9s<\/h3>\n<p><iframe loading=\"lazy\" title=\"\" src=\"https:\/\/www.youtube.com\/embed\/8Ukja7fdiqo\" width=\"100%\" height=\"315\" frameborder=\"0\" allowfullscreen=\"allowfullscreen\"><span data-mce-type=\"bookmark\" style=\"display: inline-block; width: 0px; overflow: hidden; line-height: 0;\" class=\"mce_SELRES_start\"><\/span><span data-mce-type=\"bookmark\" style=\"display: inline-block; width: 0px; overflow: hidden; line-height: 0;\" class=\"mce_SELRES_start\"><\/span><br \/>\n<\/iframe><\/td>\n<\/tr>\n<\/tbody>\n<\/table>\n<h3 data-start=\"513\" data-end=\"544\">Compatibilidad Honda CRF250L<\/h3>\n<p data-start=\"546\" data-end=\"768\">La Honda CRF250L utiliza una generaci\u00f3n anterior de ECU que no permite el acceso a los datos en tiempo real mientras el motor est\u00e1 en marcha.<br data-start=\"672\" data-end=\"675\" \/>Debido a esta limitaci\u00f3n de la ECU, el <strong data-start=\"711\" data-end=\"767\">La funci\u00f3n de mapas avanzados no est\u00e1 disponible en este modelo<\/strong>.<\/p>\n<p data-start=\"770\" data-end=\"940\">Sin embargo, <strong data-start=\"779\" data-end=\"830\">SuperFlow funciona perfectamente con el mapa cl\u00e1sico<\/strong>, que ya ofrece las principales mejoras de rendimiento en par, respuesta del acelerador y suavidad del motor.<\/p>\n<h3 data-start=\"947\" data-end=\"1004\">Mejoras de rendimiento con SuperFlow (mapa cl\u00e1sico)<\/h3>\n<p data-start=\"1006\" data-end=\"1160\">La alimentaci\u00f3n de combustible original es muy pobre. SuperFlow enriquece la mezcla de forma controlada, ayudando a que el motor funcione m\u00e1s suave, fr\u00edo y con mejor par.<\/p>\n<p data-start=\"1162\" data-end=\"1175\"><strong data-start=\"1162\" data-end=\"1175\">Ventajas:<\/strong><\/p>\n<ul data-start=\"1177\" data-end=\"1525\">\n<li data-start=\"1177\" data-end=\"1207\">\n<p data-start=\"1179\" data-end=\"1207\">Mayor lubricaci\u00f3n del motor<\/p>\n<\/li>\n<li data-start=\"1208\" data-end=\"1249\">\n<p data-start=\"1210\" data-end=\"1249\">Menor sobrecalentamiento del motor y las v\u00e1lvulas<\/p>\n<\/li>\n<li data-start=\"1250\" data-end=\"1306\">\n<p data-start=\"1252\" data-end=\"1306\">Mejor respuesta y par a bajo y medio r\u00e9gimen<\/p>\n<\/li>\n<li data-start=\"1307\" data-end=\"1414\">\n<p data-start=\"1309\" data-end=\"1414\">Eliminaci\u00f3n del efecto on-off del motor, lo que mejora enormemente el control a baja velocidad en carreteras y caminos<\/p>\n<\/li>\n<li data-start=\"1415\" data-end=\"1449\">\n<p data-start=\"1417\" data-end=\"1449\">Mayor respuesta de aceleraci\u00f3n<\/p>\n<\/li>\n<li data-start=\"1450\" data-end=\"1472\">\n<p data-start=\"1452\" data-end=\"1472\">Reducci\u00f3n de las vibraciones<\/p>\n<\/li>\n<li data-start=\"1473\" data-end=\"1525\">\n<p data-start=\"1475\" data-end=\"1525\">Comportamiento del acelerador m\u00e1s suave y controlable<\/p>\n<\/li>\n<\/ul>\n<h3 data-start=\"1532\" data-end=\"1549\">Mapas avanzados<\/h3>\n<p data-start=\"1551\" data-end=\"1693\">SuperFlow tambi\u00e9n incluye un <strong data-start=\"1578\" data-end=\"1605\">Sistema cartogr\u00e1fico avanzado<\/strong> que adapta din\u00e1micamente el abastecimiento de combustible en funci\u00f3n de los par\u00e1metros del motor (RPM, carga, acelerador, etc.).<\/p>\n<p data-start=\"1695\" data-end=\"1882\">Debido a las limitaciones de comunicaci\u00f3n de la ECU del <strong data-start=\"1743\" data-end=\"1754\">CRF250L<\/strong>, Esta funci\u00f3n es <strong data-start=\"1772\" data-end=\"1803\">no disponible en este modelo<\/strong>, pero es totalmente compatible con las motocicletas m\u00e1s recientes, como la <strong data-start=\"1864\" data-end=\"1881\">Honda CRF300L<\/strong>.<\/p>\n<h3 data-start=\"2053\" data-end=\"2075\">Plataforma SuperFlow<\/h3>\n<p data-start=\"2077\" data-end=\"2295\">SuperFlow es un sistema modular para la supervisi\u00f3n y gesti\u00f3n avanzadas de motores de motocicletas.<br data-start=\"2168\" data-end=\"2171\" \/>Ofrece datos en tiempo real, ampliaci\u00f3n del firmware y compatibilidad con m\u00f3dulos adicionales para adaptar el rendimiento a sus necesidades.<\/p>\n<ul data-start=\"2297\" data-end=\"2445\">\n<li data-start=\"2297\" data-end=\"2318\">\n<p data-start=\"2299\" data-end=\"2318\">F\u00e1cil instalaci\u00f3n<\/p>\n<\/li>\n<li data-start=\"2319\" data-end=\"2353\">\n<p data-start=\"2321\" data-end=\"2353\">Ajuste de combustible de alta precisi\u00f3n<\/p>\n<\/li>\n<li data-start=\"2354\" data-end=\"2389\">\n<p data-start=\"2356\" data-end=\"2389\">Desarrollo continuo del firmware<\/p>\n<\/li>\n<li data-start=\"2390\" data-end=\"2445\">\n<p data-start=\"2392\" data-end=\"2445\">Control total a trav\u00e9s de una aplicaci\u00f3n m\u00f3vil (ingl\u00e9s \/ espa\u00f1ol)<\/p>\n<\/li>\n<\/ul>\n<h3 data-start=\"2452\" data-end=\"2478\">Tiempo de preparaci\u00f3n del pedido<\/h3>\n<p>Tiempo de preparaci\u00f3n del pedido: 5-15 d\u00edas laborables, dependiendo del volumen del pedido, nuestros productos est\u00e1n hechos a mano y eso lleva su tiempo. \u00a1\u00a1Pero la espera merecer\u00e1 la pena !!<\/p>\n<p>Tiempo de preparaci\u00f3n del pedido: actualmente de 5 a 15 d\u00edas laborables, dependiendo del volumen de pedidos. \u00a1\u00a1\u00a1Nuestros productos est\u00e1n hechos artesanalmente y eso lleva su tiempo, pero la espera valdr\u00e1 la pena !!!<\/p>\n<p>&nbsp;<\/p>\n<p>Tiene muchas m\u00e1s funciones que puedes ver <a href=\"https:\/\/jcendurance.com\/superflow-beyond-evolution\/\">AQU\u00cd<\/a><\/p>\n<p><a href=\"https:\/\/superflow-racing.com\/es\/superflow-instructions\/\">Instrucciones de instalaci\u00f3n de SuperFlow<\/a><\/p>","protected":false},"excerpt":{"rendered":"<p>SuperFlow representa un nuevo nivel de evoluci\u00f3n m\u00e1s all\u00e1 de nuestro dispositivo PowerFlow.<\/p>\n<p>Proporciona un par motor m\u00e1s potente a bajas revoluciones, una respuesta m\u00e1s r\u00e1pida del acelerador y una experiencia de conducci\u00f3n m\u00e1s suave y potente.<\/p>\n<p>Nota: Indicar en la Nota de Cliente el a\u00f1o de compra de la motocicleta para identificar la versi\u00f3n.<\/p>","protected":false},"featured_media":1509,"template":"","meta":{"_joinchat":[]},"product_brand":[],"product_cat":[16],"product_tag":[],"class_list":{"0":"post-1510","1":"product","2":"type-product","3":"status-publish","4":"has-post-thumbnail","6":"product_cat-sin-categorizar","8":"first","9":"instock","10":"taxable","11":"shipping-taxable","12":"purchasable","13":"product-type-simple"},"yoast_head":"<!-- This site is optimized with the Yoast SEO plugin v27.3 - https:\/\/yoast.com\/product\/yoast-seo-wordpress\/ -->\n<title>SuperFlow for Honda CRF250L - JC SuperFlow Racing<\/title>\n<meta name=\"robots\" content=\"index, follow, max-snippet:-1, max-image-preview:large, max-video-preview:-1\" \/>\n<link rel=\"canonical\" href=\"https:\/\/superflow-racing.com\/es\/producto\/superflow-for-honda-crf250l\/\" \/>\n<meta property=\"og:locale\" content=\"es_ES\" \/>\n<meta property=\"og:type\" content=\"article\" \/>\n<meta property=\"og:title\" content=\"SuperFlow for Honda CRF250L - JC SuperFlow Racing\" \/>\n<meta property=\"og:description\" content=\"SuperFlow represents a new level of evolution beyond our PowerFlow device.  It delivers stronger low-end torque, faster throttle response and a smoother, more powerful riding experience.  Note: Indicate in the Customer Note\u00a0the year the motorcycle was purchased to identify the version.\" \/>\n<meta property=\"og:url\" content=\"https:\/\/superflow-racing.com\/es\/producto\/superflow-for-honda-crf250l\/\" \/>\n<meta property=\"og:site_name\" content=\"JC SuperFlow Racing\" \/>\n<meta property=\"article:modified_time\" content=\"2026-03-16T13:48:32+00:00\" \/>\n<meta property=\"og:image\" content=\"https:\/\/superflow-racing.com\/wp-content\/uploads\/2026\/01\/crf250l.jpg\" \/>\n\t<meta property=\"og:image:width\" content=\"1000\" \/>\n\t<meta property=\"og:image:height\" content=\"954\" \/>\n\t<meta property=\"og:image:type\" content=\"image\/jpeg\" \/>\n<meta name=\"twitter:card\" content=\"summary_large_image\" \/>\n<meta name=\"twitter:label1\" content=\"Tiempo de lectura\" \/>\n\t<meta name=\"twitter:data1\" content=\"2 minutos\" \/>\n<script type=\"application\/ld+json\" class=\"yoast-schema-graph\">{\"@context\":\"https:\\\/\\\/schema.org\",\"@graph\":[{\"@type\":\"WebPage\",\"@id\":\"https:\\\/\\\/superflow-racing.com\\\/producto\\\/superflow-for-honda-crf250l\\\/\",\"url\":\"https:\\\/\\\/superflow-racing.com\\\/producto\\\/superflow-for-honda-crf250l\\\/\",\"name\":\"SuperFlow for Honda CRF250L - JC SuperFlow Racing\",\"isPartOf\":{\"@id\":\"https:\\\/\\\/superflow-racing.com\\\/#website\"},\"primaryImageOfPage\":{\"@id\":\"https:\\\/\\\/superflow-racing.com\\\/producto\\\/superflow-for-honda-crf250l\\\/#primaryimage\"},\"image\":{\"@id\":\"https:\\\/\\\/superflow-racing.com\\\/producto\\\/superflow-for-honda-crf250l\\\/#primaryimage\"},\"thumbnailUrl\":\"https:\\\/\\\/superflow-racing.com\\\/wp-content\\\/uploads\\\/2026\\\/01\\\/crf250l.jpg\",\"datePublished\":\"2026-01-28T09:13:14+00:00\",\"dateModified\":\"2026-03-16T13:48:32+00:00\",\"breadcrumb\":{\"@id\":\"https:\\\/\\\/superflow-racing.com\\\/producto\\\/superflow-for-honda-crf250l\\\/#breadcrumb\"},\"inLanguage\":\"es\",\"potentialAction\":[{\"@type\":\"ReadAction\",\"target\":[\"https:\\\/\\\/superflow-racing.com\\\/producto\\\/superflow-for-honda-crf250l\\\/\"]}]},{\"@type\":\"ImageObject\",\"inLanguage\":\"es\",\"@id\":\"https:\\\/\\\/superflow-racing.com\\\/producto\\\/superflow-for-honda-crf250l\\\/#primaryimage\",\"url\":\"https:\\\/\\\/superflow-racing.com\\\/wp-content\\\/uploads\\\/2026\\\/01\\\/crf250l.jpg\",\"contentUrl\":\"https:\\\/\\\/superflow-racing.com\\\/wp-content\\\/uploads\\\/2026\\\/01\\\/crf250l.jpg\",\"width\":1000,\"height\":954},{\"@type\":\"BreadcrumbList\",\"@id\":\"https:\\\/\\\/superflow-racing.com\\\/producto\\\/superflow-for-honda-crf250l\\\/#breadcrumb\",\"itemListElement\":[{\"@type\":\"ListItem\",\"position\":1,\"name\":\"Home\",\"item\":\"https:\\\/\\\/superflow-racing.com\\\/\"},{\"@type\":\"ListItem\",\"position\":2,\"name\":\"Tienda-Shop\",\"item\":\"https:\\\/\\\/superflow-racing.com\\\/tienda\\\/\"},{\"@type\":\"ListItem\",\"position\":3,\"name\":\"SuperFlow for Honda CRF250L\"}]},{\"@type\":\"WebSite\",\"@id\":\"https:\\\/\\\/superflow-racing.com\\\/#website\",\"url\":\"https:\\\/\\\/superflow-racing.com\\\/\",\"name\":\"JC Superflow Racing\",\"description\":\"PowerFlow Voge Power &amp; Torque bike site\",\"publisher\":{\"@id\":\"https:\\\/\\\/superflow-racing.com\\\/#organization\"},\"potentialAction\":[{\"@type\":\"SearchAction\",\"target\":{\"@type\":\"EntryPoint\",\"urlTemplate\":\"https:\\\/\\\/superflow-racing.com\\\/?s={search_term_string}\"},\"query-input\":{\"@type\":\"PropertyValueSpecification\",\"valueRequired\":true,\"valueName\":\"search_term_string\"}}],\"inLanguage\":\"es\"},{\"@type\":\"Organization\",\"@id\":\"https:\\\/\\\/superflow-racing.com\\\/#organization\",\"name\":\"PowerFlow JCEndurance Parts\",\"url\":\"https:\\\/\\\/superflow-racing.com\\\/\",\"logo\":{\"@type\":\"ImageObject\",\"inLanguage\":\"es\",\"@id\":\"https:\\\/\\\/superflow-racing.com\\\/#\\\/schema\\\/logo\\\/image\\\/\",\"url\":\"https:\\\/\\\/superflow-racing.com\\\/wp-content\\\/uploads\\\/2025\\\/12\\\/logobn_p.webp\",\"contentUrl\":\"https:\\\/\\\/superflow-racing.com\\\/wp-content\\\/uploads\\\/2025\\\/12\\\/logobn_p.webp\",\"width\":400,\"height\":115,\"caption\":\"PowerFlow JCEndurance Parts\"},\"image\":{\"@id\":\"https:\\\/\\\/superflow-racing.com\\\/#\\\/schema\\\/logo\\\/image\\\/\"}}]}<\/script>\n<!-- \/ Yoast SEO plugin. -->","yoast_head_json":{"title":"SuperFlow for Honda CRF250L - JC SuperFlow Racing","robots":{"index":"index","follow":"follow","max-snippet":"max-snippet:-1","max-image-preview":"max-image-preview:large","max-video-preview":"max-video-preview:-1"},"canonical":"https:\/\/superflow-racing.com\/es\/producto\/superflow-for-honda-crf250l\/","og_locale":"es_ES","og_type":"article","og_title":"SuperFlow for Honda CRF250L - JC SuperFlow Racing","og_description":"SuperFlow represents a new level of evolution beyond our PowerFlow device.  It delivers stronger low-end torque, faster throttle response and a smoother, more powerful riding experience.  Note: Indicate in the Customer Note\u00a0the year the motorcycle was purchased to identify the version.","og_url":"https:\/\/superflow-racing.com\/es\/producto\/superflow-for-honda-crf250l\/","og_site_name":"JC SuperFlow Racing","article_modified_time":"2026-03-16T13:48:32+00:00","og_image":[{"width":1000,"height":954,"url":"https:\/\/superflow-racing.com\/wp-content\/uploads\/2026\/01\/crf250l.jpg","type":"image\/jpeg"}],"twitter_card":"summary_large_image","twitter_misc":{"Tiempo de lectura":"2 minutos"},"schema":{"@context":"https:\/\/schema.org","@graph":[{"@type":"WebPage","@id":"https:\/\/superflow-racing.com\/producto\/superflow-for-honda-crf250l\/","url":"https:\/\/superflow-racing.com\/producto\/superflow-for-honda-crf250l\/","name":"SuperFlow for Honda CRF250L - JC SuperFlow Racing","isPartOf":{"@id":"https:\/\/superflow-racing.com\/#website"},"primaryImageOfPage":{"@id":"https:\/\/superflow-racing.com\/producto\/superflow-for-honda-crf250l\/#primaryimage"},"image":{"@id":"https:\/\/superflow-racing.com\/producto\/superflow-for-honda-crf250l\/#primaryimage"},"thumbnailUrl":"https:\/\/superflow-racing.com\/wp-content\/uploads\/2026\/01\/crf250l.jpg","datePublished":"2026-01-28T09:13:14+00:00","dateModified":"2026-03-16T13:48:32+00:00","breadcrumb":{"@id":"https:\/\/superflow-racing.com\/producto\/superflow-for-honda-crf250l\/#breadcrumb"},"inLanguage":"es","potentialAction":[{"@type":"ReadAction","target":["https:\/\/superflow-racing.com\/producto\/superflow-for-honda-crf250l\/"]}]},{"@type":"ImageObject","inLanguage":"es","@id":"https:\/\/superflow-racing.com\/producto\/superflow-for-honda-crf250l\/#primaryimage","url":"https:\/\/superflow-racing.com\/wp-content\/uploads\/2026\/01\/crf250l.jpg","contentUrl":"https:\/\/superflow-racing.com\/wp-content\/uploads\/2026\/01\/crf250l.jpg","width":1000,"height":954},{"@type":"BreadcrumbList","@id":"https:\/\/superflow-racing.com\/producto\/superflow-for-honda-crf250l\/#breadcrumb","itemListElement":[{"@type":"ListItem","position":1,"name":"Home","item":"https:\/\/superflow-racing.com\/"},{"@type":"ListItem","position":2,"name":"Tienda-Shop","item":"https:\/\/superflow-racing.com\/tienda\/"},{"@type":"ListItem","position":3,"name":"SuperFlow for Honda CRF250L"}]},{"@type":"WebSite","@id":"https:\/\/superflow-racing.com\/#website","url":"https:\/\/superflow-racing.com\/","name":"JC Superflow Racing","description":"PowerFlow Voge Potencia y par en bicicleta","publisher":{"@id":"https:\/\/superflow-racing.com\/#organization"},"potentialAction":[{"@type":"SearchAction","target":{"@type":"EntryPoint","urlTemplate":"https:\/\/superflow-racing.com\/?s={search_term_string}"},"query-input":{"@type":"PropertyValueSpecification","valueRequired":true,"valueName":"search_term_string"}}],"inLanguage":"es"},{"@type":"Organization","@id":"https:\/\/superflow-racing.com\/#organization","name":"Piezas PowerFlow JCEndurance","url":"https:\/\/superflow-racing.com\/","logo":{"@type":"ImageObject","inLanguage":"es","@id":"https:\/\/superflow-racing.com\/#\/schema\/logo\/image\/","url":"https:\/\/superflow-racing.com\/wp-content\/uploads\/2025\/12\/logobn_p.webp","contentUrl":"https:\/\/superflow-racing.com\/wp-content\/uploads\/2025\/12\/logobn_p.webp","width":400,"height":115,"caption":"PowerFlow JCEndurance Parts"},"image":{"@id":"https:\/\/superflow-racing.com\/#\/schema\/logo\/image\/"}}]}},"_links":{"self":[{"href":"https:\/\/superflow-racing.com\/es\/wp-json\/wp\/v2\/product\/1510","targetHints":{"allow":["GET"]}}],"collection":[{"href":"https:\/\/superflow-racing.com\/es\/wp-json\/wp\/v2\/product"}],"about":[{"href":"https:\/\/superflow-racing.com\/es\/wp-json\/wp\/v2\/types\/product"}],"wp:featuredmedia":[{"embeddable":true,"href":"https:\/\/superflow-racing.com\/es\/wp-json\/wp\/v2\/media\/1509"}],"wp:attachment":[{"href":"https:\/\/superflow-racing.com\/es\/wp-json\/wp\/v2\/media?parent=1510"}],"wp:term":[{"taxonomy":"product_brand","embeddable":true,"href":"https:\/\/superflow-racing.com\/es\/wp-json\/wp\/v2\/product_brand?post=1510"},{"taxonomy":"product_cat","embeddable":true,"href":"https:\/\/superflow-racing.com\/es\/wp-json\/wp\/v2\/product_cat?post=1510"},{"taxonomy":"product_tag","embeddable":true,"href":"https:\/\/superflow-racing.com\/es\/wp-json\/wp\/v2\/product_tag?post=1510"}],"curies":[{"name":"wp","href":"https:\/\/api.w.org\/{rel}","templated":true}]}}