{"id":142,"date":"2024-09-01T00:01:14","date_gmt":"2024-09-01T00:01:14","guid":{"rendered":"https:\/\/jcendurance.com\/?post_type=product&#038;p=142"},"modified":"2026-03-14T19:21:20","modified_gmt":"2026-03-14T17:21:20","slug":"powerflow-filterflow-kit-for-voge-300-rally","status":"publish","type":"product","link":"https:\/\/superflow-racing.com\/es\/producto\/powerflow-filterflow-kit-for-voge-300-rally\/","title":{"rendered":"PowerFlow Euro5 Plus &amp; FilterFlow Kit para Voge 300 Rally ahora incluye OBD2 Scanner"},"content":{"rendered":"<p><img loading=\"lazy\" decoding=\"async\" class=\"alignnone size-medium wp-image-636\" src=\"https:\/\/jcendurance.com\/wp-content\/uploads\/2024\/10\/oepm-300x110.png\" alt=\"\" width=\"300\" height=\"110\" srcset=\"https:\/\/superflow-racing.com\/wp-content\/uploads\/2024\/10\/oepm-300x110.png 300w, https:\/\/superflow-racing.com\/wp-content\/uploads\/2024\/10\/oepm-768x281.png 768w, https:\/\/superflow-racing.com\/wp-content\/uploads\/2024\/10\/oepm-600x220.png 600w, https:\/\/superflow-racing.com\/wp-content\/uploads\/2024\/10\/oepm.png 800w\" sizes=\"auto, (max-width: 300px) 100vw, 300px\" \/><\/p>\n<p><strong>Producto patentado en la Oficina Europea de Patentes y Marcas.<\/strong><\/p>\n<p>Kit Potencia, Torque y Seguridad. FilterFlow para proteger el motor del polvo, con superficie de aire sobredimensionada. lo que permite mayor entrada de aire.<\/p>\n<p>Powerflow Euro5 Plus que proporciona mayor par y potencia a medio y bajo r\u00e9gimen y lubrica y refrigera el motor.<\/p>\n<p>Si eliges este kit obtendr\u00e1s (por tiempo limitado) nuestros estupendos Tiradores.<\/p>\n<p>Usted obtiene: 1 PowerFlow Euro5 Plus, 1 FilterFlow, un par de manipuladores de fibra de carbono, 1 esc\u00e1ner OBD2<\/p>\n<p><a href=\"https:\/\/jcendurance.com\/wp-content\/uploads\/2024\/09\/manual_instalacion_powerflow_voge300.pdf\">PDF Voge 300 Rally Instalaci\u00f3n Powerflow<\/a><\/p>\n<p><a href=\"https:\/\/jcendurance.com\/wp-content\/uploads\/2024\/09\/manual_instalacion_powerflow_voge300_ENGLISH.pdf\">PDF Instalaci\u00f3n de Voge 300 Rally PowerFlow<\/a><\/p>\n<p><a href=\"https:\/\/youtu.be\/T20RkEz8BgY?si=bAP8qeIbfScaCEGU\">Video Instalar PowerFlow Voge 300 Rally<\/a><\/p>\n<p><a href=\"https:\/\/jcendurance.com\/wp-content\/uploads\/2024\/10\/INSTALL-FILTERFLOW-EVO-ENGLISH.docx\" target=\"_blank\" rel=\"noopener\">PDF INSTALAR FILTERFLOW EVO ESPA\u00d1OL<\/a><\/p>\n<p><a href=\"https:\/\/jcendurance.com\/wp-content\/uploads\/2024\/09\/PREPARACION-FILTERFLOW-EVO-ESPANOL.pdf\">PREPARATION FILTERFLOW EVO ENGLISH<\/a><\/p>\n<p><a href=\"https:\/\/jcendurance.com\/wp-content\/uploads\/2024\/09\/PREPARACION-FILTRO-DE-AIRE-DE-GOMAESPUMA.pdf\" target=\"_blank\" rel=\"noopener\">PDF de Instalaci\u00f3n de FilterFlow Original<\/a><\/p>\n<p><a href=\"https:\/\/jcendurance.com\/wp-content\/uploads\/2024\/09\/PREPARACION-FILTRO-DE-AIRE-DE-GOMAESPUMA-ENGLISH.pdf\" target=\"_blank\" rel=\"noopener\">PDF de instalaci\u00f3n de FilterFlow Original<\/a><\/p>\n<p><a href=\"https:\/\/youtu.be\/QmCacYDuKb4?si=jS0zEqJO9fRraqfS\">V\u00eddeo de instalaci\u00f3n del FilterFlow Voge 300 Rally<\/a><\/p>\n<p><a href=\"https:\/\/www.youtube.com\/watch?v=y4E_OuPsPPU\" target=\"_blank\" rel=\"noopener\">Configuraci\u00f3n de FilterFlow<\/a><\/p>\n<p>Nota FilterFlow: Indique en la Nota de cliente si desea que el <strong>FilterFlow original o el FilterFlow EVO<\/strong><\/p>\n<p>Nota para el usuario: Resistente y ligero. Fabricado en Nylon y Fibra de Carbono.<\/p>\n<p>Esc\u00e1ner OBD2: Para comprobar la correcta instalaci\u00f3n de PowerFlow y obtener multitud de datos interesantes sobre su motocicleta.<\/p>\n<p>Tiempo de preparaci\u00f3n del pedido: 2-8 d\u00edas, dependiendo del volumen del pedido, nuestros productos son artesanales y eso lleva su tiempo. \u00a1\u00a1Pero la espera merecer\u00e1 la pena !!<\/p>\n<p>Tiempo de preparaci\u00f3n del pedido: actualmente de 2 a 8 d\u00edas, dependiendo del volumen de pedidos. \u00a1\u00a1\u00a1Nuestros productos est\u00e1n hechos artesanalmente y eso lleva su tiempo, pero la espera valdr\u00e1 la pena !!!<\/p>\n<p>Se recomienda una instalaci\u00f3n profesional. El vendedor no se hace responsable de los da\u00f1os causados por una instalaci\u00f3n incorrecta.<\/p>","protected":false},"excerpt":{"rendered":"<p><strong>Pago por PayPal o Transferencia Bancaria. Kit de FilterFlow &amp; PowerFlow &amp; Handlers con esc\u00e1ner ODB2 (unidades limitadas). \u00a1\u00a1OFERTA ESPECIAL AHORA!!<\/strong><\/p>\n<p>Por favor, lea la Descripci\u00f3n (m\u00e1s abajo en esta p\u00e1gina) para encontrar los archivos de ayuda, el contenido del kit y los plazos de entrega. La empresa de transporte es Correos Espa\u00f1a.<\/p>\n<p><strong>Producto patentado en la Oficina Europea de Patentes y Marcas.<\/strong><\/p>","protected":false},"featured_media":342,"template":"","meta":{"_joinchat":[]},"product_brand":[],"product_cat":[16],"product_tag":[],"class_list":{"0":"post-142","1":"product","2":"type-product","3":"status-publish","4":"has-post-thumbnail","6":"product_cat-sin-categorizar","8":"first","9":"instock","10":"sale","11":"sold-individually","12":"taxable","13":"shipping-taxable","14":"purchasable","15":"product-type-simple"},"yoast_head":"<!-- This site is optimized with the Yoast SEO plugin v27.4 - https:\/\/yoast.com\/product\/yoast-seo-wordpress\/ -->\n<title>PowerFlow Euro5 Plus &amp; FilterFlow Kit for Voge 300 Rally now includes OBD2 Scanner - JC SuperFlow Racing<\/title>\n<meta name=\"robots\" content=\"index, follow, max-snippet:-1, max-image-preview:large, max-video-preview:-1\" \/>\n<link rel=\"canonical\" href=\"https:\/\/superflow-racing.com\/es\/producto\/powerflow-filterflow-kit-for-voge-300-rally\/\" \/>\n<meta property=\"og:locale\" content=\"es_ES\" \/>\n<meta property=\"og:type\" content=\"article\" \/>\n<meta property=\"og:title\" content=\"PowerFlow Euro5 Plus &amp; FilterFlow Kit for Voge 300 Rally now includes OBD2 Scanner - JC SuperFlow Racing\" \/>\n<meta property=\"og:description\" content=\"PayPal or Bank Transfer Payment. FilterFlow &amp; PowerFlow &amp; Handlers Kit with ODB2 scanner (limmited units). NOW SPECIAL OFFER !!  Please read the Description (further down this page) to find help files, kit contents and delivery times. The shippment company is Correos Espa\u00f1a.  Product Patented at the European Patent and Trademark Office.\" \/>\n<meta property=\"og:url\" content=\"https:\/\/superflow-racing.com\/es\/producto\/powerflow-filterflow-kit-for-voge-300-rally\/\" \/>\n<meta property=\"og:site_name\" content=\"JC SuperFlow Racing\" \/>\n<meta property=\"article:modified_time\" content=\"2026-03-14T17:21:20+00:00\" \/>\n<meta property=\"og:image\" content=\"https:\/\/superflow-racing.com\/wp-content\/uploads\/2024\/09\/IMG_20241005_163113.jpg\" \/>\n\t<meta property=\"og:image:width\" content=\"1909\" \/>\n\t<meta property=\"og:image:height\" content=\"1835\" \/>\n\t<meta property=\"og:image:type\" content=\"image\/jpeg\" \/>\n<meta name=\"twitter:card\" content=\"summary_large_image\" \/>\n<meta name=\"twitter:label1\" content=\"Tiempo de lectura\" \/>\n\t<meta name=\"twitter:data1\" content=\"2 minutos\" \/>\n<script type=\"application\/ld+json\" class=\"yoast-schema-graph\">{\"@context\":\"https:\\\/\\\/schema.org\",\"@graph\":[{\"@type\":\"WebPage\",\"@id\":\"https:\\\/\\\/superflow-racing.com\\\/producto\\\/powerflow-filterflow-kit-for-voge-300-rally\\\/\",\"url\":\"https:\\\/\\\/superflow-racing.com\\\/producto\\\/powerflow-filterflow-kit-for-voge-300-rally\\\/\",\"name\":\"PowerFlow Euro5 Plus & FilterFlow Kit for Voge 300 Rally now includes OBD2 Scanner - JC SuperFlow Racing\",\"isPartOf\":{\"@id\":\"https:\\\/\\\/superflow-racing.com\\\/#website\"},\"primaryImageOfPage\":{\"@id\":\"https:\\\/\\\/superflow-racing.com\\\/producto\\\/powerflow-filterflow-kit-for-voge-300-rally\\\/#primaryimage\"},\"image\":{\"@id\":\"https:\\\/\\\/superflow-racing.com\\\/producto\\\/powerflow-filterflow-kit-for-voge-300-rally\\\/#primaryimage\"},\"thumbnailUrl\":\"https:\\\/\\\/superflow-racing.com\\\/wp-content\\\/uploads\\\/2024\\\/09\\\/IMG_20241005_163113.jpg\",\"datePublished\":\"2024-09-01T00:01:14+00:00\",\"dateModified\":\"2026-03-14T17:21:20+00:00\",\"breadcrumb\":{\"@id\":\"https:\\\/\\\/superflow-racing.com\\\/producto\\\/powerflow-filterflow-kit-for-voge-300-rally\\\/#breadcrumb\"},\"inLanguage\":\"es\",\"potentialAction\":[{\"@type\":\"ReadAction\",\"target\":[\"https:\\\/\\\/superflow-racing.com\\\/producto\\\/powerflow-filterflow-kit-for-voge-300-rally\\\/\"]}]},{\"@type\":\"ImageObject\",\"inLanguage\":\"es\",\"@id\":\"https:\\\/\\\/superflow-racing.com\\\/producto\\\/powerflow-filterflow-kit-for-voge-300-rally\\\/#primaryimage\",\"url\":\"https:\\\/\\\/superflow-racing.com\\\/wp-content\\\/uploads\\\/2024\\\/09\\\/IMG_20241005_163113.jpg\",\"contentUrl\":\"https:\\\/\\\/superflow-racing.com\\\/wp-content\\\/uploads\\\/2024\\\/09\\\/IMG_20241005_163113.jpg\",\"width\":1909,\"height\":1835},{\"@type\":\"BreadcrumbList\",\"@id\":\"https:\\\/\\\/superflow-racing.com\\\/producto\\\/powerflow-filterflow-kit-for-voge-300-rally\\\/#breadcrumb\",\"itemListElement\":[{\"@type\":\"ListItem\",\"position\":1,\"name\":\"Home\",\"item\":\"https:\\\/\\\/superflow-racing.com\\\/\"},{\"@type\":\"ListItem\",\"position\":2,\"name\":\"Tienda-Shop\",\"item\":\"https:\\\/\\\/superflow-racing.com\\\/tienda\\\/\"},{\"@type\":\"ListItem\",\"position\":3,\"name\":\"PowerFlow Euro5 Plus &#038; FilterFlow Kit for Voge 300 Rally now includes OBD2 Scanner\"}]},{\"@type\":\"WebSite\",\"@id\":\"https:\\\/\\\/superflow-racing.com\\\/#website\",\"url\":\"https:\\\/\\\/superflow-racing.com\\\/\",\"name\":\"JC Superflow Racing\",\"description\":\"PowerFlow Voge Power &amp; Torque bike site\",\"publisher\":{\"@id\":\"https:\\\/\\\/superflow-racing.com\\\/#organization\"},\"potentialAction\":[{\"@type\":\"SearchAction\",\"target\":{\"@type\":\"EntryPoint\",\"urlTemplate\":\"https:\\\/\\\/superflow-racing.com\\\/?s={search_term_string}\"},\"query-input\":{\"@type\":\"PropertyValueSpecification\",\"valueRequired\":true,\"valueName\":\"search_term_string\"}}],\"inLanguage\":\"es\"},{\"@type\":\"Organization\",\"@id\":\"https:\\\/\\\/superflow-racing.com\\\/#organization\",\"name\":\"PowerFlow JCEndurance Parts\",\"url\":\"https:\\\/\\\/superflow-racing.com\\\/\",\"logo\":{\"@type\":\"ImageObject\",\"inLanguage\":\"es\",\"@id\":\"https:\\\/\\\/superflow-racing.com\\\/#\\\/schema\\\/logo\\\/image\\\/\",\"url\":\"https:\\\/\\\/superflow-racing.com\\\/wp-content\\\/uploads\\\/2025\\\/12\\\/logobn_p.webp\",\"contentUrl\":\"https:\\\/\\\/superflow-racing.com\\\/wp-content\\\/uploads\\\/2025\\\/12\\\/logobn_p.webp\",\"width\":400,\"height\":115,\"caption\":\"PowerFlow JCEndurance Parts\"},\"image\":{\"@id\":\"https:\\\/\\\/superflow-racing.com\\\/#\\\/schema\\\/logo\\\/image\\\/\"}}]}<\/script>\n<!-- \/ Yoast SEO plugin. -->","yoast_head_json":{"title":"PowerFlow Euro5 Plus & FilterFlow Kit for Voge 300 Rally now includes OBD2 Scanner - JC SuperFlow Racing","robots":{"index":"index","follow":"follow","max-snippet":"max-snippet:-1","max-image-preview":"max-image-preview:large","max-video-preview":"max-video-preview:-1"},"canonical":"https:\/\/superflow-racing.com\/es\/producto\/powerflow-filterflow-kit-for-voge-300-rally\/","og_locale":"es_ES","og_type":"article","og_title":"PowerFlow Euro5 Plus & FilterFlow Kit for Voge 300 Rally now includes OBD2 Scanner - JC SuperFlow Racing","og_description":"PayPal or Bank Transfer Payment. FilterFlow &amp; PowerFlow &amp; Handlers Kit with ODB2 scanner (limmited units). NOW SPECIAL OFFER !!  Please read the Description (further down this page) to find help files, kit contents and delivery times. The shippment company is Correos Espa\u00f1a.  Product Patented at the European Patent and Trademark Office.","og_url":"https:\/\/superflow-racing.com\/es\/producto\/powerflow-filterflow-kit-for-voge-300-rally\/","og_site_name":"JC SuperFlow Racing","article_modified_time":"2026-03-14T17:21:20+00:00","og_image":[{"width":1909,"height":1835,"url":"https:\/\/superflow-racing.com\/wp-content\/uploads\/2024\/09\/IMG_20241005_163113.jpg","type":"image\/jpeg"}],"twitter_card":"summary_large_image","twitter_misc":{"Tiempo de lectura":"2 minutos"},"schema":{"@context":"https:\/\/schema.org","@graph":[{"@type":"WebPage","@id":"https:\/\/superflow-racing.com\/producto\/powerflow-filterflow-kit-for-voge-300-rally\/","url":"https:\/\/superflow-racing.com\/producto\/powerflow-filterflow-kit-for-voge-300-rally\/","name":"PowerFlow Euro5 Plus & FilterFlow Kit for Voge 300 Rally now includes OBD2 Scanner - JC SuperFlow Racing","isPartOf":{"@id":"https:\/\/superflow-racing.com\/#website"},"primaryImageOfPage":{"@id":"https:\/\/superflow-racing.com\/producto\/powerflow-filterflow-kit-for-voge-300-rally\/#primaryimage"},"image":{"@id":"https:\/\/superflow-racing.com\/producto\/powerflow-filterflow-kit-for-voge-300-rally\/#primaryimage"},"thumbnailUrl":"https:\/\/superflow-racing.com\/wp-content\/uploads\/2024\/09\/IMG_20241005_163113.jpg","datePublished":"2024-09-01T00:01:14+00:00","dateModified":"2026-03-14T17:21:20+00:00","breadcrumb":{"@id":"https:\/\/superflow-racing.com\/producto\/powerflow-filterflow-kit-for-voge-300-rally\/#breadcrumb"},"inLanguage":"es","potentialAction":[{"@type":"ReadAction","target":["https:\/\/superflow-racing.com\/producto\/powerflow-filterflow-kit-for-voge-300-rally\/"]}]},{"@type":"ImageObject","inLanguage":"es","@id":"https:\/\/superflow-racing.com\/producto\/powerflow-filterflow-kit-for-voge-300-rally\/#primaryimage","url":"https:\/\/superflow-racing.com\/wp-content\/uploads\/2024\/09\/IMG_20241005_163113.jpg","contentUrl":"https:\/\/superflow-racing.com\/wp-content\/uploads\/2024\/09\/IMG_20241005_163113.jpg","width":1909,"height":1835},{"@type":"BreadcrumbList","@id":"https:\/\/superflow-racing.com\/producto\/powerflow-filterflow-kit-for-voge-300-rally\/#breadcrumb","itemListElement":[{"@type":"ListItem","position":1,"name":"Home","item":"https:\/\/superflow-racing.com\/"},{"@type":"ListItem","position":2,"name":"Tienda-Shop","item":"https:\/\/superflow-racing.com\/tienda\/"},{"@type":"ListItem","position":3,"name":"PowerFlow Euro5 Plus &#038; FilterFlow Kit for Voge 300 Rally now includes OBD2 Scanner"}]},{"@type":"WebSite","@id":"https:\/\/superflow-racing.com\/#website","url":"https:\/\/superflow-racing.com\/","name":"JC Superflow Racing","description":"PowerFlow Voge Potencia y par en bicicleta","publisher":{"@id":"https:\/\/superflow-racing.com\/#organization"},"potentialAction":[{"@type":"SearchAction","target":{"@type":"EntryPoint","urlTemplate":"https:\/\/superflow-racing.com\/?s={search_term_string}"},"query-input":{"@type":"PropertyValueSpecification","valueRequired":true,"valueName":"search_term_string"}}],"inLanguage":"es"},{"@type":"Organization","@id":"https:\/\/superflow-racing.com\/#organization","name":"Piezas PowerFlow JCEndurance","url":"https:\/\/superflow-racing.com\/","logo":{"@type":"ImageObject","inLanguage":"es","@id":"https:\/\/superflow-racing.com\/#\/schema\/logo\/image\/","url":"https:\/\/superflow-racing.com\/wp-content\/uploads\/2025\/12\/logobn_p.webp","contentUrl":"https:\/\/superflow-racing.com\/wp-content\/uploads\/2025\/12\/logobn_p.webp","width":400,"height":115,"caption":"PowerFlow JCEndurance Parts"},"image":{"@id":"https:\/\/superflow-racing.com\/#\/schema\/logo\/image\/"}}]}},"_links":{"self":[{"href":"https:\/\/superflow-racing.com\/es\/wp-json\/wp\/v2\/product\/142","targetHints":{"allow":["GET"]}}],"collection":[{"href":"https:\/\/superflow-racing.com\/es\/wp-json\/wp\/v2\/product"}],"about":[{"href":"https:\/\/superflow-racing.com\/es\/wp-json\/wp\/v2\/types\/product"}],"wp:featuredmedia":[{"embeddable":true,"href":"https:\/\/superflow-racing.com\/es\/wp-json\/wp\/v2\/media\/342"}],"wp:attachment":[{"href":"https:\/\/superflow-racing.com\/es\/wp-json\/wp\/v2\/media?parent=142"}],"wp:term":[{"taxonomy":"product_brand","embeddable":true,"href":"https:\/\/superflow-racing.com\/es\/wp-json\/wp\/v2\/product_brand?post=142"},{"taxonomy":"product_cat","embeddable":true,"href":"https:\/\/superflow-racing.com\/es\/wp-json\/wp\/v2\/product_cat?post=142"},{"taxonomy":"product_tag","embeddable":true,"href":"https:\/\/superflow-racing.com\/es\/wp-json\/wp\/v2\/product_tag?post=142"}],"curies":[{"name":"wp","href":"https:\/\/api.w.org\/{rel}","templated":true}]}}