{"id":1406,"date":"2026-01-10T17:59:05","date_gmt":"2026-01-10T15:59:05","guid":{"rendered":"https:\/\/superflow-racing.com\/?post_type=product&#038;p=1406"},"modified":"2026-01-22T05:01:10","modified_gmt":"2026-01-22T03:01:10","slug":"post-catalyst-o%e2%82%82-emulator-euro5-plus-needs-superflow","status":"publish","type":"product","link":"https:\/\/superflow-racing.com\/es\/producto\/post-catalyst-o%e2%82%82-emulator-euro5-plus-needs-superflow\/","title":{"rendered":"Emulador de O\u2082 postcatalizador Euro5 Plus (necesita SuperFlow)"},"content":{"rendered":"<h3 data-start=\"372\" data-end=\"424\"><strong data-start=\"376\" data-end=\"424\">Emulador de O\u2082 postcatalizador (Euro 5+)<\/strong><\/h3>\n<p data-start=\"426\" data-end=\"602\">Este m\u00f3dulo es un <strong data-start=\"443\" data-end=\"496\">emulador del sensor de ox\u00edgeno postcatalizador<\/strong>, dise\u00f1ado para las modernas ECU Euro 5 \/ Euro 5+ y <strong data-start=\"544\" data-end=\"601\">dise\u00f1ado para funcionar como parte del sistema Superflow<\/strong>.<\/p>\n<p data-start=\"604\" data-end=\"750\">Reproduce con precisi\u00f3n el comportamiento el\u00e9ctrico de un <strong data-start=\"658\" data-end=\"689\">catalizador en buen estado<\/strong>, lo que permite a la ECU validar la eficiencia del catalizador incluso cuando:<\/p>\n<ul data-start=\"752\" data-end=\"886\">\n<li data-start=\"752\" data-end=\"795\">\n<p data-start=\"754\" data-end=\"795\">se ha retirado el catalizador,<\/p>\n<\/li>\n<li data-start=\"796\" data-end=\"841\">\n<p data-start=\"798\" data-end=\"841\">se instala un catalizador de alto caudal \/ de competici\u00f3n,<\/p>\n<\/li>\n<li data-start=\"842\" data-end=\"886\">\n<p data-start=\"844\" data-end=\"886\">o se han modificado el escape y la alimentaci\u00f3n de combustible.<\/p>\n<\/li>\n<\/ul>\n<p data-start=\"888\" data-end=\"1078\">A diferencia de los dispositivos b\u00e1sicos basados en resistencias o los generadores de se\u00f1ales est\u00e1ticas, este emulador produce un <strong data-start=\"978\" data-end=\"1030\">se\u00f1al lambda post-cat din\u00e1mica y sensible al contexto<\/strong>, que coincide con el comportamiento real de los catalizadores.<\/p>\n<h4 data-start=\"1080\" data-end=\"1114\"><strong data-start=\"1085\" data-end=\"1114\">Por qu\u00e9 es necesario Superflow<\/strong><\/h4>\n<p data-start=\"1115\" data-end=\"1329\">Un catalizador real no se comporta de la misma manera durante la marcha constante, la aceleraci\u00f3n o la deceleraci\u00f3n.<br data-start=\"1221\" data-end=\"1224\" \/>Por esta raz\u00f3n, la se\u00f1al post-cat debe reaccionar <strong data-start=\"1272\" data-end=\"1297\">de forma sutil y coherente<\/strong> a las condiciones de funcionamiento del motor.<\/p>\n<p data-start=\"1331\" data-end=\"1428\">Este emulador se basa en <strong data-start=\"1355\" data-end=\"1368\">Superflow<\/strong> para acceder a los datos de la ECU en tiempo real (a trav\u00e9s de OBD\/CAN), lo que le permite:<\/p>\n<ul data-start=\"1430\" data-end=\"1714\">\n<li data-start=\"1430\" data-end=\"1495\">\n<p data-start=\"1432\" data-end=\"1495\">Adaptar ligeramente el comportamiento del postcatalizador durante <strong data-start=\"1472\" data-end=\"1495\">eventos de aceleraci\u00f3n<\/strong><\/p>\n<\/li>\n<li data-start=\"1496\" data-end=\"1559\">\n<p data-start=\"1498\" data-end=\"1559\">Permanecer estable y amortiguado durante <strong data-start=\"1530\" data-end=\"1559\">corte de combustible y deceleraci\u00f3n<\/strong><\/p>\n<\/li>\n<li data-start=\"1560\" data-end=\"1631\">\n<p data-start=\"1562\" data-end=\"1631\">Evite reacciones poco realistas que podr\u00edan desencadenar comprobaciones de correlaci\u00f3n de la ECU.<\/p>\n<\/li>\n<li data-start=\"1632\" data-end=\"1714\">\n<p data-start=\"1634\" data-end=\"1714\">Mantener un modelo de eficiencia del catalizador coherente y cre\u00edble en todas las condiciones.<\/p>\n<\/li>\n<\/ul>\n<p data-start=\"1716\" data-end=\"1932\">Sin esta informaci\u00f3n contextual, un emulador aut\u00f3nomo se comportar\u00eda necesariamente como una aproximaci\u00f3n est\u00e1tica.<br data-start=\"1826\" data-end=\"1829\" \/>Al ser gestionada por Superflow, la se\u00f1al post-cat permanece <strong data-start=\"1888\" data-end=\"1931\">adaptable, realista y coherente con la ECU<\/strong>.<\/p>\n<h4 data-start=\"1934\" data-end=\"1952\">Caracter\u00edsticas principales:<\/h4>\n<ul data-start=\"1953\" data-end=\"2345\">\n<li data-start=\"1953\" data-end=\"2009\">\n<p data-start=\"1955\" data-end=\"2009\">Comportamiento din\u00e1mico de la postc\u00e1mara adaptado a las condiciones del motor<\/p>\n<\/li>\n<li data-start=\"2010\" data-end=\"2066\">\n<p data-start=\"2012\" data-end=\"2066\">Perfil de tensi\u00f3n realista de baja amplitud y respuesta lenta<\/p>\n<\/li>\n<li data-start=\"2067\" data-end=\"2117\">\n<p data-start=\"2069\" data-end=\"2117\">Sin oscilaci\u00f3n r\u00e1pida, sin reflejo de se\u00f1al pre-cat<\/p>\n<\/li>\n<li data-start=\"2118\" data-end=\"2176\">\n<p data-start=\"2120\" data-end=\"2176\">Evita <strong data-start=\"2129\" data-end=\"2176\">P0420 - Eficiencia del catalizador por debajo del umbral<\/strong><\/p>\n<\/li>\n<li data-start=\"2177\" data-end=\"2244\">\n<p data-start=\"2179\" data-end=\"2244\">En <strong data-start=\"2184\" data-end=\"2191\">no<\/strong> interferir con el control del combustible o el funcionamiento en bucle cerrado<\/p>\n<\/li>\n<li data-start=\"2245\" data-end=\"2279\">\n<p data-start=\"2247\" data-end=\"2279\">Referencia de tierra del sensor de seguridad de la ECU<\/p>\n<\/li>\n<li data-start=\"2280\" data-end=\"2345\">\n<p data-start=\"2282\" data-end=\"2345\">Totalmente gestionado por Superflow para la funcionalidad presente y futura<\/p>\n<\/li>\n<\/ul>\n<h4 data-start=\"2347\" data-end=\"2365\">Arquitectura:<\/h4>\n<ul data-start=\"2366\" data-end=\"2579\">\n<li data-start=\"2366\" data-end=\"2417\">\n<p data-start=\"2368\" data-end=\"2417\">Generaci\u00f3n de se\u00f1ales basada en un microcontrolador espec\u00edfico<\/p>\n<\/li>\n<li data-start=\"2418\" data-end=\"2477\">\n<p data-start=\"2420\" data-end=\"2477\">Supervisi\u00f3n y control de par\u00e1metros en tiempo real mediante Superflow<\/p>\n<\/li>\n<li data-start=\"2478\" data-end=\"2520\">\n<p data-start=\"2480\" data-end=\"2520\">Independiente del comportamiento lambda pre-cat<\/p>\n<\/li>\n<li data-start=\"2521\" data-end=\"2579\">\n<p data-start=\"2523\" data-end=\"2579\">Dise\u00f1ado para entornos basados en CAN y futuras ampliaciones<\/p>\n<\/li>\n<\/ul>\n<h4 data-start=\"2581\" data-end=\"2599\">Uso previsto:<\/h4>\n<ul data-start=\"2600\" data-end=\"2728\">\n<li data-start=\"2600\" data-end=\"2632\">\n<p data-start=\"2602\" data-end=\"2632\">Aplicaciones todoterreno \/ competici\u00f3n<\/p>\n<\/li>\n<li data-start=\"2633\" data-end=\"2675\">\n<p data-start=\"2635\" data-end=\"2675\">Entornos de desarrollo y calibraci\u00f3n<\/p>\n<\/li>\n<li data-start=\"2676\" data-end=\"2728\">\n<p data-start=\"2678\" data-end=\"2728\">Veh\u00edculos modificados m\u00e1s all\u00e1 de la configuraci\u00f3n de escape OEM<\/p>\n<\/li>\n<\/ul>\n<p><strong>Apto para todas las motocicletas Euro 5+<\/strong><\/p>\n<p><strong>Pr\u00f3ximamente - inscr\u00edbase en la lista de espera<\/strong><\/p>","protected":false},"excerpt":{"rendered":"<p>Emulador de O\u2082 postcatalizador Euro 5+, <strong>Concebido para motocicletas con escape posventa<\/strong> o sin catalizador.<br data-start=\"147\" data-end=\"150\" \/><strong>Funciona en combinaci\u00f3n con SuperFlow<\/strong> para generar una se\u00f1al post-cat din\u00e1mica y realista, evitando errores relacionados con el catalizador sin afectar al funcionamiento del motor.<\/p>","protected":false},"featured_media":1407,"template":"","meta":{"_joinchat":[]},"product_brand":[],"product_cat":[16],"product_tag":[],"class_list":{"0":"post-1406","1":"product","2":"type-product","3":"status-publish","4":"has-post-thumbnail","6":"product_cat-sin-categorizar","8":"first","9":"outofstock","10":"taxable","11":"shipping-taxable","12":"product-type-simple"},"yoast_head":"<!-- This site is optimized with the Yoast SEO plugin v27.3 - https:\/\/yoast.com\/product\/yoast-seo-wordpress\/ -->\n<title>Post-Catalyst O\u2082 Emulator Euro5 Plus (needs SuperFlow) - JC SuperFlow Racing<\/title>\n<meta name=\"robots\" content=\"index, follow, max-snippet:-1, max-image-preview:large, max-video-preview:-1\" \/>\n<link rel=\"canonical\" href=\"https:\/\/superflow-racing.com\/es\/producto\/post-catalyst-o\u2082-emulator-euro5-plus-needs-superflow\/\" \/>\n<meta property=\"og:locale\" content=\"es_ES\" \/>\n<meta property=\"og:type\" content=\"article\" \/>\n<meta property=\"og:title\" content=\"Post-Catalyst O\u2082 Emulator Euro5 Plus (needs SuperFlow) - JC SuperFlow Racing\" \/>\n<meta property=\"og:description\" content=\"Euro 5+ post-catalyst O\u2082 emulator, designed for motorcycles with aftermarket exhausts or without a catalytic converter.Works in conjunction with SuperFlow to generate a dynamic and realistic post-cat signal, preventing catalyst-related errors without affecting engine operation.\" \/>\n<meta property=\"og:url\" content=\"https:\/\/superflow-racing.com\/es\/producto\/post-catalyst-o\u2082-emulator-euro5-plus-needs-superflow\/\" \/>\n<meta property=\"og:site_name\" content=\"JC SuperFlow Racing\" \/>\n<meta property=\"article:modified_time\" content=\"2026-01-22T03:01:10+00:00\" \/>\n<meta property=\"og:image\" content=\"https:\/\/superflow-racing.com\/wp-content\/uploads\/2026\/01\/o2postcat.jpg\" \/>\n\t<meta property=\"og:image:width\" content=\"1441\" \/>\n\t<meta property=\"og:image:height\" content=\"1441\" \/>\n\t<meta property=\"og:image:type\" content=\"image\/jpeg\" \/>\n<meta name=\"twitter:card\" content=\"summary_large_image\" \/>\n<meta name=\"twitter:label1\" content=\"Tiempo de lectura\" \/>\n\t<meta name=\"twitter:data1\" content=\"2 minutos\" \/>\n<script type=\"application\/ld+json\" class=\"yoast-schema-graph\">{\"@context\":\"https:\\\/\\\/schema.org\",\"@graph\":[{\"@type\":\"WebPage\",\"@id\":\"https:\\\/\\\/superflow-racing.com\\\/producto\\\/post-catalyst-o%e2%82%82-emulator-euro5-plus-needs-superflow\\\/\",\"url\":\"https:\\\/\\\/superflow-racing.com\\\/producto\\\/post-catalyst-o%e2%82%82-emulator-euro5-plus-needs-superflow\\\/\",\"name\":\"Post-Catalyst O\u2082 Emulator Euro5 Plus (needs SuperFlow) - JC SuperFlow Racing\",\"isPartOf\":{\"@id\":\"https:\\\/\\\/superflow-racing.com\\\/#website\"},\"primaryImageOfPage\":{\"@id\":\"https:\\\/\\\/superflow-racing.com\\\/producto\\\/post-catalyst-o%e2%82%82-emulator-euro5-plus-needs-superflow\\\/#primaryimage\"},\"image\":{\"@id\":\"https:\\\/\\\/superflow-racing.com\\\/producto\\\/post-catalyst-o%e2%82%82-emulator-euro5-plus-needs-superflow\\\/#primaryimage\"},\"thumbnailUrl\":\"https:\\\/\\\/superflow-racing.com\\\/wp-content\\\/uploads\\\/2026\\\/01\\\/o2postcat.jpg\",\"datePublished\":\"2026-01-10T15:59:05+00:00\",\"dateModified\":\"2026-01-22T03:01:10+00:00\",\"breadcrumb\":{\"@id\":\"https:\\\/\\\/superflow-racing.com\\\/producto\\\/post-catalyst-o%e2%82%82-emulator-euro5-plus-needs-superflow\\\/#breadcrumb\"},\"inLanguage\":\"es\",\"potentialAction\":[{\"@type\":\"ReadAction\",\"target\":[\"https:\\\/\\\/superflow-racing.com\\\/producto\\\/post-catalyst-o%e2%82%82-emulator-euro5-plus-needs-superflow\\\/\"]}]},{\"@type\":\"ImageObject\",\"inLanguage\":\"es\",\"@id\":\"https:\\\/\\\/superflow-racing.com\\\/producto\\\/post-catalyst-o%e2%82%82-emulator-euro5-plus-needs-superflow\\\/#primaryimage\",\"url\":\"https:\\\/\\\/superflow-racing.com\\\/wp-content\\\/uploads\\\/2026\\\/01\\\/o2postcat.jpg\",\"contentUrl\":\"https:\\\/\\\/superflow-racing.com\\\/wp-content\\\/uploads\\\/2026\\\/01\\\/o2postcat.jpg\",\"width\":1441,\"height\":1441,\"caption\":\"Created with GIMP\"},{\"@type\":\"BreadcrumbList\",\"@id\":\"https:\\\/\\\/superflow-racing.com\\\/producto\\\/post-catalyst-o%e2%82%82-emulator-euro5-plus-needs-superflow\\\/#breadcrumb\",\"itemListElement\":[{\"@type\":\"ListItem\",\"position\":1,\"name\":\"Home\",\"item\":\"https:\\\/\\\/superflow-racing.com\\\/\"},{\"@type\":\"ListItem\",\"position\":2,\"name\":\"Tienda-Shop\",\"item\":\"https:\\\/\\\/superflow-racing.com\\\/tienda\\\/\"},{\"@type\":\"ListItem\",\"position\":3,\"name\":\"Post-Catalyst O\u2082 Emulator Euro5 Plus (needs SuperFlow)\"}]},{\"@type\":\"WebSite\",\"@id\":\"https:\\\/\\\/superflow-racing.com\\\/#website\",\"url\":\"https:\\\/\\\/superflow-racing.com\\\/\",\"name\":\"JC Superflow Racing\",\"description\":\"PowerFlow Voge Power &amp; Torque bike site\",\"publisher\":{\"@id\":\"https:\\\/\\\/superflow-racing.com\\\/#organization\"},\"potentialAction\":[{\"@type\":\"SearchAction\",\"target\":{\"@type\":\"EntryPoint\",\"urlTemplate\":\"https:\\\/\\\/superflow-racing.com\\\/?s={search_term_string}\"},\"query-input\":{\"@type\":\"PropertyValueSpecification\",\"valueRequired\":true,\"valueName\":\"search_term_string\"}}],\"inLanguage\":\"es\"},{\"@type\":\"Organization\",\"@id\":\"https:\\\/\\\/superflow-racing.com\\\/#organization\",\"name\":\"PowerFlow JCEndurance Parts\",\"url\":\"https:\\\/\\\/superflow-racing.com\\\/\",\"logo\":{\"@type\":\"ImageObject\",\"inLanguage\":\"es\",\"@id\":\"https:\\\/\\\/superflow-racing.com\\\/#\\\/schema\\\/logo\\\/image\\\/\",\"url\":\"https:\\\/\\\/superflow-racing.com\\\/wp-content\\\/uploads\\\/2025\\\/12\\\/logobn_p.webp\",\"contentUrl\":\"https:\\\/\\\/superflow-racing.com\\\/wp-content\\\/uploads\\\/2025\\\/12\\\/logobn_p.webp\",\"width\":400,\"height\":115,\"caption\":\"PowerFlow JCEndurance Parts\"},\"image\":{\"@id\":\"https:\\\/\\\/superflow-racing.com\\\/#\\\/schema\\\/logo\\\/image\\\/\"}}]}<\/script>\n<!-- \/ Yoast SEO plugin. -->","yoast_head_json":{"title":"Post-Catalyst O\u2082 Emulator Euro5 Plus (needs SuperFlow) - JC SuperFlow Racing","robots":{"index":"index","follow":"follow","max-snippet":"max-snippet:-1","max-image-preview":"max-image-preview:large","max-video-preview":"max-video-preview:-1"},"canonical":"https:\/\/superflow-racing.com\/es\/producto\/post-catalyst-o\u2082-emulator-euro5-plus-needs-superflow\/","og_locale":"es_ES","og_type":"article","og_title":"Post-Catalyst O\u2082 Emulator Euro5 Plus (needs SuperFlow) - JC SuperFlow Racing","og_description":"Euro 5+ post-catalyst O\u2082 emulator, designed for motorcycles with aftermarket exhausts or without a catalytic converter.Works in conjunction with SuperFlow to generate a dynamic and realistic post-cat signal, preventing catalyst-related errors without affecting engine operation.","og_url":"https:\/\/superflow-racing.com\/es\/producto\/post-catalyst-o\u2082-emulator-euro5-plus-needs-superflow\/","og_site_name":"JC SuperFlow Racing","article_modified_time":"2026-01-22T03:01:10+00:00","og_image":[{"width":1441,"height":1441,"url":"https:\/\/superflow-racing.com\/wp-content\/uploads\/2026\/01\/o2postcat.jpg","type":"image\/jpeg"}],"twitter_card":"summary_large_image","twitter_misc":{"Tiempo de lectura":"2 minutos"},"schema":{"@context":"https:\/\/schema.org","@graph":[{"@type":"WebPage","@id":"https:\/\/superflow-racing.com\/producto\/post-catalyst-o%e2%82%82-emulator-euro5-plus-needs-superflow\/","url":"https:\/\/superflow-racing.com\/producto\/post-catalyst-o%e2%82%82-emulator-euro5-plus-needs-superflow\/","name":"Post-Catalyst O\u2082 Emulator Euro5 Plus (needs SuperFlow) - JC SuperFlow Racing","isPartOf":{"@id":"https:\/\/superflow-racing.com\/#website"},"primaryImageOfPage":{"@id":"https:\/\/superflow-racing.com\/producto\/post-catalyst-o%e2%82%82-emulator-euro5-plus-needs-superflow\/#primaryimage"},"image":{"@id":"https:\/\/superflow-racing.com\/producto\/post-catalyst-o%e2%82%82-emulator-euro5-plus-needs-superflow\/#primaryimage"},"thumbnailUrl":"https:\/\/superflow-racing.com\/wp-content\/uploads\/2026\/01\/o2postcat.jpg","datePublished":"2026-01-10T15:59:05+00:00","dateModified":"2026-01-22T03:01:10+00:00","breadcrumb":{"@id":"https:\/\/superflow-racing.com\/producto\/post-catalyst-o%e2%82%82-emulator-euro5-plus-needs-superflow\/#breadcrumb"},"inLanguage":"es","potentialAction":[{"@type":"ReadAction","target":["https:\/\/superflow-racing.com\/producto\/post-catalyst-o%e2%82%82-emulator-euro5-plus-needs-superflow\/"]}]},{"@type":"ImageObject","inLanguage":"es","@id":"https:\/\/superflow-racing.com\/producto\/post-catalyst-o%e2%82%82-emulator-euro5-plus-needs-superflow\/#primaryimage","url":"https:\/\/superflow-racing.com\/wp-content\/uploads\/2026\/01\/o2postcat.jpg","contentUrl":"https:\/\/superflow-racing.com\/wp-content\/uploads\/2026\/01\/o2postcat.jpg","width":1441,"height":1441,"caption":"Created with GIMP"},{"@type":"BreadcrumbList","@id":"https:\/\/superflow-racing.com\/producto\/post-catalyst-o%e2%82%82-emulator-euro5-plus-needs-superflow\/#breadcrumb","itemListElement":[{"@type":"ListItem","position":1,"name":"Home","item":"https:\/\/superflow-racing.com\/"},{"@type":"ListItem","position":2,"name":"Tienda-Shop","item":"https:\/\/superflow-racing.com\/tienda\/"},{"@type":"ListItem","position":3,"name":"Post-Catalyst O\u2082 Emulator Euro5 Plus (needs SuperFlow)"}]},{"@type":"WebSite","@id":"https:\/\/superflow-racing.com\/#website","url":"https:\/\/superflow-racing.com\/","name":"JC Superflow Racing","description":"PowerFlow Voge Potencia y par en bicicleta","publisher":{"@id":"https:\/\/superflow-racing.com\/#organization"},"potentialAction":[{"@type":"SearchAction","target":{"@type":"EntryPoint","urlTemplate":"https:\/\/superflow-racing.com\/?s={search_term_string}"},"query-input":{"@type":"PropertyValueSpecification","valueRequired":true,"valueName":"search_term_string"}}],"inLanguage":"es"},{"@type":"Organization","@id":"https:\/\/superflow-racing.com\/#organization","name":"Piezas PowerFlow JCEndurance","url":"https:\/\/superflow-racing.com\/","logo":{"@type":"ImageObject","inLanguage":"es","@id":"https:\/\/superflow-racing.com\/#\/schema\/logo\/image\/","url":"https:\/\/superflow-racing.com\/wp-content\/uploads\/2025\/12\/logobn_p.webp","contentUrl":"https:\/\/superflow-racing.com\/wp-content\/uploads\/2025\/12\/logobn_p.webp","width":400,"height":115,"caption":"PowerFlow JCEndurance Parts"},"image":{"@id":"https:\/\/superflow-racing.com\/#\/schema\/logo\/image\/"}}]}},"_links":{"self":[{"href":"https:\/\/superflow-racing.com\/es\/wp-json\/wp\/v2\/product\/1406","targetHints":{"allow":["GET"]}}],"collection":[{"href":"https:\/\/superflow-racing.com\/es\/wp-json\/wp\/v2\/product"}],"about":[{"href":"https:\/\/superflow-racing.com\/es\/wp-json\/wp\/v2\/types\/product"}],"wp:featuredmedia":[{"embeddable":true,"href":"https:\/\/superflow-racing.com\/es\/wp-json\/wp\/v2\/media\/1407"}],"wp:attachment":[{"href":"https:\/\/superflow-racing.com\/es\/wp-json\/wp\/v2\/media?parent=1406"}],"wp:term":[{"taxonomy":"product_brand","embeddable":true,"href":"https:\/\/superflow-racing.com\/es\/wp-json\/wp\/v2\/product_brand?post=1406"},{"taxonomy":"product_cat","embeddable":true,"href":"https:\/\/superflow-racing.com\/es\/wp-json\/wp\/v2\/product_cat?post=1406"},{"taxonomy":"product_tag","embeddable":true,"href":"https:\/\/superflow-racing.com\/es\/wp-json\/wp\/v2\/product_tag?post=1406"}],"curies":[{"name":"wp","href":"https:\/\/api.w.org\/{rel}","templated":true}]}}