{"id":1343,"date":"2025-12-31T20:53:39","date_gmt":"2025-12-31T18:53:39","guid":{"rendered":"https:\/\/superflow-racing.com\/?post_type=product&#038;p=1343"},"modified":"2026-04-02T14:39:31","modified_gmt":"2026-04-02T12:39:31","slug":"superflow-for-rieju-307-aventura","status":"publish","type":"product","link":"https:\/\/superflow-racing.com\/es\/producto\/superflow-for-rieju-307-aventura\/","title":{"rendered":"SuperFlow para Rieju 307 Aventura"},"content":{"rendered":"<p>SuperFlow representa un nuevo nivel de evoluci\u00f3n m\u00e1s all\u00e1 de nuestro dispositivo PowerFlow.<\/p>\n<table style=\"width: 100%; border-collapse: collapse;\">\n<tbody>\n<tr><!-- Columna 1: V\u00eddeo en espa\u00f1ol --><\/p>\n<td style=\"width: 50%; vertical-align: top; padding: 10px;\">\n<h3 style=\"text-align: center;\">English video<\/h3>\n<p><iframe loading=\"lazy\" title=\"\" src=\"https:\/\/www.youtube.com\/embed\/6eGEDkH6tpE\" width=\"100%\" height=\"315\" frameborder=\"0\" allowfullscreen=\"allowfullscreen\"><br \/>\n<\/iframe><\/td>\n<p><!-- Columna 2: V\u00eddeo en ingl\u00e9s --><\/p>\n<td style=\"width: 50%; vertical-align: top; padding: 10px;\">\n<h3 style=\"text-align: center;\">V\u00eddeo en ingl\u00e9s<\/h3>\n<p><iframe loading=\"lazy\" title=\"\" src=\"https:\/\/www.youtube.com\/embed\/8Ukja7fdiqo\" width=\"100%\" height=\"315\" frameborder=\"0\" allowfullscreen=\"allowfullscreen\"><span data-mce-type=\"bookmark\" style=\"display: inline-block; width: 0px; overflow: hidden; line-height: 0;\" class=\"mce_SELRES_start\"><\/span><span data-mce-type=\"bookmark\" style=\"display: inline-block; width: 0px; overflow: hidden; line-height: 0;\" class=\"mce_SELRES_start\"><\/span><br \/>\n<\/iframe><\/td>\n<\/tr>\n<\/tbody>\n<\/table>\n<p>&nbsp;<\/p>\n<p>El suministro de combustible original es muy pobre, por lo que SuperFlow hace que el motor est\u00e9 m\u00e1s lubricado y refrigerado, lo que garantiza una mayor fiabilidad y<strong> maximiza la potencia y el par<\/strong>. SuperFlow permite regular el enriquecimiento para obtener la m\u00e1xima ganancia de par y respuesta posibles a medio y bajo r\u00e9gimen.<\/p>\n<p>Ventajas:<\/p>\n<ol type=\"\u201dA\u201d\">\n<li>Mayor lubricaci\u00f3n del motor<\/li>\n<li>Menor sobrecalentamiento del motor y las v\u00e1lvulas<\/li>\n<li>Mayor respuesta y par a bajas y medias revoluciones<\/li>\n<li>Eliminaci\u00f3n del efecto on-off del motor, lo que beneficia enormemente la conducci\u00f3n en carreteras y senderos a baja velocidad ya que el control sobre el acelerador es mucho m\u00e1s fino.<\/li>\n<li>M\u00e1s empuje al acelerar<\/li>\n<li>Reducci\u00f3n de vibraciones<\/li>\n<li>Mapas avanzados: A\u00fan m\u00e1s par motor y capacidad de respuesta. Elige un mapa en funci\u00f3n de lo que quieras hacer: trial, enduro, trail, carretera... especialmente adaptado a las caracter\u00edsticas de la Rieju 307 Aventura.<\/li>\n<li>Con nuestro Emulador Post-cat (se vende por separado) puede instalar un escape aftermarket sin problemas ni c\u00f3digos de error.<\/li>\n<\/ol>\n<p>SuperFlow es un sistema modular de supervisi\u00f3n y gesti\u00f3n avanzada de motores.<br \/>\nOfrece datos en tiempo real, ampliaci\u00f3n del firmware y compatibilidad con m\u00f3dulos adicionales para adaptar el rendimiento a sus necesidades. F\u00e1cil instalaci\u00f3n, alta precisi\u00f3n y desarrollo continuo. Totalmente controlada mediante una app m\u00f3vil con opciones de idioma seleccionables (ingl\u00e9s o espa\u00f1ol).<\/p>\n<p>Tiempo de preparaci\u00f3n del pedido: 5-15 d\u00edas laborables, dependiendo del volumen del pedido, nuestros productos est\u00e1n hechos a mano y eso lleva su tiempo. \u00a1\u00a1Pero la espera merecer\u00e1 la pena !!<\/p>\n<p>Tiempo de preparaci\u00f3n del pedido: actualmente de 5 a 15 d\u00edas laborables, dependiendo del volumen de pedidos. \u00a1\u00a1\u00a1Nuestros productos est\u00e1n hechos artesanalmente y eso lleva su tiempo, pero la espera valdr\u00e1 la pena !!!<\/p>\n<p>Tiene muchas m\u00e1s funciones que puedes ver <a href=\"https:\/\/jcendurance.com\/superflow-beyond-evolution\/\">AQU\u00cd<\/a><\/p>\n<p><a href=\"https:\/\/superflow-racing.com\/es\/superflow-instructions\/\">Instrucciones de instalaci\u00f3n de SuperFlow<\/a><\/p>","protected":false},"excerpt":{"rendered":"<p>SuperFlow representa un nuevo nivel de evoluci\u00f3n m\u00e1s all\u00e1 de nuestro dispositivo PowerFlow. Proporciona un par motor m\u00e1s potente a bajas revoluciones, una respuesta m\u00e1s r\u00e1pida del acelerador y una experiencia de conducci\u00f3n m\u00e1s suave y potente.<\/p>","protected":false},"featured_media":1344,"template":"","meta":{"_joinchat":[]},"product_brand":[],"product_cat":[16],"product_tag":[],"class_list":{"0":"post-1343","1":"product","2":"type-product","3":"status-publish","4":"has-post-thumbnail","6":"product_cat-sin-categorizar","8":"first","9":"instock","10":"taxable","11":"shipping-taxable","12":"purchasable","13":"product-type-simple"},"yoast_head":"<!-- This site is optimized with the Yoast SEO plugin v27.3 - https:\/\/yoast.com\/product\/yoast-seo-wordpress\/ -->\n<title>SuperFlow for Rieju 307 Aventura - JC SuperFlow Racing<\/title>\n<meta name=\"robots\" content=\"index, follow, max-snippet:-1, max-image-preview:large, max-video-preview:-1\" \/>\n<link rel=\"canonical\" href=\"https:\/\/superflow-racing.com\/es\/producto\/superflow-for-rieju-307-aventura\/\" \/>\n<meta property=\"og:locale\" content=\"es_ES\" \/>\n<meta property=\"og:type\" content=\"article\" \/>\n<meta property=\"og:title\" content=\"SuperFlow for Rieju 307 Aventura - JC SuperFlow Racing\" \/>\n<meta property=\"og:description\" content=\"SuperFlow represents a new level of evolution beyond our PowerFlow device. It delivers stronger low-end torque, faster throttle response and a smoother, more powerful riding experience.\" \/>\n<meta property=\"og:url\" content=\"https:\/\/superflow-racing.com\/es\/producto\/superflow-for-rieju-307-aventura\/\" \/>\n<meta property=\"og:site_name\" content=\"JC SuperFlow Racing\" \/>\n<meta property=\"article:modified_time\" content=\"2026-04-02T12:39:31+00:00\" \/>\n<meta property=\"og:image\" content=\"https:\/\/superflow-racing.com\/wp-content\/uploads\/2025\/12\/sf307p.jpg\" \/>\n\t<meta property=\"og:image:width\" content=\"1000\" \/>\n\t<meta property=\"og:image:height\" content=\"925\" \/>\n\t<meta property=\"og:image:type\" content=\"image\/jpeg\" \/>\n<meta name=\"twitter:card\" content=\"summary_large_image\" \/>\n<meta name=\"twitter:label1\" content=\"Tiempo de lectura\" \/>\n\t<meta name=\"twitter:data1\" content=\"2 minutos\" \/>\n<script type=\"application\/ld+json\" class=\"yoast-schema-graph\">{\"@context\":\"https:\\\/\\\/schema.org\",\"@graph\":[{\"@type\":\"WebPage\",\"@id\":\"https:\\\/\\\/superflow-racing.com\\\/producto\\\/superflow-for-rieju-307-aventura\\\/\",\"url\":\"https:\\\/\\\/superflow-racing.com\\\/producto\\\/superflow-for-rieju-307-aventura\\\/\",\"name\":\"SuperFlow for Rieju 307 Aventura - JC SuperFlow Racing\",\"isPartOf\":{\"@id\":\"https:\\\/\\\/superflow-racing.com\\\/#website\"},\"primaryImageOfPage\":{\"@id\":\"https:\\\/\\\/superflow-racing.com\\\/producto\\\/superflow-for-rieju-307-aventura\\\/#primaryimage\"},\"image\":{\"@id\":\"https:\\\/\\\/superflow-racing.com\\\/producto\\\/superflow-for-rieju-307-aventura\\\/#primaryimage\"},\"thumbnailUrl\":\"https:\\\/\\\/superflow-racing.com\\\/wp-content\\\/uploads\\\/2025\\\/12\\\/sf307p.jpg\",\"datePublished\":\"2025-12-31T18:53:39+00:00\",\"dateModified\":\"2026-04-02T12:39:31+00:00\",\"breadcrumb\":{\"@id\":\"https:\\\/\\\/superflow-racing.com\\\/producto\\\/superflow-for-rieju-307-aventura\\\/#breadcrumb\"},\"inLanguage\":\"es\",\"potentialAction\":[{\"@type\":\"ReadAction\",\"target\":[\"https:\\\/\\\/superflow-racing.com\\\/producto\\\/superflow-for-rieju-307-aventura\\\/\"]}]},{\"@type\":\"ImageObject\",\"inLanguage\":\"es\",\"@id\":\"https:\\\/\\\/superflow-racing.com\\\/producto\\\/superflow-for-rieju-307-aventura\\\/#primaryimage\",\"url\":\"https:\\\/\\\/superflow-racing.com\\\/wp-content\\\/uploads\\\/2025\\\/12\\\/sf307p.jpg\",\"contentUrl\":\"https:\\\/\\\/superflow-racing.com\\\/wp-content\\\/uploads\\\/2025\\\/12\\\/sf307p.jpg\",\"width\":1000,\"height\":925},{\"@type\":\"BreadcrumbList\",\"@id\":\"https:\\\/\\\/superflow-racing.com\\\/producto\\\/superflow-for-rieju-307-aventura\\\/#breadcrumb\",\"itemListElement\":[{\"@type\":\"ListItem\",\"position\":1,\"name\":\"Home\",\"item\":\"https:\\\/\\\/superflow-racing.com\\\/\"},{\"@type\":\"ListItem\",\"position\":2,\"name\":\"Tienda-Shop\",\"item\":\"https:\\\/\\\/superflow-racing.com\\\/tienda\\\/\"},{\"@type\":\"ListItem\",\"position\":3,\"name\":\"SuperFlow for Rieju 307 Aventura\"}]},{\"@type\":\"WebSite\",\"@id\":\"https:\\\/\\\/superflow-racing.com\\\/#website\",\"url\":\"https:\\\/\\\/superflow-racing.com\\\/\",\"name\":\"JC Superflow Racing\",\"description\":\"PowerFlow Voge Power &amp; Torque bike site\",\"publisher\":{\"@id\":\"https:\\\/\\\/superflow-racing.com\\\/#organization\"},\"potentialAction\":[{\"@type\":\"SearchAction\",\"target\":{\"@type\":\"EntryPoint\",\"urlTemplate\":\"https:\\\/\\\/superflow-racing.com\\\/?s={search_term_string}\"},\"query-input\":{\"@type\":\"PropertyValueSpecification\",\"valueRequired\":true,\"valueName\":\"search_term_string\"}}],\"inLanguage\":\"es\"},{\"@type\":\"Organization\",\"@id\":\"https:\\\/\\\/superflow-racing.com\\\/#organization\",\"name\":\"PowerFlow JCEndurance Parts\",\"url\":\"https:\\\/\\\/superflow-racing.com\\\/\",\"logo\":{\"@type\":\"ImageObject\",\"inLanguage\":\"es\",\"@id\":\"https:\\\/\\\/superflow-racing.com\\\/#\\\/schema\\\/logo\\\/image\\\/\",\"url\":\"https:\\\/\\\/superflow-racing.com\\\/wp-content\\\/uploads\\\/2025\\\/12\\\/logobn_p.webp\",\"contentUrl\":\"https:\\\/\\\/superflow-racing.com\\\/wp-content\\\/uploads\\\/2025\\\/12\\\/logobn_p.webp\",\"width\":400,\"height\":115,\"caption\":\"PowerFlow JCEndurance Parts\"},\"image\":{\"@id\":\"https:\\\/\\\/superflow-racing.com\\\/#\\\/schema\\\/logo\\\/image\\\/\"}}]}<\/script>\n<!-- \/ Yoast SEO plugin. -->","yoast_head_json":{"title":"SuperFlow for Rieju 307 Aventura - JC SuperFlow Racing","robots":{"index":"index","follow":"follow","max-snippet":"max-snippet:-1","max-image-preview":"max-image-preview:large","max-video-preview":"max-video-preview:-1"},"canonical":"https:\/\/superflow-racing.com\/es\/producto\/superflow-for-rieju-307-aventura\/","og_locale":"es_ES","og_type":"article","og_title":"SuperFlow for Rieju 307 Aventura - JC SuperFlow Racing","og_description":"SuperFlow represents a new level of evolution beyond our PowerFlow device. It delivers stronger low-end torque, faster throttle response and a smoother, more powerful riding experience.","og_url":"https:\/\/superflow-racing.com\/es\/producto\/superflow-for-rieju-307-aventura\/","og_site_name":"JC SuperFlow Racing","article_modified_time":"2026-04-02T12:39:31+00:00","og_image":[{"width":1000,"height":925,"url":"https:\/\/superflow-racing.com\/wp-content\/uploads\/2025\/12\/sf307p.jpg","type":"image\/jpeg"}],"twitter_card":"summary_large_image","twitter_misc":{"Tiempo de lectura":"2 minutos"},"schema":{"@context":"https:\/\/schema.org","@graph":[{"@type":"WebPage","@id":"https:\/\/superflow-racing.com\/producto\/superflow-for-rieju-307-aventura\/","url":"https:\/\/superflow-racing.com\/producto\/superflow-for-rieju-307-aventura\/","name":"SuperFlow for Rieju 307 Aventura - JC SuperFlow Racing","isPartOf":{"@id":"https:\/\/superflow-racing.com\/#website"},"primaryImageOfPage":{"@id":"https:\/\/superflow-racing.com\/producto\/superflow-for-rieju-307-aventura\/#primaryimage"},"image":{"@id":"https:\/\/superflow-racing.com\/producto\/superflow-for-rieju-307-aventura\/#primaryimage"},"thumbnailUrl":"https:\/\/superflow-racing.com\/wp-content\/uploads\/2025\/12\/sf307p.jpg","datePublished":"2025-12-31T18:53:39+00:00","dateModified":"2026-04-02T12:39:31+00:00","breadcrumb":{"@id":"https:\/\/superflow-racing.com\/producto\/superflow-for-rieju-307-aventura\/#breadcrumb"},"inLanguage":"es","potentialAction":[{"@type":"ReadAction","target":["https:\/\/superflow-racing.com\/producto\/superflow-for-rieju-307-aventura\/"]}]},{"@type":"ImageObject","inLanguage":"es","@id":"https:\/\/superflow-racing.com\/producto\/superflow-for-rieju-307-aventura\/#primaryimage","url":"https:\/\/superflow-racing.com\/wp-content\/uploads\/2025\/12\/sf307p.jpg","contentUrl":"https:\/\/superflow-racing.com\/wp-content\/uploads\/2025\/12\/sf307p.jpg","width":1000,"height":925},{"@type":"BreadcrumbList","@id":"https:\/\/superflow-racing.com\/producto\/superflow-for-rieju-307-aventura\/#breadcrumb","itemListElement":[{"@type":"ListItem","position":1,"name":"Home","item":"https:\/\/superflow-racing.com\/"},{"@type":"ListItem","position":2,"name":"Tienda-Shop","item":"https:\/\/superflow-racing.com\/tienda\/"},{"@type":"ListItem","position":3,"name":"SuperFlow for Rieju 307 Aventura"}]},{"@type":"WebSite","@id":"https:\/\/superflow-racing.com\/#website","url":"https:\/\/superflow-racing.com\/","name":"JC Superflow Racing","description":"PowerFlow Voge Potencia y par en bicicleta","publisher":{"@id":"https:\/\/superflow-racing.com\/#organization"},"potentialAction":[{"@type":"SearchAction","target":{"@type":"EntryPoint","urlTemplate":"https:\/\/superflow-racing.com\/?s={search_term_string}"},"query-input":{"@type":"PropertyValueSpecification","valueRequired":true,"valueName":"search_term_string"}}],"inLanguage":"es"},{"@type":"Organization","@id":"https:\/\/superflow-racing.com\/#organization","name":"Piezas PowerFlow JCEndurance","url":"https:\/\/superflow-racing.com\/","logo":{"@type":"ImageObject","inLanguage":"es","@id":"https:\/\/superflow-racing.com\/#\/schema\/logo\/image\/","url":"https:\/\/superflow-racing.com\/wp-content\/uploads\/2025\/12\/logobn_p.webp","contentUrl":"https:\/\/superflow-racing.com\/wp-content\/uploads\/2025\/12\/logobn_p.webp","width":400,"height":115,"caption":"PowerFlow JCEndurance Parts"},"image":{"@id":"https:\/\/superflow-racing.com\/#\/schema\/logo\/image\/"}}]}},"_links":{"self":[{"href":"https:\/\/superflow-racing.com\/es\/wp-json\/wp\/v2\/product\/1343","targetHints":{"allow":["GET"]}}],"collection":[{"href":"https:\/\/superflow-racing.com\/es\/wp-json\/wp\/v2\/product"}],"about":[{"href":"https:\/\/superflow-racing.com\/es\/wp-json\/wp\/v2\/types\/product"}],"wp:featuredmedia":[{"embeddable":true,"href":"https:\/\/superflow-racing.com\/es\/wp-json\/wp\/v2\/media\/1344"}],"wp:attachment":[{"href":"https:\/\/superflow-racing.com\/es\/wp-json\/wp\/v2\/media?parent=1343"}],"wp:term":[{"taxonomy":"product_brand","embeddable":true,"href":"https:\/\/superflow-racing.com\/es\/wp-json\/wp\/v2\/product_brand?post=1343"},{"taxonomy":"product_cat","embeddable":true,"href":"https:\/\/superflow-racing.com\/es\/wp-json\/wp\/v2\/product_cat?post=1343"},{"taxonomy":"product_tag","embeddable":true,"href":"https:\/\/superflow-racing.com\/es\/wp-json\/wp\/v2\/product_tag?post=1343"}],"curies":[{"name":"wp","href":"https:\/\/api.w.org\/{rel}","templated":true}]}}