{"id":1100,"date":"2025-12-05T22:28:04","date_gmt":"2025-12-05T20:28:04","guid":{"rendered":"https:\/\/jcendurance.com\/?post_type=product&#038;p=1100"},"modified":"2026-03-20T13:19:10","modified_gmt":"2026-03-20T11:19:10","slug":"kit-sfperformance-for-honda-crf300l","status":"publish","type":"product","link":"https:\/\/superflow-racing.com\/es\/producto\/kit-sfperformance-for-honda-crf300l\/","title":{"rendered":"Kit SFPerformance para Honda CRF300L"},"content":{"rendered":"<div style=\"display: flex; gap: 20px; align-items: flex-start; flex-wrap: wrap;\">\n<div style=\"flex: 1; min-width: 300px;\"><iframe loading=\"lazy\" src=\"https:\/\/www.youtube.com\/embed\/8Ukja7fdiqo\" width=\"100%\" height=\"315\" frameborder=\"0\" allowfullscreen=\"allowfullscreen\"><br \/>\n<\/iframe><\/div>\n<div style=\"flex: 1; min-width: 300px;\"><iframe loading=\"lazy\" src=\"https:\/\/www.youtube.com\/embed\/6eGEDkH6tpE\" width=\"100%\" height=\"315\" frameborder=\"0\" allowfullscreen=\"allowfullscreen\"><br \/>\n<\/iframe><\/div>\n<\/div>\n<p>SFPerformance Kit con\u00a0<strong>SuperFlow<\/strong> para Honda CRF 300L, FilterFlow en fibra de carbono y tapa de la caja del filtro.<\/p>\n<p>Kit de potencia, par y seguridad. FilterFlow EVO para proteger el motor del polvo, con una superficie de aire sobredimensionada, que permite una mayor entrada de aire. Mecanizado en Fibra de Carbono para asegurar muchos a\u00f1os de disfrute. El elemento filtrante de espuma debe engrasarse adecuadamente para garantizar una filtraci\u00f3n eficaz y la protecci\u00f3n del motor.<\/p>\n<p>SuperFlow para Honda CRF 300L que proporciona mayor respuesta, par y potencia a medio y bajo r\u00e9gimen y lubrica y refrigera el motor. con una aplicaci\u00f3n m\u00f3vil para gestionar todas las funciones como el nivel de enriquecimiento, la normativa EURO, los mapas de enriquecimiento, los dispositivos de expansi\u00f3n o las actualizaciones.<\/p>\n<p>Ventajas de SuperFlow:<\/p>\n<ol type=\"\u201dA\u201d\">\n<li>Mayor lubricaci\u00f3n del motor<\/li>\n<li>Menor sobrecalentamiento del motor y las v\u00e1lvulas<\/li>\n<li>Mayor respuesta y par a bajas y medias revoluciones<\/li>\n<li>Eliminaci\u00f3n del efecto on-off del motor, lo que beneficia enormemente la conducci\u00f3n en carreteras y senderos a baja velocidad ya que el control sobre el acelerador es mucho m\u00e1s fino.<\/li>\n<li>M\u00e1s empuje al acelerar<\/li>\n<li>Reducci\u00f3n de vibraciones<\/li>\n<li>Mapas avanzados: A\u00fan m\u00e1s par motor y capacidad de respuesta. Elige un mapa en funci\u00f3n de lo que quieras hacer: trial, enduro, trail, carretera... especialmente adaptado a las caracter\u00edsticas de la Honda CRF 300L.<\/li>\n<li>Con nuestro Emulador Post-cat (se vende por separado) puede instalar un escape aftermarket sin problemas ni c\u00f3digos de error.<\/li>\n<\/ol>\n<p data-start=\"74\" data-end=\"91\"><strong data-start=\"74\" data-end=\"91\">Actualizaci\u00f3n del dise\u00f1o<\/strong><\/p>\n<blockquote data-start=\"93\" data-end=\"370\" data-is-last-node=\"\" data-is-only-node=\"\">\n<p data-start=\"95\" data-end=\"370\" data-is-last-node=\"\">Hemos mejorado el sistema de conexi\u00f3n para simplificar la instalaci\u00f3n.<br data-start=\"159\" data-end=\"162\" \/>El nuevo dise\u00f1o reduce el n\u00famero de conectores Scotchlok y utiliza un conector agrupado para cuatro hilos, con lo que s\u00f3lo queda un conector de empalme en la instalaci\u00f3n.<br data-start=\"318\" data-end=\"321\" data-is-only-node=\"\" \/>Esto hace que la instalaci\u00f3n sea m\u00e1s limpia y sencilla.<\/p>\n<\/blockquote>\n<p>Nuestra tapa de caja de filtro con snorkel y prefiltro, mecanizada en Fibra de Carbono y Nylon, permite una mayor entrada de aire en el motor, lo que es ideal para motores enriquecidos y sin catalizador. El filtroFlow EVO.<\/p>\n<p>Para comprobar el correcto funcionamiento del Superflow, incluye un esc\u00e1ner OBD2 integrado.<\/p>\n<p>Usted obtiene: 1 SuperFlow Wifi, 1 FilterFlow con dos espumas, 1 Tapa de caja de filtro con esn\u00f3rquel y prefiltro con dos espumas.<\/p>\n<p>Nuevos acabados disponibles. Estos nuevos acabados no afectan a la funcionalidad del producto; son puramente est\u00e9ticos. Se suministrar\u00e1 cualquiera de los acabados a menos que el cliente especifique uno concreto.<\/p>\n<p class=\"isSelectedEnd\"><strong>Nota para los modelos 2025<\/strong><\/p>\n<p class=\"isSelectedEnd\">Algunos modelos Honda 2025 vienen equipados con el sistema MAPIT, que est\u00e1 conectado al mismo cableado utilizado por SuperFlow.<\/p>\n<p class=\"isSelectedEnd\">Si su motocicleta tiene MAPIT instalado y desea seguir utiliz\u00e1ndolo, es posible que necesite el adaptador en Y MAPIT \/ SuperFlow para que ambos sistemas puedan funcionar al mismo tiempo.<\/p>\n<p class=\"isSelectedEnd\">Muchas motocicletas incluyen MAPIT por defecto con un periodo de prueba gratuito, pero algunos motoristas deciden no utilizarlo. En ese caso, el adaptador en Y no es necesario.<\/p>\n<p>El adaptador en Y MAPIT \/ SuperFlow est\u00e1 disponible por separado en nuestra tienda.<\/p>\n<p>Tiempo de preparaci\u00f3n del pedido: 5-15 d\u00edas laborables, dependiendo del volumen del pedido, nuestros productos est\u00e1n hechos a mano y eso lleva su tiempo. \u00a1\u00a1Pero la espera merecer\u00e1 la pena !!<\/p>\n<p>Tiempo de preparaci\u00f3n del pedido: actualmente de 5 a 15 d\u00edas laborables, dependiendo del volumen de pedidos. \u00a1\u00a1\u00a1Nuestros productos est\u00e1n hechos artesanalmente y eso lleva su tiempo, pero la espera valdr\u00e1 la pena !!!<\/p>\n<p>Se recomienda una instalaci\u00f3n profesional. El vendedor no se hace responsable de los da\u00f1os causados por una instalaci\u00f3n incorrecta.<\/p>\n<p><a href=\"https:\/\/superflow-racing.com\/es\/superflow-instructions\/\">Instrucciones de instalaci\u00f3n de SuperFlow<\/a><\/p>","protected":false},"excerpt":{"rendered":"<p>Pago por PayPal o transferencia bancaria. Presentamos el nuevo SuperFlow. Kit de potencia, par y seguridad. FilterFlow EVO para proteger el motor del polvo, con una superficie de aire sobredimensionada, que permite una mayor entrada de aire. Mecanizado en Fibra de Carbono para asegurar muchos a\u00f1os de disfrute. SuperFlow representa un nuevo nivel de evoluci\u00f3n m\u00e1s all\u00e1 de nuestro dispositivo PowerFlow. Proporciona un par motor m\u00e1s fuerte a bajas revoluciones, una respuesta m\u00e1s r\u00e1pida del acelerador y una experiencia de conducci\u00f3n m\u00e1s suave y potente.<\/p>\n<p>Nota: Indicar en la Nota de Cliente el a\u00f1o de compra de la motocicleta para identificar la versi\u00f3n.<\/p>","protected":false},"featured_media":1101,"template":"","meta":{"_joinchat":[]},"product_brand":[],"product_cat":[16],"product_tag":[],"class_list":{"0":"post-1100","1":"product","2":"type-product","3":"status-publish","4":"has-post-thumbnail","6":"product_cat-sin-categorizar","8":"first","9":"instock","10":"sale","11":"taxable","12":"shipping-taxable","13":"purchasable","14":"product-type-simple"},"yoast_head":"<!-- This site is optimized with the Yoast SEO plugin v27.3 - https:\/\/yoast.com\/product\/yoast-seo-wordpress\/ -->\n<title>Kit SFPerformance for Honda CRF300L - JC SuperFlow Racing<\/title>\n<meta name=\"robots\" content=\"index, follow, max-snippet:-1, max-image-preview:large, max-video-preview:-1\" \/>\n<link rel=\"canonical\" href=\"https:\/\/superflow-racing.com\/es\/producto\/kit-sfperformance-for-honda-crf300l\/\" \/>\n<meta property=\"og:locale\" content=\"es_ES\" \/>\n<meta property=\"og:type\" content=\"article\" \/>\n<meta property=\"og:title\" content=\"Kit SFPerformance for Honda CRF300L - JC SuperFlow Racing\" \/>\n<meta property=\"og:description\" content=\"PayPal or Bank Transfer Payment. Introducing the new SuperFlow. Power, Torque and Security Kit. FilterFlow EVO to protect the engine of dust, with a oversized air surface, which allows greater air entry. Machined from Carbon Fiber to ensure many years of enjoyment. SuperFlow represents a new level of evolution beyond our PowerFlow device. It delivers stronger low-end torque, faster throttle response and a smoother, more powerful riding experience.  Note: Indicate in the Customer Note\u00a0the year the motorcycle was purchased to identify the version.\" \/>\n<meta property=\"og:url\" content=\"https:\/\/superflow-racing.com\/es\/producto\/kit-sfperformance-for-honda-crf300l\/\" \/>\n<meta property=\"og:site_name\" content=\"JC SuperFlow Racing\" \/>\n<meta property=\"article:modified_time\" content=\"2026-03-20T11:19:10+00:00\" \/>\n<meta property=\"og:image\" content=\"https:\/\/superflow-racing.com\/wp-content\/uploads\/2025\/12\/hondacrf300_kit_p.jpg\" \/>\n\t<meta property=\"og:image:width\" content=\"1500\" \/>\n\t<meta property=\"og:image:height\" content=\"1009\" \/>\n\t<meta property=\"og:image:type\" content=\"image\/jpeg\" \/>\n<meta name=\"twitter:card\" content=\"summary_large_image\" \/>\n<meta name=\"twitter:label1\" content=\"Tiempo de lectura\" \/>\n\t<meta name=\"twitter:data1\" content=\"3 minutos\" \/>\n<script type=\"application\/ld+json\" class=\"yoast-schema-graph\">{\"@context\":\"https:\\\/\\\/schema.org\",\"@graph\":[{\"@type\":\"WebPage\",\"@id\":\"https:\\\/\\\/superflow-racing.com\\\/producto\\\/kit-sfperformance-for-honda-crf300l\\\/\",\"url\":\"https:\\\/\\\/superflow-racing.com\\\/producto\\\/kit-sfperformance-for-honda-crf300l\\\/\",\"name\":\"Kit SFPerformance for Honda CRF300L - JC SuperFlow Racing\",\"isPartOf\":{\"@id\":\"https:\\\/\\\/superflow-racing.com\\\/#website\"},\"primaryImageOfPage\":{\"@id\":\"https:\\\/\\\/superflow-racing.com\\\/producto\\\/kit-sfperformance-for-honda-crf300l\\\/#primaryimage\"},\"image\":{\"@id\":\"https:\\\/\\\/superflow-racing.com\\\/producto\\\/kit-sfperformance-for-honda-crf300l\\\/#primaryimage\"},\"thumbnailUrl\":\"https:\\\/\\\/superflow-racing.com\\\/wp-content\\\/uploads\\\/2025\\\/12\\\/hondacrf300_kit_p.jpg\",\"datePublished\":\"2025-12-05T20:28:04+00:00\",\"dateModified\":\"2026-03-20T11:19:10+00:00\",\"breadcrumb\":{\"@id\":\"https:\\\/\\\/superflow-racing.com\\\/producto\\\/kit-sfperformance-for-honda-crf300l\\\/#breadcrumb\"},\"inLanguage\":\"es\",\"potentialAction\":[{\"@type\":\"ReadAction\",\"target\":[\"https:\\\/\\\/superflow-racing.com\\\/producto\\\/kit-sfperformance-for-honda-crf300l\\\/\"]}]},{\"@type\":\"ImageObject\",\"inLanguage\":\"es\",\"@id\":\"https:\\\/\\\/superflow-racing.com\\\/producto\\\/kit-sfperformance-for-honda-crf300l\\\/#primaryimage\",\"url\":\"https:\\\/\\\/superflow-racing.com\\\/wp-content\\\/uploads\\\/2025\\\/12\\\/hondacrf300_kit_p.jpg\",\"contentUrl\":\"https:\\\/\\\/superflow-racing.com\\\/wp-content\\\/uploads\\\/2025\\\/12\\\/hondacrf300_kit_p.jpg\",\"width\":1500,\"height\":1009},{\"@type\":\"BreadcrumbList\",\"@id\":\"https:\\\/\\\/superflow-racing.com\\\/producto\\\/kit-sfperformance-for-honda-crf300l\\\/#breadcrumb\",\"itemListElement\":[{\"@type\":\"ListItem\",\"position\":1,\"name\":\"Home\",\"item\":\"https:\\\/\\\/superflow-racing.com\\\/\"},{\"@type\":\"ListItem\",\"position\":2,\"name\":\"Tienda-Shop\",\"item\":\"https:\\\/\\\/superflow-racing.com\\\/tienda\\\/\"},{\"@type\":\"ListItem\",\"position\":3,\"name\":\"Kit SFPerformance for Honda CRF300L\"}]},{\"@type\":\"WebSite\",\"@id\":\"https:\\\/\\\/superflow-racing.com\\\/#website\",\"url\":\"https:\\\/\\\/superflow-racing.com\\\/\",\"name\":\"JC Superflow Racing\",\"description\":\"PowerFlow Voge Power &amp; Torque bike site\",\"publisher\":{\"@id\":\"https:\\\/\\\/superflow-racing.com\\\/#organization\"},\"potentialAction\":[{\"@type\":\"SearchAction\",\"target\":{\"@type\":\"EntryPoint\",\"urlTemplate\":\"https:\\\/\\\/superflow-racing.com\\\/?s={search_term_string}\"},\"query-input\":{\"@type\":\"PropertyValueSpecification\",\"valueRequired\":true,\"valueName\":\"search_term_string\"}}],\"inLanguage\":\"es\"},{\"@type\":\"Organization\",\"@id\":\"https:\\\/\\\/superflow-racing.com\\\/#organization\",\"name\":\"PowerFlow JCEndurance Parts\",\"url\":\"https:\\\/\\\/superflow-racing.com\\\/\",\"logo\":{\"@type\":\"ImageObject\",\"inLanguage\":\"es\",\"@id\":\"https:\\\/\\\/superflow-racing.com\\\/#\\\/schema\\\/logo\\\/image\\\/\",\"url\":\"https:\\\/\\\/superflow-racing.com\\\/wp-content\\\/uploads\\\/2025\\\/12\\\/logobn_p.webp\",\"contentUrl\":\"https:\\\/\\\/superflow-racing.com\\\/wp-content\\\/uploads\\\/2025\\\/12\\\/logobn_p.webp\",\"width\":400,\"height\":115,\"caption\":\"PowerFlow JCEndurance Parts\"},\"image\":{\"@id\":\"https:\\\/\\\/superflow-racing.com\\\/#\\\/schema\\\/logo\\\/image\\\/\"}}]}<\/script>\n<!-- \/ Yoast SEO plugin. -->","yoast_head_json":{"title":"Kit SFPerformance for Honda CRF300L - JC SuperFlow Racing","robots":{"index":"index","follow":"follow","max-snippet":"max-snippet:-1","max-image-preview":"max-image-preview:large","max-video-preview":"max-video-preview:-1"},"canonical":"https:\/\/superflow-racing.com\/es\/producto\/kit-sfperformance-for-honda-crf300l\/","og_locale":"es_ES","og_type":"article","og_title":"Kit SFPerformance for Honda CRF300L - JC SuperFlow Racing","og_description":"PayPal or Bank Transfer Payment. Introducing the new SuperFlow. Power, Torque and Security Kit. FilterFlow EVO to protect the engine of dust, with a oversized air surface, which allows greater air entry. Machined from Carbon Fiber to ensure many years of enjoyment. SuperFlow represents a new level of evolution beyond our PowerFlow device. It delivers stronger low-end torque, faster throttle response and a smoother, more powerful riding experience.  Note: Indicate in the Customer Note\u00a0the year the motorcycle was purchased to identify the version.","og_url":"https:\/\/superflow-racing.com\/es\/producto\/kit-sfperformance-for-honda-crf300l\/","og_site_name":"JC SuperFlow Racing","article_modified_time":"2026-03-20T11:19:10+00:00","og_image":[{"width":1500,"height":1009,"url":"https:\/\/superflow-racing.com\/wp-content\/uploads\/2025\/12\/hondacrf300_kit_p.jpg","type":"image\/jpeg"}],"twitter_card":"summary_large_image","twitter_misc":{"Tiempo de lectura":"3 minutos"},"schema":{"@context":"https:\/\/schema.org","@graph":[{"@type":"WebPage","@id":"https:\/\/superflow-racing.com\/producto\/kit-sfperformance-for-honda-crf300l\/","url":"https:\/\/superflow-racing.com\/producto\/kit-sfperformance-for-honda-crf300l\/","name":"Kit SFPerformance for Honda CRF300L - JC SuperFlow Racing","isPartOf":{"@id":"https:\/\/superflow-racing.com\/#website"},"primaryImageOfPage":{"@id":"https:\/\/superflow-racing.com\/producto\/kit-sfperformance-for-honda-crf300l\/#primaryimage"},"image":{"@id":"https:\/\/superflow-racing.com\/producto\/kit-sfperformance-for-honda-crf300l\/#primaryimage"},"thumbnailUrl":"https:\/\/superflow-racing.com\/wp-content\/uploads\/2025\/12\/hondacrf300_kit_p.jpg","datePublished":"2025-12-05T20:28:04+00:00","dateModified":"2026-03-20T11:19:10+00:00","breadcrumb":{"@id":"https:\/\/superflow-racing.com\/producto\/kit-sfperformance-for-honda-crf300l\/#breadcrumb"},"inLanguage":"es","potentialAction":[{"@type":"ReadAction","target":["https:\/\/superflow-racing.com\/producto\/kit-sfperformance-for-honda-crf300l\/"]}]},{"@type":"ImageObject","inLanguage":"es","@id":"https:\/\/superflow-racing.com\/producto\/kit-sfperformance-for-honda-crf300l\/#primaryimage","url":"https:\/\/superflow-racing.com\/wp-content\/uploads\/2025\/12\/hondacrf300_kit_p.jpg","contentUrl":"https:\/\/superflow-racing.com\/wp-content\/uploads\/2025\/12\/hondacrf300_kit_p.jpg","width":1500,"height":1009},{"@type":"BreadcrumbList","@id":"https:\/\/superflow-racing.com\/producto\/kit-sfperformance-for-honda-crf300l\/#breadcrumb","itemListElement":[{"@type":"ListItem","position":1,"name":"Home","item":"https:\/\/superflow-racing.com\/"},{"@type":"ListItem","position":2,"name":"Tienda-Shop","item":"https:\/\/superflow-racing.com\/tienda\/"},{"@type":"ListItem","position":3,"name":"Kit SFPerformance for Honda CRF300L"}]},{"@type":"WebSite","@id":"https:\/\/superflow-racing.com\/#website","url":"https:\/\/superflow-racing.com\/","name":"JC Superflow Racing","description":"PowerFlow Voge Potencia y par en bicicleta","publisher":{"@id":"https:\/\/superflow-racing.com\/#organization"},"potentialAction":[{"@type":"SearchAction","target":{"@type":"EntryPoint","urlTemplate":"https:\/\/superflow-racing.com\/?s={search_term_string}"},"query-input":{"@type":"PropertyValueSpecification","valueRequired":true,"valueName":"search_term_string"}}],"inLanguage":"es"},{"@type":"Organization","@id":"https:\/\/superflow-racing.com\/#organization","name":"Piezas PowerFlow JCEndurance","url":"https:\/\/superflow-racing.com\/","logo":{"@type":"ImageObject","inLanguage":"es","@id":"https:\/\/superflow-racing.com\/#\/schema\/logo\/image\/","url":"https:\/\/superflow-racing.com\/wp-content\/uploads\/2025\/12\/logobn_p.webp","contentUrl":"https:\/\/superflow-racing.com\/wp-content\/uploads\/2025\/12\/logobn_p.webp","width":400,"height":115,"caption":"PowerFlow JCEndurance Parts"},"image":{"@id":"https:\/\/superflow-racing.com\/#\/schema\/logo\/image\/"}}]}},"_links":{"self":[{"href":"https:\/\/superflow-racing.com\/es\/wp-json\/wp\/v2\/product\/1100","targetHints":{"allow":["GET"]}}],"collection":[{"href":"https:\/\/superflow-racing.com\/es\/wp-json\/wp\/v2\/product"}],"about":[{"href":"https:\/\/superflow-racing.com\/es\/wp-json\/wp\/v2\/types\/product"}],"wp:featuredmedia":[{"embeddable":true,"href":"https:\/\/superflow-racing.com\/es\/wp-json\/wp\/v2\/media\/1101"}],"wp:attachment":[{"href":"https:\/\/superflow-racing.com\/es\/wp-json\/wp\/v2\/media?parent=1100"}],"wp:term":[{"taxonomy":"product_brand","embeddable":true,"href":"https:\/\/superflow-racing.com\/es\/wp-json\/wp\/v2\/product_brand?post=1100"},{"taxonomy":"product_cat","embeddable":true,"href":"https:\/\/superflow-racing.com\/es\/wp-json\/wp\/v2\/product_cat?post=1100"},{"taxonomy":"product_tag","embeddable":true,"href":"https:\/\/superflow-racing.com\/es\/wp-json\/wp\/v2\/product_tag?post=1100"}],"curies":[{"name":"wp","href":"https:\/\/api.w.org\/{rel}","templated":true}]}}