{"id":1198,"date":"2025-12-17T14:41:05","date_gmt":"2025-12-17T12:41:05","guid":{"rendered":"https:\/\/superflow-racing.com\/?page_id=1198"},"modified":"2026-04-15T14:48:51","modified_gmt":"2026-04-15T12:48:51","slug":"superflow-instructions","status":"publish","type":"page","link":"https:\/\/superflow-racing.com\/es\/superflow-instructions\/","title":{"rendered":"Instrucciones SuperFlow"},"content":{"rendered":"<div class=\"wp-block-columns is-layout-flex wp-container-core-columns-is-layout-28f84493 wp-block-columns-is-layout-flex\">\n<div class=\"wp-block-column is-layout-flow wp-block-column-is-layout-flow\">\n<h4 class=\"wp-block-heading\"><a href=\"https:\/\/youtu.be\/LTkZ9BwyS_o\" target=\"_blank\" rel=\"noreferrer noopener\">Video Instalaci\u00f3n Voge 900 dsx <\/a><\/h4>\n<\/div>\n\n\n\n<div class=\"wp-block-column is-layout-flow wp-block-column-is-layout-flow\">\n<p>VIDEO - Este video explica el proceso de instalaci\u00f3n f\u00edsica y la primera puesta en marcha, asegurando que el dispositivo est\u00e1 listo para la configuraci\u00f3n y el funcionamiento normal. - Espa\u00f1ol<\/p>\n<\/div>\n<\/div>\n\n\n\n<div class=\"wp-block-columns is-layout-flex wp-container-core-columns-is-layout-28f84493 wp-block-columns-is-layout-flex\">\n<div class=\"wp-block-column is-layout-flow wp-block-column-is-layout-flow\">\n<h4 class=\"wp-block-heading\"><a href=\"https:\/\/youtu.be\/6jIWZben2V0\" target=\"_blank\" rel=\"noreferrer noopener\">Video Instalaci\u00f3n Voge 900 dsx <\/a><\/h4>\n<\/div>\n\n\n\n<div class=\"wp-block-column is-layout-flow wp-block-column-is-layout-flow\">\n<p>VIDEO - Este video explica el proceso de instalaci\u00f3n f\u00edsica y la primera puesta en marcha, asegurando que el dispositivo est\u00e1 listo para la configuraci\u00f3n y el funcionamiento normal. - English<\/p>\n<\/div>\n<\/div>\n\n\n\n<div class=\"wp-block-columns is-layout-flex wp-container-core-columns-is-layout-28f84493 wp-block-columns-is-layout-flex\">\n<div class=\"wp-block-column is-layout-flow wp-block-column-is-layout-flow\">\n<h4 class=\"wp-block-heading\"><a href=\"https:\/\/youtu.be\/0UVoQhEUdtA\" target=\"_blank\" rel=\"noreferrer noopener\">Video Instalaci\u00f3n Voge 800 Rally <\/a><\/h4>\n<\/div>\n\n\n\n<div class=\"wp-block-column is-layout-flow wp-block-column-is-layout-flow\">\n<p>VIDEO - Este video explica el proceso de instalaci\u00f3n f\u00edsica y la primera puesta en marcha, asegurando que el dispositivo est\u00e1 listo para la configuraci\u00f3n y el funcionamiento normal. - Espa\u00f1ol<\/p>\n<\/div>\n<\/div>\n\n\n\n<div class=\"wp-block-columns is-layout-flex wp-container-core-columns-is-layout-28f84493 wp-block-columns-is-layout-flex\">\n<div class=\"wp-block-column is-layout-flow wp-block-column-is-layout-flow\">\n<h4 class=\"wp-block-heading\"><a href=\"https:\/\/youtu.be\/zRnJTkxaZrY\" target=\"_blank\" rel=\"noreferrer noopener\">Video Instalaci\u00f3n Voge 800 Rally <\/a><\/h4>\n<\/div>\n\n\n\n<div class=\"wp-block-column is-layout-flow wp-block-column-is-layout-flow\">\n<p>VIDEO - Este video explica el proceso de instalaci\u00f3n f\u00edsica y la primera puesta en marcha, asegurando que el dispositivo est\u00e1 listo para la configuraci\u00f3n y el funcionamiento normal. - Espa\u00f1ol<\/p>\n<\/div>\n<\/div>\n\n\n\n<div class=\"wp-block-columns is-layout-flex wp-container-core-columns-is-layout-28f84493 wp-block-columns-is-layout-flex\">\n<div class=\"wp-block-column is-layout-flow wp-block-column-is-layout-flow\">\n<h4 class=\"wp-block-heading\"><a href=\"https:\/\/superflow-racing.com\/wp-content\/uploads\/2026\/02\/Installation-SuperFlow-Rieju-Aventura-307.pdf\">Rieju Aventura 307 Instalaci\u00f3n PDF<\/a><\/h4>\n<\/div>\n\n\n\n<div class=\"wp-block-column is-layout-flow wp-block-column-is-layout-flow\">\n<p>PDF - Este PDF explica el proceso de instalaci\u00f3n f\u00edsica y la primera puesta en marcha, asegurando que el dispositivo est\u00e1 listo para la configuraci\u00f3n y el funcionamiento normal. - English\/Espa\u00f1ol<\/p>\n<\/div>\n<\/div>\n\n\n\n<div class=\"wp-block-columns is-layout-flex wp-container-core-columns-is-layout-28f84493 wp-block-columns-is-layout-flex\">\n<div class=\"wp-block-column is-layout-flow wp-block-column-is-layout-flow\">\n<h4 class=\"wp-block-heading\"><a href=\"https:\/\/youtu.be\/iuRa2mWtELk\" target=\"_blank\" rel=\"noreferrer noopener\">Video Instalaci\u00f3n Honda CRF300L <\/a><\/h4>\n<\/div>\n\n\n\n<div class=\"wp-block-column is-layout-flow wp-block-column-is-layout-flow\">\n<p>VIDEO - Este video explica el proceso de instalaci\u00f3n f\u00edsica y la primera puesta en marcha, asegurando que el dispositivo est\u00e1 listo para la configuraci\u00f3n y el funcionamiento normal. - Espa\u00f1ol<\/p>\n<\/div>\n<\/div>\n\n\n\n<div class=\"wp-block-columns is-layout-flex wp-container-core-columns-is-layout-28f84493 wp-block-columns-is-layout-flex\">\n<div class=\"wp-block-column is-layout-flow wp-block-column-is-layout-flow\">\n<h4 class=\"wp-block-heading\"><a href=\"https:\/\/youtu.be\/izuV4QnKQK0\" target=\"_blank\" rel=\"noreferrer noopener\">Video Instalaci\u00f3n Honda CRF300L<\/a><\/h4>\n<\/div>\n\n\n\n<div class=\"wp-block-column is-layout-flow wp-block-column-is-layout-flow\">\n<p>VIDEO - Este video explica el proceso de instalaci\u00f3n f\u00edsica y la primera puesta en marcha, asegurando que el dispositivo est\u00e1 listo para la configuraci\u00f3n y el funcionamiento normal. - Espa\u00f1ol<\/p>\n<\/div>\n<\/div>\n\n\n\n<div class=\"wp-block-columns is-layout-flex wp-container-core-columns-is-layout-28f84493 wp-block-columns-is-layout-flex\">\n<div class=\"wp-block-column is-layout-flow wp-block-column-is-layout-flow\">\n<h4 class=\"wp-block-heading\"><a href=\"https:\/\/youtu.be\/xpG0uiw3jFc\" target=\"_blank\" rel=\"noreferrer noopener\">Video Instalar Voge 300 Rally<\/a><\/h4>\n<\/div>\n\n\n\n<div class=\"wp-block-column is-layout-flow wp-block-column-is-layout-flow\">\n<p>VIDEO - Este video explica el proceso de instalaci\u00f3n f\u00edsica y la primera puesta en marcha, asegurando que el dispositivo est\u00e1 listo para la configuraci\u00f3n y el funcionamiento normal. - Espa\u00f1ol<\/p>\n<\/div>\n<\/div>\n\n\n\n<div class=\"wp-block-columns is-layout-flex wp-container-core-columns-is-layout-28f84493 wp-block-columns-is-layout-flex\">\n<div class=\"wp-block-column is-layout-flow wp-block-column-is-layout-flow\">\n<h4 class=\"wp-block-heading\"><a href=\"https:\/\/superflow-racing.com\/wp-content\/uploads\/2025\/12\/VOGE_CAN_INSTALL_ENG.pdf\" target=\"_blank\" rel=\"noreferrer noopener\">Euro 5 Plus - Adenda<\/a><\/h4>\n<\/div>\n\n\n\n<div class=\"wp-block-column is-layout-flow wp-block-column-is-layout-flow\">\n<p>PDF - Suplemento para el Voge 300 Rally Euro 5 Plus (2025), que utiliza CAN en lugar de K-Line.<br>No es necesario para los modelos que no son Euro 5 Plus.<\/p>\n<\/div>\n<\/div>\n\n\n\n<div class=\"wp-block-columns is-layout-flex wp-container-core-columns-is-layout-28f84493 wp-block-columns-is-layout-flex\">\n<div class=\"wp-block-column is-layout-flow wp-block-column-is-layout-flow\">\n<h4 class=\"wp-block-heading\"><a href=\"https:\/\/youtu.be\/vSTZ3Z6hJOk\" target=\"_blank\" rel=\"noreferrer noopener\">Video de Instalaci\u00f3n Voge 300 Rally<\/a><\/h4>\n<\/div>\n\n\n\n<div class=\"wp-block-column is-layout-flow wp-block-column-is-layout-flow\">\n<p>VIDEO - En este v\u00eddeo se explica el proceso de instalaci\u00f3n f\u00edsica y el primer arranque, dejando el dispositivo listo para su configuraci\u00f3n y funcionamiento. - English<\/p>\n<\/div>\n<\/div>\n\n\n\n<div class=\"wp-block-columns is-layout-flex wp-container-core-columns-is-layout-28f84493 wp-block-columns-is-layout-flex\">\n<div class=\"wp-block-column is-layout-flow wp-block-column-is-layout-flow\">\n<h4 class=\"wp-block-heading\"><a href=\"https:\/\/superflow-racing.com\/wp-content\/uploads\/2025\/12\/VOGE_CAN_INSTALL_ESP.pdf\" target=\"_blank\" rel=\"noreferrer noopener\">Euro 5 Plus - Anexo<\/a><\/h4>\n<\/div>\n\n\n\n<div class=\"wp-block-column is-layout-flow wp-block-column-is-layout-flow\">\n<p>PDF - Suplemento para Voge 300 Rally Euro 5 Plus (2025), que utiliza CAN en lugar de K-Line. No es necesario para modelos que no sean Euro 5 Plus.<\/p>\n<\/div>\n<\/div>\n\n\n\n<div class=\"wp-block-columns is-layout-flex wp-container-core-columns-is-layout-28f84493 wp-block-columns-is-layout-flex\">\n<div class=\"wp-block-column is-layout-flow wp-block-column-is-layout-flow\">\n<h4 class=\"wp-block-heading\"><a href=\"https:\/\/superflow-racing.com\/wp-content\/uploads\/2025\/12\/WIFI_MANUAL_ENG.pdf\">Configuraci\u00f3n Wifi<\/a><\/h4>\n<\/div>\n\n\n\n<div class=\"wp-block-column is-layout-flow wp-block-column-is-layout-flow\">\n<p>PDF - C\u00f3mo configurar el sistema de comunicaci\u00f3n entre el tel\u00e9fono m\u00f3vil y el SuperFlow - Espa\u00f1ol<\/p>\n<\/div>\n<\/div>\n\n\n\n<div class=\"wp-block-columns is-layout-flex wp-container-core-columns-is-layout-28f84493 wp-block-columns-is-layout-flex\">\n<div class=\"wp-block-column is-layout-flow wp-block-column-is-layout-flow\">\n<h4 class=\"wp-block-heading\"><a href=\"https:\/\/superflow-racing.com\/wp-content\/uploads\/2025\/12\/WIFI_MANUAL_ESP.pdf\">Configuraci\u00f3n Wifi<\/a><\/h4>\n<\/div>\n\n\n\n<div class=\"wp-block-column is-layout-flow wp-block-column-is-layout-flow\">\n<p>PDF - C\u00f3mo configurar el sistema de comunicaci\u00f3n entre el tel\u00e9fono m\u00f3vil y el SuperFlow - Espa\u00f1ol<\/p>\n<\/div>\n<\/div>\n\n\n\n<div class=\"wp-block-columns is-layout-flex wp-container-core-columns-is-layout-28f84493 wp-block-columns-is-layout-flex\">\n<div class=\"wp-block-column is-layout-flow wp-block-column-is-layout-flow\">\n<h4 class=\"wp-block-heading\"><a href=\"https:\/\/youtu.be\/alDjUi8o5ns\">Configuraci\u00f3n Hotspot<\/a><\/h4>\n<\/div>\n\n\n\n<div class=\"wp-block-column is-layout-flow wp-block-column-is-layout-flow\">\n<p>VIDEO - C\u00f3mo configurar el sistema de comunicaci\u00f3n entre el tel\u00e9fono m\u00f3vil y el SuperFlow - Espa\u00f1ol<\/p>\n<\/div>\n<\/div>\n\n\n\n<div class=\"wp-block-columns is-layout-flex wp-container-core-columns-is-layout-28f84493 wp-block-columns-is-layout-flex\">\n<div class=\"wp-block-column is-layout-flow wp-block-column-is-layout-flow\">\n<h4 class=\"wp-block-heading\"><a href=\"https:\/\/youtu.be\/lYrr_UJ-hbE\">Funcionamiento SuperFlow<\/a><\/h4>\n<\/div>\n\n\n\n<div class=\"wp-block-column is-layout-flow wp-block-column-is-layout-flow\">\n<p>VIDEO - En esta secci\u00f3n se explica c\u00f3mo ajustar y poner a punto el sistema una vez instalado, ya sea para la configuraci\u00f3n inicial o para su posterior optimizaci\u00f3n, sin que ello afecte a la configuraci\u00f3n o actualizaci\u00f3n del firmware. - Espa\u00f1ol<\/p>\n<\/div>\n<\/div>\n\n\n\n<div class=\"wp-block-columns is-layout-flex wp-container-core-columns-is-layout-28f84493 wp-block-columns-is-layout-flex\">\n<div class=\"wp-block-column is-layout-flow wp-block-column-is-layout-flow\">\n<h4 class=\"wp-block-heading\"><a href=\"https:\/\/youtu.be\/IIteN0Tjch8\">Funcionamiento de SuperFlow<\/a><\/h4>\n<\/div>\n\n\n\n<div class=\"wp-block-column is-layout-flow wp-block-column-is-layout-flow\">\n<p>VIDEO - Esta secci\u00f3n describe c\u00f3mo ajustar el sistema una vez instalado, ya sea durante la puesta en marcha o posteriormente, sin afectar a la configuraci\u00f3n del firmware ni a las actualizaciones. - Espa\u00f1ol<\/p>\n<\/div>\n<\/div>\n\n\n\n<div class=\"wp-block-columns is-layout-flex wp-container-core-columns-is-layout-28f84493 wp-block-columns-is-layout-flex\">\n<div class=\"wp-block-column is-layout-flow wp-block-column-is-layout-flow\">\n<h4 class=\"wp-block-heading\"><a href=\"https:\/\/youtu.be\/Iah3X1uVPtE\">C\u00f3mo actualizar SuperFlow<\/a><\/h4>\n<\/div>\n\n\n\n<div class=\"wp-block-column is-layout-flow wp-block-column-is-layout-flow\">\n<p>VIDEO - Esta secci\u00f3n explica el proceso de actualizaci\u00f3n y c\u00f3mo mantener tu sistema al d\u00eda con las \u00faltimas mejoras. - Espa\u00f1ol<\/p>\n<\/div>\n<\/div>\n\n\n\n<div class=\"wp-block-columns is-layout-flex wp-container-core-columns-is-layout-28f84493 wp-block-columns-is-layout-flex\">\n<div class=\"wp-block-column is-layout-flow wp-block-column-is-layout-flow\">\n<h4 class=\"wp-block-heading\"><a href=\"https:\/\/youtu.be\/oKAF3vfBdFU\">SuperFlow Updates<\/a><\/h4>\n<\/div>\n\n\n\n<div class=\"wp-block-column is-layout-flow wp-block-column-is-layout-flow\">\n<p>VIDEO - Esta secci\u00f3n explica el proceso de actualizaci\u00f3n y c\u00f3mo mantener el sistema al d\u00eda con las \u00faltimas mejoras. - English<\/p>\n<\/div>\n<\/div>\n\n\n\n<div class=\"wp-block-columns is-layout-flex wp-container-core-columns-is-layout-28f84493 wp-block-columns-is-layout-flex\">\n<div class=\"wp-block-column is-layout-flow wp-block-column-is-layout-flow\">\n<h4 class=\"wp-block-heading\"><a href=\"https:\/\/youtu.be\/sAs5O90wXMw\">Esc\u00e1ner OBD2 integrado<\/a><\/h4>\n<\/div>\n\n\n\n<div class=\"wp-block-column is-layout-flow wp-block-column-is-layout-flow\">\n<p>VIDEO - Esta secci\u00f3n explica como utilizar el esc\u00e1ner OBD2 integrado y buscar y borrar errores DTC. - Espa\u00f1ol<\/p>\n<\/div>\n<\/div>\n\n\n\n<div class=\"wp-block-columns is-layout-flex wp-container-core-columns-is-layout-28f84493 wp-block-columns-is-layout-flex\">\n<div class=\"wp-block-column is-layout-flow wp-block-column-is-layout-flow\"><\/div>\n\n\n\n<div class=\"wp-block-column is-layout-flow wp-block-column-is-layout-flow\"><\/div>\n<\/div>\n\n\n\n<p><strong>Puedes ver todos los v\u00eddeos de ayuda en nuestro canal de youtube: <a href=\"https:\/\/www.youtube.com\/@Superflow-Racing\">Superflow-Racing<\/a><\/strong><\/p>\n\n\n\n<p><\/p>","protected":false},"excerpt":{"rendered":"<p>Video Install Voge 900 dsx VIDEO &#8211; This video explains the physical installation process and the first startup, ensuring the device is ready for configuration and normal operation. &#8211; English Video Instalaci\u00f3n Voge 900 dsx VIDEO &#8211; This video explains the physical installation process and the first startup, ensuring the device is ready for configuration [&hellip;]<\/p>\n","protected":false},"author":1,"featured_media":0,"parent":0,"menu_order":0,"comment_status":"closed","ping_status":"closed","template":"","meta":{"_joinchat":[],"footnotes":""},"class_list":["post-1198","page","type-page","status-publish","hentry"],"yoast_head":"<!-- This site is optimized with the Yoast SEO plugin v27.4 - https:\/\/yoast.com\/product\/yoast-seo-wordpress\/ -->\n<title>SuperFlow Instructions - JC SuperFlow Racing<\/title>\n<meta name=\"robots\" content=\"index, follow, max-snippet:-1, max-image-preview:large, max-video-preview:-1\" \/>\n<link rel=\"canonical\" href=\"https:\/\/superflow-racing.com\/es\/superflow-instructions\/\" \/>\n<meta property=\"og:locale\" content=\"es_ES\" \/>\n<meta property=\"og:type\" content=\"article\" \/>\n<meta property=\"og:title\" content=\"SuperFlow Instructions - JC SuperFlow Racing\" \/>\n<meta property=\"og:description\" content=\"Video Install Voge 900 dsx VIDEO &#8211; This video explains the physical installation process and the first startup, ensuring the device is ready for configuration and normal operation. &#8211; English Video Instalaci\u00f3n Voge 900 dsx VIDEO &#8211; This video explains the physical installation process and the first startup, ensuring the device is ready for configuration [&hellip;]\" \/>\n<meta property=\"og:url\" content=\"https:\/\/superflow-racing.com\/es\/superflow-instructions\/\" \/>\n<meta property=\"og:site_name\" content=\"JC SuperFlow Racing\" \/>\n<meta property=\"article:modified_time\" content=\"2026-04-15T12:48:51+00:00\" \/>\n<meta name=\"twitter:card\" content=\"summary_large_image\" \/>\n<meta name=\"twitter:label1\" content=\"Tiempo de lectura\" \/>\n\t<meta name=\"twitter:data1\" content=\"3 minutos\" \/>\n<script type=\"application\/ld+json\" class=\"yoast-schema-graph\">{\"@context\":\"https:\\\/\\\/schema.org\",\"@graph\":[{\"@type\":\"WebPage\",\"@id\":\"https:\\\/\\\/superflow-racing.com\\\/superflow-instructions\\\/\",\"url\":\"https:\\\/\\\/superflow-racing.com\\\/superflow-instructions\\\/\",\"name\":\"SuperFlow Instructions - JC SuperFlow Racing\",\"isPartOf\":{\"@id\":\"https:\\\/\\\/superflow-racing.com\\\/#website\"},\"datePublished\":\"2025-12-17T12:41:05+00:00\",\"dateModified\":\"2026-04-15T12:48:51+00:00\",\"breadcrumb\":{\"@id\":\"https:\\\/\\\/superflow-racing.com\\\/superflow-instructions\\\/#breadcrumb\"},\"inLanguage\":\"es\",\"potentialAction\":[{\"@type\":\"ReadAction\",\"target\":[\"https:\\\/\\\/superflow-racing.com\\\/superflow-instructions\\\/\"]}]},{\"@type\":\"BreadcrumbList\",\"@id\":\"https:\\\/\\\/superflow-racing.com\\\/superflow-instructions\\\/#breadcrumb\",\"itemListElement\":[{\"@type\":\"ListItem\",\"position\":1,\"name\":\"Home\",\"item\":\"https:\\\/\\\/superflow-racing.com\\\/\"},{\"@type\":\"ListItem\",\"position\":2,\"name\":\"SuperFlow Instructions\"}]},{\"@type\":\"WebSite\",\"@id\":\"https:\\\/\\\/superflow-racing.com\\\/#website\",\"url\":\"https:\\\/\\\/superflow-racing.com\\\/\",\"name\":\"JC Superflow Racing\",\"description\":\"PowerFlow Voge Power &amp; Torque bike site\",\"publisher\":{\"@id\":\"https:\\\/\\\/superflow-racing.com\\\/#organization\"},\"potentialAction\":[{\"@type\":\"SearchAction\",\"target\":{\"@type\":\"EntryPoint\",\"urlTemplate\":\"https:\\\/\\\/superflow-racing.com\\\/?s={search_term_string}\"},\"query-input\":{\"@type\":\"PropertyValueSpecification\",\"valueRequired\":true,\"valueName\":\"search_term_string\"}}],\"inLanguage\":\"es\"},{\"@type\":\"Organization\",\"@id\":\"https:\\\/\\\/superflow-racing.com\\\/#organization\",\"name\":\"PowerFlow JCEndurance Parts\",\"url\":\"https:\\\/\\\/superflow-racing.com\\\/\",\"logo\":{\"@type\":\"ImageObject\",\"inLanguage\":\"es\",\"@id\":\"https:\\\/\\\/superflow-racing.com\\\/#\\\/schema\\\/logo\\\/image\\\/\",\"url\":\"https:\\\/\\\/superflow-racing.com\\\/wp-content\\\/uploads\\\/2025\\\/12\\\/logobn_p.webp\",\"contentUrl\":\"https:\\\/\\\/superflow-racing.com\\\/wp-content\\\/uploads\\\/2025\\\/12\\\/logobn_p.webp\",\"width\":400,\"height\":115,\"caption\":\"PowerFlow JCEndurance Parts\"},\"image\":{\"@id\":\"https:\\\/\\\/superflow-racing.com\\\/#\\\/schema\\\/logo\\\/image\\\/\"}}]}<\/script>\n<!-- \/ Yoast SEO plugin. -->","yoast_head_json":{"title":"SuperFlow Instructions - JC SuperFlow Racing","robots":{"index":"index","follow":"follow","max-snippet":"max-snippet:-1","max-image-preview":"max-image-preview:large","max-video-preview":"max-video-preview:-1"},"canonical":"https:\/\/superflow-racing.com\/es\/superflow-instructions\/","og_locale":"es_ES","og_type":"article","og_title":"SuperFlow Instructions - JC SuperFlow Racing","og_description":"Video Install Voge 900 dsx VIDEO &#8211; This video explains the physical installation process and the first startup, ensuring the device is ready for configuration and normal operation. &#8211; English Video Instalaci\u00f3n Voge 900 dsx VIDEO &#8211; This video explains the physical installation process and the first startup, ensuring the device is ready for configuration [&hellip;]","og_url":"https:\/\/superflow-racing.com\/es\/superflow-instructions\/","og_site_name":"JC SuperFlow Racing","article_modified_time":"2026-04-15T12:48:51+00:00","twitter_card":"summary_large_image","twitter_misc":{"Tiempo de lectura":"3 minutos"},"schema":{"@context":"https:\/\/schema.org","@graph":[{"@type":"WebPage","@id":"https:\/\/superflow-racing.com\/superflow-instructions\/","url":"https:\/\/superflow-racing.com\/superflow-instructions\/","name":"SuperFlow Instructions - JC SuperFlow Racing","isPartOf":{"@id":"https:\/\/superflow-racing.com\/#website"},"datePublished":"2025-12-17T12:41:05+00:00","dateModified":"2026-04-15T12:48:51+00:00","breadcrumb":{"@id":"https:\/\/superflow-racing.com\/superflow-instructions\/#breadcrumb"},"inLanguage":"es","potentialAction":[{"@type":"ReadAction","target":["https:\/\/superflow-racing.com\/superflow-instructions\/"]}]},{"@type":"BreadcrumbList","@id":"https:\/\/superflow-racing.com\/superflow-instructions\/#breadcrumb","itemListElement":[{"@type":"ListItem","position":1,"name":"Home","item":"https:\/\/superflow-racing.com\/"},{"@type":"ListItem","position":2,"name":"SuperFlow Instructions"}]},{"@type":"WebSite","@id":"https:\/\/superflow-racing.com\/#website","url":"https:\/\/superflow-racing.com\/","name":"JC Superflow Racing","description":"PowerFlow Voge Potencia y par en bicicleta","publisher":{"@id":"https:\/\/superflow-racing.com\/#organization"},"potentialAction":[{"@type":"SearchAction","target":{"@type":"EntryPoint","urlTemplate":"https:\/\/superflow-racing.com\/?s={search_term_string}"},"query-input":{"@type":"PropertyValueSpecification","valueRequired":true,"valueName":"search_term_string"}}],"inLanguage":"es"},{"@type":"Organization","@id":"https:\/\/superflow-racing.com\/#organization","name":"Piezas PowerFlow JCEndurance","url":"https:\/\/superflow-racing.com\/","logo":{"@type":"ImageObject","inLanguage":"es","@id":"https:\/\/superflow-racing.com\/#\/schema\/logo\/image\/","url":"https:\/\/superflow-racing.com\/wp-content\/uploads\/2025\/12\/logobn_p.webp","contentUrl":"https:\/\/superflow-racing.com\/wp-content\/uploads\/2025\/12\/logobn_p.webp","width":400,"height":115,"caption":"PowerFlow JCEndurance Parts"},"image":{"@id":"https:\/\/superflow-racing.com\/#\/schema\/logo\/image\/"}}]}},"_links":{"self":[{"href":"https:\/\/superflow-racing.com\/es\/wp-json\/wp\/v2\/pages\/1198","targetHints":{"allow":["GET"]}}],"collection":[{"href":"https:\/\/superflow-racing.com\/es\/wp-json\/wp\/v2\/pages"}],"about":[{"href":"https:\/\/superflow-racing.com\/es\/wp-json\/wp\/v2\/types\/page"}],"author":[{"embeddable":true,"href":"https:\/\/superflow-racing.com\/es\/wp-json\/wp\/v2\/users\/1"}],"replies":[{"embeddable":true,"href":"https:\/\/superflow-racing.com\/es\/wp-json\/wp\/v2\/comments?post=1198"}],"version-history":[{"count":17,"href":"https:\/\/superflow-racing.com\/es\/wp-json\/wp\/v2\/pages\/1198\/revisions"}],"predecessor-version":[{"id":2402,"href":"https:\/\/superflow-racing.com\/es\/wp-json\/wp\/v2\/pages\/1198\/revisions\/2402"}],"wp:attachment":[{"href":"https:\/\/superflow-racing.com\/es\/wp-json\/wp\/v2\/media?parent=1198"}],"curies":[{"name":"wp","href":"https:\/\/api.w.org\/{rel}","templated":true}]}}